{"id":1082,"date":"2025-07-25T09:14:33","date_gmt":"2025-07-25T09:14:33","guid":{"rendered":"https:\/\/innova.megavisionint.az\/?page_id=1082"},"modified":"2026-02-03T09:03:52","modified_gmt":"2026-02-03T09:03:52","slug":"partners","status":"publish","type":"page","link":"https:\/\/avisec.az\/az\/partners\/","title":{"rendered":"T\u0259r\u0259fda\u015flar"},"content":{"rendered":"\t\t<div data-elementor-type=\"wp-page\" data-elementor-id=\"1082\" class=\"elementor elementor-1082\" data-elementor-post-type=\"page\">\n\t\t\t\t<div class=\"elementor-element elementor-element-a1dd960 e-flex e-con-boxed e-con e-parent\" data-id=\"a1dd960\" data-element_type=\"container\" data-e-type=\"container\">\n\t\t\t\t\t<div class=\"e-con-inner\">\n\t\t<div class=\"elementor-element elementor-element-ce9994f e-con-full e-flex e-con e-child\" data-id=\"ce9994f\" data-element_type=\"container\" data-e-type=\"container\">\n\t\t\t\t<div class=\"elementor-element elementor-element-0c3207a elementor-widget__width-initial elementor-widget elementor-widget-text-editor\" data-id=\"0c3207a\" data-element_type=\"widget\" data-e-type=\"widget\" data-widget_type=\"text-editor.default\">\n\t\t\t\t\t\t\t\t\t<div class=\"wpb_text_column us_custom_20d7b8c7 hide_on_mobiles\"><div class=\"wpb_wrapper\"><div class=\"wpb_text_column us_custom_20d7b8c7 hide_on_mobiles\"><div class=\"wpb_wrapper\"><p>Information is one of the most important assets of any organization. It is valuable and must be protected properly. Security means integrating systems, operations, and internal controls to ensure the integrity and confidentiality of an organization\u2019s data and operational procedures.<\/p><\/div><\/div><\/div><\/div>\t\t\t\t\t\t\t\t<\/div>\n\t\t\t\t<div class=\"elementor-element elementor-element-145bd73 elementor-widget elementor-widget-heading\" data-id=\"145bd73\" data-element_type=\"widget\" data-e-type=\"widget\" data-widget_type=\"heading.default\">\n\t\t\t\t\t<h2 class=\"elementor-heading-title elementor-size-default\"><strong> Our <\/strong> Partners\n<\/h2>\t\t\t\t<\/div>\n\t\t\t\t<\/div>\n\t\t<div class=\"elementor-element elementor-element-886ef90 e-con-full e-flex e-con e-child\" data-id=\"886ef90\" data-element_type=\"container\" data-e-type=\"container\">\n\t\t\t\t<div class=\"elementor-element elementor-element-f71c2e1 elementor-widget elementor-widget-gallery\" data-id=\"f71c2e1\" data-element_type=\"widget\" data-e-type=\"widget\" data-settings=\"{&quot;columns_mobile&quot;:3,&quot;gap&quot;:{&quot;unit&quot;:&quot;px&quot;,&quot;size&quot;:65,&quot;sizes&quot;:[]},&quot;aspect_ratio&quot;:&quot;21:9&quot;,&quot;lazyload&quot;:&quot;yes&quot;,&quot;gallery_layout&quot;:&quot;grid&quot;,&quot;columns&quot;:4,&quot;columns_tablet&quot;:2,&quot;gap_tablet&quot;:{&quot;unit&quot;:&quot;px&quot;,&quot;size&quot;:10,&quot;sizes&quot;:[]},&quot;gap_mobile&quot;:{&quot;unit&quot;:&quot;px&quot;,&quot;size&quot;:10,&quot;sizes&quot;:[]},&quot;overlay_background&quot;:&quot;yes&quot;,&quot;content_hover_animation&quot;:&quot;fade-in&quot;}\" data-widget_type=\"gallery.default\">\n\t\t\t\t\t\t\t<div class=\"elementor-gallery__container\">\n\t\t\t\t\t\t\t<div class=\"e-gallery-item elementor-gallery-item elementor-animated-content\">\n\t\t\t\t\t<div class=\"e-gallery-image elementor-gallery-item__image\" data-thumbnail=\"https:\/\/avisec.az\/wp-content\/uploads\/2025\/11\/12-1024x576.png\" data-width=\"800\" data-height=\"450\" aria-label=\"\" role=\"img\" ><\/div>\n\t\t\t\t\t\t\t\t\t\t\t<div class=\"elementor-gallery-item__overlay\"><\/div>\n\t\t\t\t\t\t\t\t\t\t\t\t\t\t<\/div>\n\t\t\t\t\t\t\t<div class=\"e-gallery-item elementor-gallery-item elementor-animated-content\">\n\t\t\t\t\t<div class=\"e-gallery-image elementor-gallery-item__image\" data-thumbnail=\"https:\/\/avisec.az\/wp-content\/uploads\/2025\/11\/10-1024x576.png\" data-width=\"800\" data-height=\"450\" aria-label=\"\" role=\"img\" ><\/div>\n\t\t\t\t\t\t\t\t\t\t\t<div class=\"elementor-gallery-item__overlay\"><\/div>\n\t\t\t\t\t\t\t\t\t\t\t\t\t\t<\/div>\n\t\t\t\t\t\t\t<div class=\"e-gallery-item elementor-gallery-item elementor-animated-content\">\n\t\t\t\t\t<div class=\"e-gallery-image elementor-gallery-item__image\" data-thumbnail=\"https:\/\/avisec.az\/wp-content\/uploads\/2025\/11\/9-1024x576.png\" data-width=\"800\" data-height=\"450\" aria-label=\"\" role=\"img\" ><\/div>\n\t\t\t\t\t\t\t\t\t\t\t<div class=\"elementor-gallery-item__overlay\"><\/div>\n\t\t\t\t\t\t\t\t\t\t\t\t\t\t<\/div>\n\t\t\t\t\t\t\t<div class=\"e-gallery-item elementor-gallery-item elementor-animated-content\">\n\t\t\t\t\t<div class=\"e-gallery-image elementor-gallery-item__image\" data-thumbnail=\"https:\/\/avisec.az\/wp-content\/uploads\/2025\/11\/8-1024x576.png\" data-width=\"800\" data-height=\"450\" aria-label=\"\" role=\"img\" ><\/div>\n\t\t\t\t\t\t\t\t\t\t\t<div class=\"elementor-gallery-item__overlay\"><\/div>\n\t\t\t\t\t\t\t\t\t\t\t\t\t\t<\/div>\n\t\t\t\t\t\t\t<div class=\"e-gallery-item elementor-gallery-item elementor-animated-content\">\n\t\t\t\t\t<div class=\"e-gallery-image elementor-gallery-item__image\" data-thumbnail=\"https:\/\/avisec.az\/wp-content\/uploads\/2025\/11\/14-1024x576.png\" data-width=\"800\" data-height=\"450\" aria-label=\"\" role=\"img\" ><\/div>\n\t\t\t\t\t\t\t\t\t\t\t<div class=\"elementor-gallery-item__overlay\"><\/div>\n\t\t\t\t\t\t\t\t\t\t\t\t\t\t<\/div>\n\t\t\t\t\t\t\t<div class=\"e-gallery-item elementor-gallery-item elementor-animated-content\">\n\t\t\t\t\t<div class=\"e-gallery-image elementor-gallery-item__image\" data-thumbnail=\"https:\/\/avisec.az\/wp-content\/uploads\/2025\/11\/3-1024x576.png\" data-width=\"800\" data-height=\"450\" aria-label=\"\" role=\"img\" ><\/div>\n\t\t\t\t\t\t\t\t\t\t\t<div class=\"elementor-gallery-item__overlay\"><\/div>\n\t\t\t\t\t\t\t\t\t\t\t\t\t\t<\/div>\n\t\t\t\t\t\t\t<div class=\"e-gallery-item elementor-gallery-item elementor-animated-content\">\n\t\t\t\t\t<div class=\"e-gallery-image elementor-gallery-item__image\" data-thumbnail=\"https:\/\/avisec.az\/wp-content\/uploads\/2025\/11\/4-1024x576.png\" data-width=\"800\" data-height=\"450\" aria-label=\"\" role=\"img\" ><\/div>\n\t\t\t\t\t\t\t\t\t\t\t<div class=\"elementor-gallery-item__overlay\"><\/div>\n\t\t\t\t\t\t\t\t\t\t\t\t\t\t<\/div>\n\t\t\t\t\t\t\t<div class=\"e-gallery-item elementor-gallery-item elementor-animated-content\">\n\t\t\t\t\t<div class=\"e-gallery-image elementor-gallery-item__image\" data-thumbnail=\"https:\/\/avisec.az\/wp-content\/uploads\/2025\/11\/6-1024x576.png\" data-width=\"800\" data-height=\"450\" aria-label=\"\" role=\"img\" ><\/div>\n\t\t\t\t\t\t\t\t\t\t\t<div class=\"elementor-gallery-item__overlay\"><\/div>\n\t\t\t\t\t\t\t\t\t\t\t\t\t\t<\/div>\n\t\t\t\t\t\t\t<div class=\"e-gallery-item elementor-gallery-item elementor-animated-content\">\n\t\t\t\t\t<div class=\"e-gallery-image elementor-gallery-item__image\" data-thumbnail=\"https:\/\/avisec.az\/wp-content\/uploads\/2025\/11\/7-1024x576.png\" data-width=\"800\" data-height=\"450\" aria-label=\"\" role=\"img\" ><\/div>\n\t\t\t\t\t\t\t\t\t\t\t<div class=\"elementor-gallery-item__overlay\"><\/div>\n\t\t\t\t\t\t\t\t\t\t\t\t\t\t<\/div>\n\t\t\t\t\t\t\t<div class=\"e-gallery-item elementor-gallery-item elementor-animated-content\">\n\t\t\t\t\t<div class=\"e-gallery-image elementor-gallery-item__image\" data-thumbnail=\"https:\/\/avisec.az\/wp-content\/uploads\/2026\/02\/Untitled-design-7-1024x576.png\" data-width=\"800\" data-height=\"450\" aria-label=\"\" role=\"img\" ><\/div>\n\t\t\t\t\t\t\t\t\t\t\t<div class=\"elementor-gallery-item__overlay\"><\/div>\n\t\t\t\t\t\t\t\t\t\t\t\t\t\t<\/div>\n\t\t\t\t\t\t\t<div class=\"e-gallery-item elementor-gallery-item elementor-animated-content\">\n\t\t\t\t\t<div class=\"e-gallery-image elementor-gallery-item__image\" data-thumbnail=\"https:\/\/avisec.az\/wp-content\/uploads\/2026\/02\/Untitled-design-10-1024x576.png\" data-width=\"800\" data-height=\"450\" aria-label=\"\" role=\"img\" ><\/div>\n\t\t\t\t\t\t\t\t\t\t\t<div class=\"elementor-gallery-item__overlay\"><\/div>\n\t\t\t\t\t\t\t\t\t\t\t\t\t\t<\/div>\n\t\t\t\t\t\t\t<div class=\"e-gallery-item elementor-gallery-item elementor-animated-content\">\n\t\t\t\t\t<div class=\"e-gallery-image elementor-gallery-item__image\" data-thumbnail=\"https:\/\/avisec.az\/wp-content\/uploads\/2026\/02\/Untitled-design-9-1024x576.png\" data-width=\"800\" data-height=\"450\" aria-label=\"\" role=\"img\" ><\/div>\n\t\t\t\t\t\t\t\t\t\t\t<div class=\"elementor-gallery-item__overlay\"><\/div>\n\t\t\t\t\t\t\t\t\t\t\t\t\t\t<\/div>\n\t\t\t\t\t\t\t<div class=\"e-gallery-item elementor-gallery-item elementor-animated-content\">\n\t\t\t\t\t<div class=\"e-gallery-image elementor-gallery-item__image\" data-thumbnail=\"https:\/\/avisec.az\/wp-content\/uploads\/2026\/02\/Untitled-design-8-1024x576.png\" data-width=\"800\" data-height=\"450\" aria-label=\"\" role=\"img\" ><\/div>\n\t\t\t\t\t\t\t\t\t\t\t<div class=\"elementor-gallery-item__overlay\"><\/div>\n\t\t\t\t\t\t\t\t\t\t\t\t\t\t<\/div>\n\t\t\t\t\t<\/div>\n\t\t\t\t\t<\/div>\n\t\t\t\t<\/div>\n\t\t\t\t\t<\/div>\n\t\t\t\t<\/div>\n\t\t<div class=\"elementor-element elementor-element-c8ff079 e-flex e-con-boxed e-con e-parent\" data-id=\"c8ff079\" data-element_type=\"container\" data-e-type=\"container\" data-settings=\"{&quot;background_motion_fx_translateY_effect&quot;:&quot;yes&quot;,&quot;background_motion_fx_translateY_speed&quot;:{&quot;unit&quot;:&quot;px&quot;,&quot;size&quot;:5.5,&quot;sizes&quot;:[]},&quot;background_motion_fx_devices&quot;:[&quot;desktop&quot;,&quot;tablet&quot;],&quot;background_motion_fx_translateY_affectedRange&quot;:{&quot;unit&quot;:&quot;%&quot;,&quot;size&quot;:&quot;&quot;,&quot;sizes&quot;:{&quot;start&quot;:0,&quot;end&quot;:100}}}\">\n\t\t\t\t\t<div class=\"e-con-inner\">\n\t\t<div class=\"elementor-element elementor-element-5739864 e-con-full e-flex e-con e-child\" data-id=\"5739864\" data-element_type=\"container\" data-e-type=\"container\" data-settings=\"{&quot;background_background&quot;:&quot;classic&quot;}\">\n\t\t\t\t<div class=\"elementor-element elementor-element-ec4050e elementor-widget__width-initial elementor-widget elementor-widget-image\" data-id=\"ec4050e\" data-element_type=\"widget\" data-e-type=\"widget\" data-widget_type=\"image.default\">\n\t\t\t\t\t\t\t\t\t\t\t\t\t\t\t<img fetchpriority=\"high\" decoding=\"async\" width=\"800\" height=\"800\" src=\"https:\/\/avisec.az\/wp-content\/uploads\/2025\/11\/Master-Tools-Category-2-1024x1024.png\" class=\"attachment-large size-large wp-image-3066\" alt=\"AVISEC\" srcset=\"https:\/\/avisec.az\/wp-content\/uploads\/2025\/11\/Master-Tools-Category-2-1024x1024.png 1024w, https:\/\/avisec.az\/wp-content\/uploads\/2025\/11\/Master-Tools-Category-2-300x300.png 300w, https:\/\/avisec.az\/wp-content\/uploads\/2025\/11\/Master-Tools-Category-2-150x150.png 150w, https:\/\/avisec.az\/wp-content\/uploads\/2025\/11\/Master-Tools-Category-2-768x768.png 768w, https:\/\/avisec.az\/wp-content\/uploads\/2025\/11\/Master-Tools-Category-2-12x12.png 12w, https:\/\/avisec.az\/wp-content\/uploads\/2025\/11\/Master-Tools-Category-2.png 1080w\" sizes=\"(max-width: 800px) 100vw, 800px\" \/>\t\t\t\t\t\t\t\t\t\t\t\t\t\t\t<\/div>\n\t\t\t\t<div class=\"elementor-element elementor-element-02d19d7 elementor-widget elementor-widget-heading\" data-id=\"02d19d7\" data-element_type=\"widget\" data-e-type=\"widget\" data-widget_type=\"heading.default\">\n\t\t\t\t\t<h2 class=\"elementor-heading-title elementor-size-default\">Professional Services\n<\/h2>\t\t\t\t<\/div>\n\t\t\t\t<\/div>\n\t\t<div class=\"elementor-element elementor-element-9b9ff6e e-con-full e-flex e-con e-child\" data-id=\"9b9ff6e\" data-element_type=\"container\" data-e-type=\"container\" data-settings=\"{&quot;background_background&quot;:&quot;classic&quot;}\">\n\t\t\t\t<div class=\"elementor-element elementor-element-5c33858 elementor-widget__width-initial elementor-widget elementor-widget-image\" data-id=\"5c33858\" data-element_type=\"widget\" data-e-type=\"widget\" data-widget_type=\"image.default\">\n\t\t\t\t\t\t\t\t\t\t\t\t\t\t\t<img decoding=\"async\" width=\"800\" height=\"800\" src=\"https:\/\/avisec.az\/wp-content\/uploads\/2025\/11\/M-1024x1024.png\" class=\"attachment-large size-large wp-image-3068\" alt=\"\" srcset=\"https:\/\/avisec.az\/wp-content\/uploads\/2025\/11\/M-1024x1024.png 1024w, https:\/\/avisec.az\/wp-content\/uploads\/2025\/11\/M-300x300.png 300w, https:\/\/avisec.az\/wp-content\/uploads\/2025\/11\/M-150x150.png 150w, https:\/\/avisec.az\/wp-content\/uploads\/2025\/11\/M-768x768.png 768w, https:\/\/avisec.az\/wp-content\/uploads\/2025\/11\/M-12x12.png 12w, https:\/\/avisec.az\/wp-content\/uploads\/2025\/11\/M.png 1080w\" sizes=\"(max-width: 800px) 100vw, 800px\" \/>\t\t\t\t\t\t\t\t\t\t\t\t\t\t\t<\/div>\n\t\t\t\t<div class=\"elementor-element elementor-element-a1aa26c elementor-widget elementor-widget-heading\" data-id=\"a1aa26c\" data-element_type=\"widget\" data-e-type=\"widget\" data-widget_type=\"heading.default\">\n\t\t\t\t\t<h2 class=\"elementor-heading-title elementor-size-default\">Confidentiality<\/h2>\t\t\t\t<\/div>\n\t\t\t\t<\/div>\n\t\t<div class=\"elementor-element elementor-element-71d8e51 e-con-full e-flex e-con e-child\" data-id=\"71d8e51\" data-element_type=\"container\" data-e-type=\"container\" data-settings=\"{&quot;background_background&quot;:&quot;classic&quot;}\">\n\t\t\t\t<div class=\"elementor-element elementor-element-2718c5e elementor-widget__width-initial elementor-widget elementor-widget-image\" data-id=\"2718c5e\" data-element_type=\"widget\" data-e-type=\"widget\" data-widget_type=\"image.default\">\n\t\t\t\t\t\t\t\t\t\t\t\t\t\t\t<img decoding=\"async\" width=\"800\" height=\"800\" src=\"https:\/\/avisec.az\/wp-content\/uploads\/2025\/11\/M-1-1024x1024.png\" class=\"attachment-large size-large wp-image-3069\" alt=\"\" srcset=\"https:\/\/avisec.az\/wp-content\/uploads\/2025\/11\/M-1-1024x1024.png 1024w, https:\/\/avisec.az\/wp-content\/uploads\/2025\/11\/M-1-300x300.png 300w, https:\/\/avisec.az\/wp-content\/uploads\/2025\/11\/M-1-150x150.png 150w, https:\/\/avisec.az\/wp-content\/uploads\/2025\/11\/M-1-768x768.png 768w, https:\/\/avisec.az\/wp-content\/uploads\/2025\/11\/M-1-12x12.png 12w, https:\/\/avisec.az\/wp-content\/uploads\/2025\/11\/M-1.png 1080w\" sizes=\"(max-width: 800px) 100vw, 800px\" \/>\t\t\t\t\t\t\t\t\t\t\t\t\t\t\t<\/div>\n\t\t\t\t<div class=\"elementor-element elementor-element-6789a26 elementor-widget elementor-widget-heading\" data-id=\"6789a26\" data-element_type=\"widget\" data-e-type=\"widget\" data-widget_type=\"heading.default\">\n\t\t\t\t\t<h2 class=\"elementor-heading-title elementor-size-default\">Innovative Approach<\/h2>\t\t\t\t<\/div>\n\t\t\t\t<\/div>\n\t\t<div class=\"elementor-element elementor-element-d9c5c33 e-con-full e-flex e-con e-child\" data-id=\"d9c5c33\" data-element_type=\"container\" data-e-type=\"container\" data-settings=\"{&quot;background_background&quot;:&quot;classic&quot;}\">\n\t\t\t\t<div class=\"elementor-element elementor-element-2e997b2 elementor-widget__width-initial elementor-widget elementor-widget-image\" data-id=\"2e997b2\" data-element_type=\"widget\" data-e-type=\"widget\" data-widget_type=\"image.default\">\n\t\t\t\t\t\t\t\t\t\t\t\t\t\t\t<img loading=\"lazy\" decoding=\"async\" width=\"800\" height=\"800\" src=\"https:\/\/avisec.az\/wp-content\/uploads\/2025\/11\/M-2-1024x1024.png\" class=\"attachment-large size-large wp-image-3070\" alt=\"\" srcset=\"https:\/\/avisec.az\/wp-content\/uploads\/2025\/11\/M-2-1024x1024.png 1024w, https:\/\/avisec.az\/wp-content\/uploads\/2025\/11\/M-2-300x300.png 300w, https:\/\/avisec.az\/wp-content\/uploads\/2025\/11\/M-2-150x150.png 150w, https:\/\/avisec.az\/wp-content\/uploads\/2025\/11\/M-2-768x768.png 768w, https:\/\/avisec.az\/wp-content\/uploads\/2025\/11\/M-2-12x12.png 12w, https:\/\/avisec.az\/wp-content\/uploads\/2025\/11\/M-2.png 1080w\" sizes=\"(max-width: 800px) 100vw, 800px\" \/>\t\t\t\t\t\t\t\t\t\t\t\t\t\t\t<\/div>\n\t\t\t\t<div class=\"elementor-element elementor-element-818c40e elementor-widget elementor-widget-heading\" data-id=\"818c40e\" data-element_type=\"widget\" data-e-type=\"widget\" data-widget_type=\"heading.default\">\n\t\t\t\t\t<h2 class=\"elementor-heading-title elementor-size-default\">Personalized Solution<\/h2>\t\t\t\t<\/div>\n\t\t\t\t<\/div>\n\t\t\t\t\t<\/div>\n\t\t\t\t<\/div>\n\t\t\t\t<\/div>\n\t\t","protected":false},"excerpt":{"rendered":"<p>Information is one of the most important assets of any organization. It is valuable and must be protected properly. Security means integrating systems, operations, and internal controls to ensure the integrity and confidentiality of an organization\u2019s data and operational procedures. Our Partners Professional Services Confidentiality Innovative Approach Personalized Solution<\/p>","protected":false},"author":1,"featured_media":0,"parent":0,"menu_order":0,"comment_status":"closed","ping_status":"closed","template":"","meta":{"footnotes":""},"class_list":["post-1082","page","type-page","status-publish","hentry"],"yoast_head":"<!-- This site is optimized with the Yoast SEO plugin v27.4 - https:\/\/yoast.com\/product\/yoast-seo-wordpress\/ -->\n<title>Partners - Texnologiya H\u0259ll\u0259ri<\/title>\n<meta name=\"description\" content=\"AVISEC biznes v\u0259 s\u0259naye obyektl\u0259ri \u00fc\u00e7\u00fcn video m\u00fc\u015fahid\u0259, giri\u015f idar\u0259etm\u0259 v\u0259 t\u0259hl\u00fck\u0259sizlik sisteml\u0259rinin layih\u0259l\u0259ndirilm\u0259si v\u0259 t\u0259tbiqi xidm\u0259tl\u0259rini t\u0259qdim edir.\" \/>\n<meta name=\"robots\" content=\"index, follow, max-snippet:-1, max-image-preview:large, max-video-preview:-1\" \/>\n<link rel=\"canonical\" href=\"https:\/\/avisec.az\/az\/partners\/\" \/>\n<meta property=\"og:locale\" content=\"az_AZ\" \/>\n<meta property=\"og:type\" content=\"article\" \/>\n<meta property=\"og:title\" content=\"Partners - Texnologiya H\u0259ll\u0259ri\" \/>\n<meta property=\"og:description\" content=\"AVISEC biznes v\u0259 s\u0259naye obyektl\u0259ri \u00fc\u00e7\u00fcn video m\u00fc\u015fahid\u0259, giri\u015f idar\u0259etm\u0259 v\u0259 t\u0259hl\u00fck\u0259sizlik sisteml\u0259rinin layih\u0259l\u0259ndirilm\u0259si v\u0259 t\u0259tbiqi xidm\u0259tl\u0259rini t\u0259qdim edir.\" \/>\n<meta property=\"og:url\" content=\"https:\/\/avisec.az\/az\/partners\/\" \/>\n<meta property=\"og:site_name\" content=\"Texnologiya H\u0259ll\u0259ri\" \/>\n<meta property=\"article:modified_time\" content=\"2026-02-03T09:03:52+00:00\" \/>\n<meta property=\"og:image\" content=\"https:\/\/avisec.az\/wp-content\/uploads\/2025\/11\/Master-Tools-Category-2.png\" \/>\n\t<meta property=\"og:image:width\" content=\"1080\" \/>\n\t<meta property=\"og:image:height\" content=\"1080\" \/>\n\t<meta property=\"og:image:type\" content=\"image\/png\" \/>\n<meta name=\"twitter:card\" content=\"summary_large_image\" \/>\n<meta name=\"twitter:label1\" content=\"Est. reading time\" \/>\n\t<meta name=\"twitter:data1\" content=\"1 minute\" \/>\n<script type=\"application\/ld+json\" class=\"yoast-schema-graph\">{\"@context\":\"https:\\\/\\\/schema.org\",\"@graph\":[{\"@type\":\"WebPage\",\"@id\":\"https:\\\/\\\/avisec.az\\\/partners\\\/\",\"url\":\"https:\\\/\\\/avisec.az\\\/partners\\\/\",\"name\":\"Partners - Texnologiya H\u0259ll\u0259ri\",\"isPartOf\":{\"@id\":\"https:\\\/\\\/avisec.az\\\/#website\"},\"primaryImageOfPage\":{\"@id\":\"https:\\\/\\\/avisec.az\\\/partners\\\/#primaryimage\"},\"image\":{\"@id\":\"https:\\\/\\\/avisec.az\\\/partners\\\/#primaryimage\"},\"thumbnailUrl\":\"https:\\\/\\\/avisec.az\\\/wp-content\\\/uploads\\\/2025\\\/11\\\/Master-Tools-Category-2-1024x1024.png\",\"datePublished\":\"2025-07-25T09:14:33+00:00\",\"dateModified\":\"2026-02-03T09:03:52+00:00\",\"description\":\"AVISEC biznes v\u0259 s\u0259naye obyektl\u0259ri \u00fc\u00e7\u00fcn video m\u00fc\u015fahid\u0259, giri\u015f idar\u0259etm\u0259 v\u0259 t\u0259hl\u00fck\u0259sizlik sisteml\u0259rinin layih\u0259l\u0259ndirilm\u0259si v\u0259 t\u0259tbiqi xidm\u0259tl\u0259rini t\u0259qdim edir.\",\"breadcrumb\":{\"@id\":\"https:\\\/\\\/avisec.az\\\/partners\\\/#breadcrumb\"},\"inLanguage\":\"az\",\"potentialAction\":[{\"@type\":\"ReadAction\",\"target\":[\"https:\\\/\\\/avisec.az\\\/partners\\\/\"]}]},{\"@type\":\"ImageObject\",\"inLanguage\":\"az\",\"@id\":\"https:\\\/\\\/avisec.az\\\/partners\\\/#primaryimage\",\"url\":\"https:\\\/\\\/avisec.az\\\/wp-content\\\/uploads\\\/2025\\\/11\\\/Master-Tools-Category-2-1024x1024.png\",\"contentUrl\":\"https:\\\/\\\/avisec.az\\\/wp-content\\\/uploads\\\/2025\\\/11\\\/Master-Tools-Category-2-1024x1024.png\"},{\"@type\":\"BreadcrumbList\",\"@id\":\"https:\\\/\\\/avisec.az\\\/partners\\\/#breadcrumb\",\"itemListElement\":[{\"@type\":\"ListItem\",\"position\":1,\"name\":\"Home\",\"item\":\"https:\\\/\\\/avisec.az\\\/\"},{\"@type\":\"ListItem\",\"position\":2,\"name\":\"Partners\"}]},{\"@type\":\"WebSite\",\"@id\":\"https:\\\/\\\/avisec.az\\\/#website\",\"url\":\"https:\\\/\\\/avisec.az\\\/\",\"name\":\"Avisec Texnologiya H\u0259ll\u0259ri\",\"description\":\"\u0130nnovasiyalar\u0131n G\u00fccl\u0259ndirilm\u0259si, M\u00fcv\u0259ff\u0259qiyy\u0259tin T\u0259min Edilm\u0259si.\",\"publisher\":{\"@id\":\"https:\\\/\\\/avisec.az\\\/#organization\"},\"alternateName\":\"Avisec Texnologiya H\u0259ll\u0259ri\",\"potentialAction\":[{\"@type\":\"SearchAction\",\"target\":{\"@type\":\"EntryPoint\",\"urlTemplate\":\"https:\\\/\\\/avisec.az\\\/?s={search_term_string}\"},\"query-input\":{\"@type\":\"PropertyValueSpecification\",\"valueRequired\":true,\"valueName\":\"search_term_string\"}}],\"inLanguage\":\"az\"},{\"@type\":\"Organization\",\"@id\":\"https:\\\/\\\/avisec.az\\\/#organization\",\"name\":\"Avisec Texnologiya H\u0259ll\u0259ri\",\"alternateName\":\"Avisec Technology Solutions\",\"url\":\"https:\\\/\\\/avisec.az\\\/\",\"logo\":{\"@type\":\"ImageObject\",\"inLanguage\":\"az\",\"@id\":\"https:\\\/\\\/avisec.az\\\/#\\\/schema\\\/logo\\\/image\\\/\",\"url\":\"https:\\\/\\\/avisec.az\\\/wp-content\\\/uploads\\\/2025\\\/07\\\/Untitled15_20251022140103.webp\",\"contentUrl\":\"https:\\\/\\\/avisec.az\\\/wp-content\\\/uploads\\\/2025\\\/07\\\/Untitled15_20251022140103.webp\",\"width\":500,\"height\":200,\"caption\":\"Avisec Texnologiya H\u0259ll\u0259ri\"},\"image\":{\"@id\":\"https:\\\/\\\/avisec.az\\\/#\\\/schema\\\/logo\\\/image\\\/\"}}]}<\/script>\n<!-- \/ Yoast SEO plugin. -->","yoast_head_json":{"title":"Partners - Texnologiya H\u0259ll\u0259ri","description":"AVISEC biznes v\u0259 s\u0259naye obyektl\u0259ri \u00fc\u00e7\u00fcn video m\u00fc\u015fahid\u0259, giri\u015f idar\u0259etm\u0259 v\u0259 t\u0259hl\u00fck\u0259sizlik sisteml\u0259rinin layih\u0259l\u0259ndirilm\u0259si v\u0259 t\u0259tbiqi xidm\u0259tl\u0259rini t\u0259qdim edir.","robots":{"index":"index","follow":"follow","max-snippet":"max-snippet:-1","max-image-preview":"max-image-preview:large","max-video-preview":"max-video-preview:-1"},"canonical":"https:\/\/avisec.az\/az\/partners\/","og_locale":"az_AZ","og_type":"article","og_title":"Partners - Texnologiya H\u0259ll\u0259ri","og_description":"AVISEC biznes v\u0259 s\u0259naye obyektl\u0259ri \u00fc\u00e7\u00fcn video m\u00fc\u015fahid\u0259, giri\u015f idar\u0259etm\u0259 v\u0259 t\u0259hl\u00fck\u0259sizlik sisteml\u0259rinin layih\u0259l\u0259ndirilm\u0259si v\u0259 t\u0259tbiqi xidm\u0259tl\u0259rini t\u0259qdim edir.","og_url":"https:\/\/avisec.az\/az\/partners\/","og_site_name":"Texnologiya H\u0259ll\u0259ri","article_modified_time":"2026-02-03T09:03:52+00:00","og_image":[{"width":1080,"height":1080,"url":"https:\/\/avisec.az\/wp-content\/uploads\/2025\/11\/Master-Tools-Category-2.png","type":"image\/png"}],"twitter_card":"summary_large_image","twitter_misc":{"Est. reading time":"1 minute"},"schema":{"@context":"https:\/\/schema.org","@graph":[{"@type":"WebPage","@id":"https:\/\/avisec.az\/partners\/","url":"https:\/\/avisec.az\/partners\/","name":"Partners - Texnologiya H\u0259ll\u0259ri","isPartOf":{"@id":"https:\/\/avisec.az\/#website"},"primaryImageOfPage":{"@id":"https:\/\/avisec.az\/partners\/#primaryimage"},"image":{"@id":"https:\/\/avisec.az\/partners\/#primaryimage"},"thumbnailUrl":"https:\/\/avisec.az\/wp-content\/uploads\/2025\/11\/Master-Tools-Category-2-1024x1024.png","datePublished":"2025-07-25T09:14:33+00:00","dateModified":"2026-02-03T09:03:52+00:00","description":"AVISEC biznes v\u0259 s\u0259naye obyektl\u0259ri \u00fc\u00e7\u00fcn video m\u00fc\u015fahid\u0259, giri\u015f idar\u0259etm\u0259 v\u0259 t\u0259hl\u00fck\u0259sizlik sisteml\u0259rinin layih\u0259l\u0259ndirilm\u0259si v\u0259 t\u0259tbiqi xidm\u0259tl\u0259rini t\u0259qdim edir.","breadcrumb":{"@id":"https:\/\/avisec.az\/partners\/#breadcrumb"},"inLanguage":"az","potentialAction":[{"@type":"ReadAction","target":["https:\/\/avisec.az\/partners\/"]}]},{"@type":"ImageObject","inLanguage":"az","@id":"https:\/\/avisec.az\/partners\/#primaryimage","url":"https:\/\/avisec.az\/wp-content\/uploads\/2025\/11\/Master-Tools-Category-2-1024x1024.png","contentUrl":"https:\/\/avisec.az\/wp-content\/uploads\/2025\/11\/Master-Tools-Category-2-1024x1024.png"},{"@type":"BreadcrumbList","@id":"https:\/\/avisec.az\/partners\/#breadcrumb","itemListElement":[{"@type":"ListItem","position":1,"name":"Home","item":"https:\/\/avisec.az\/"},{"@type":"ListItem","position":2,"name":"Partners"}]},{"@type":"WebSite","@id":"https:\/\/avisec.az\/#website","url":"https:\/\/avisec.az\/","name":"Avisec Texnologiya H\u0259ll\u0259ri","description":"\u0130nnovasiyalar\u0131n G\u00fccl\u0259ndirilm\u0259si, M\u00fcv\u0259ff\u0259qiyy\u0259tin T\u0259min Edilm\u0259si.","publisher":{"@id":"https:\/\/avisec.az\/#organization"},"alternateName":"Avisec Texnologiya H\u0259ll\u0259ri","potentialAction":[{"@type":"SearchAction","target":{"@type":"EntryPoint","urlTemplate":"https:\/\/avisec.az\/?s={search_term_string}"},"query-input":{"@type":"PropertyValueSpecification","valueRequired":true,"valueName":"search_term_string"}}],"inLanguage":"az"},{"@type":"Organization","@id":"https:\/\/avisec.az\/#organization","name":"Avisec Texnologiya H\u0259ll\u0259ri","alternateName":"Avisec Technology Solutions","url":"https:\/\/avisec.az\/","logo":{"@type":"ImageObject","inLanguage":"az","@id":"https:\/\/avisec.az\/#\/schema\/logo\/image\/","url":"https:\/\/avisec.az\/wp-content\/uploads\/2025\/07\/Untitled15_20251022140103.webp","contentUrl":"https:\/\/avisec.az\/wp-content\/uploads\/2025\/07\/Untitled15_20251022140103.webp","width":500,"height":200,"caption":"Avisec Texnologiya H\u0259ll\u0259ri"},"image":{"@id":"https:\/\/avisec.az\/#\/schema\/logo\/image\/"}}]}},"_links":{"self":[{"href":"https:\/\/avisec.az\/az\/wp-json\/wp\/v2\/pages\/1082","targetHints":{"allow":["GET"]}}],"collection":[{"href":"https:\/\/avisec.az\/az\/wp-json\/wp\/v2\/pages"}],"about":[{"href":"https:\/\/avisec.az\/az\/wp-json\/wp\/v2\/types\/page"}],"author":[{"embeddable":true,"href":"https:\/\/avisec.az\/az\/wp-json\/wp\/v2\/users\/1"}],"replies":[{"embeddable":true,"href":"https:\/\/avisec.az\/az\/wp-json\/wp\/v2\/comments?post=1082"}],"version-history":[{"count":44,"href":"https:\/\/avisec.az\/az\/wp-json\/wp\/v2\/pages\/1082\/revisions"}],"predecessor-version":[{"id":3603,"href":"https:\/\/avisec.az\/az\/wp-json\/wp\/v2\/pages\/1082\/revisions\/3603"}],"wp:attachment":[{"href":"https:\/\/avisec.az\/az\/wp-json\/wp\/v2\/media?parent=1082"}],"curies":[{"name":"wp","href":"https:\/\/api.w.org\/{rel}","templated":true}]}}