{"id":2339,"date":"2025-08-25T07:51:09","date_gmt":"2025-08-25T07:51:09","guid":{"rendered":"https:\/\/innova.megavisionint.az\/?page_id=2339"},"modified":"2025-12-17T19:35:53","modified_gmt":"2025-12-17T19:35:53","slug":"privacy-policy","status":"publish","type":"page","link":"https:\/\/avisec.az\/az\/privacy-policy\/","title":{"rendered":"M\u0259xfilik Siyas\u0259ti"},"content":{"rendered":"<div data-elementor-type=\"wp-page\" data-elementor-id=\"2339\" class=\"elementor elementor-2339\" data-elementor-post-type=\"page\">\n\t\t\t\t<div class=\"elementor-element elementor-element-1d5d097 e-flex e-con-boxed e-con e-parent\" data-id=\"1d5d097\" data-element_type=\"container\" data-e-type=\"container\">\n\t\t\t\t\t<div class=\"e-con-inner\">\n\t\t<div class=\"elementor-element elementor-element-a83f977 e-con-full e-flex e-con e-child\" data-id=\"a83f977\" data-element_type=\"container\" data-e-type=\"container\">\n\t\t\t\t<div class=\"elementor-element elementor-element-14d574b elementor-widget elementor-widget-text-editor\" data-id=\"14d574b\" data-element_type=\"widget\" data-e-type=\"widget\" data-widget_type=\"text-editor.default\">\n\t\t\t\t\t\t\t\t\t<h2>M\u0259xfilik Siyas\u0259ti<\/h2><p>Bu M\u0259xfilik Siyas\u0259ti avisec.az vasit\u0259sil\u0259 toplanan m\u0259lumatlar\u0131n nec\u0259 istifad\u0259 edildiyini v\u0259 qorundu\u011funu izah edir. Saytdan istifad\u0259 etm\u0259kl\u0259 bu siyas\u0259tin \u015f\u0259rtl\u0259rini q\u0259bul etmi\u015f olursunuz.<\/p><h4>1. Toplanan M\u0259lumatlar<\/h4><p>Biz istifad\u0259\u00e7il\u0259rd\u0259n a\u015fa\u011f\u0131dak\u0131 m\u0259lumatlar\u0131 toplaya bil\u0259rik:<\/p><ul><li>Ad, soyad<\/li><li>Telefon n\u00f6mr\u0259si<\/li><li>E-po\u00e7t \u00fcnvan\u0131<\/li><li>\u015eirk\u0259t m\u0259lumatlar\u0131<\/li><li>Sor\u011fu v\u0259 m\u00fcraci\u0259t m\u0259tnl\u0259ri<\/li><li>Texniki m\u0259lumatlar (IP \u00fcnvan\u0131, brauzer tipi, istifad\u0259 olunan cihaz v\u0259 s.)<\/li><\/ul><h4>2. M\u0259lumatlar\u0131n Toplanma M\u0259qs\u0259di<\/h4><p>Toplanan m\u0259lumatlardan a\u015fa\u011f\u0131dak\u0131 m\u0259qs\u0259dl\u0259r \u00fc\u00e7\u00fcn istifad\u0259 edilir:<\/p><ul><li>Sor\u011fulara v\u0259 m\u00fcraci\u0259tl\u0259r\u0259 cavab verm\u0259k<\/li><li>Xidm\u0259tl\u0259rin g\u00f6st\u0259rilm\u0259si v\u0259 inki\u015faf etdirilm\u0259si<\/li><li>M\u00fc\u015ft\u0259ri d\u0259st\u0259yi<\/li><li>T\u0259hl\u00fck\u0259sizlik v\u0259 texniki diaqnostika<\/li><li>Analitika v\u0259 sayt performans\u0131n\u0131n t\u0259kmill\u0259\u015fdirilm\u0259si<\/li><\/ul><h4>3. M\u0259lumatlar\u0131n Payla\u015f\u0131lmas\u0131<\/h4><p>Sizin \u015f\u0259xsi m\u0259lumatlar\u0131n\u0131z:<\/p><ul><li>He\u00e7 bir kommersiya m\u0259qs\u0259di il\u0259 \u00fc\u00e7\u00fcnc\u00fc t\u0259r\u0259f\u0259 sat\u0131lm\u0131r<\/li><li>Yaln\u0131z xidm\u0259t g\u00f6st\u0259rm\u0259k \u00fc\u00e7\u00fcn z\u0259ruri oldu\u011fu halda t\u0259r\u0259fda\u015flarla payla\u015f\u0131l\u0131r<\/li><li>Qanunvericilik t\u0259l\u0259b etdikd\u0259 d\u00f6vl\u0259t orqanlar\u0131na t\u0259qdim oluna bil\u0259r<\/li><\/ul><h4>4. M\u0259lumatlar\u0131n M\u00fchafiz\u0259si<\/h4><p>Avisec MMC \u015f\u0259xsi m\u0259lumatlar\u0131n t\u0259hl\u00fck\u0259sizliyini t\u0259min etm\u0259k \u00fc\u00e7\u00fcn m\u00fcasir texniki v\u0259 idar\u0259etm\u0259 t\u0259dbirl\u0259ri t\u0259tbiq edir.<br \/>Bununla bel\u0259, internet \u00fcz\u0259rind\u0259n \u00f6t\u00fcr\u00fcl\u0259n m\u0259lumatlar\u0131n tam t\u0259hl\u00fck\u0259sizliyin\u0259 z\u0259man\u0259t veril\u0259 bilm\u0259z.<\/p><h4>5. Kukil\u0259r (Cookies)<\/h4><p>Sayt istifad\u0259 t\u0259cr\u00fcb\u0259sini yax\u015f\u0131la\u015fd\u0131rmaq \u00fc\u00e7\u00fcn kukil\u0259rd\u0259n istifad\u0259 ed\u0259 bil\u0259r.<br \/>\u0130stifad\u0259\u00e7i brauzer ayarlar\u0131ndan kukil\u0259rin idar\u0259 olunmas\u0131n\u0131 d\u0259yi\u015f\u0259 bil\u0259r.<\/p><h4>6. \u0130stifad\u0259\u00e7i H\u00fcquqlar\u0131<\/h4><p>\u0130stifad\u0259\u00e7il\u0259r a\u015fa\u011f\u0131dak\u0131 h\u00fcquqlara malikdir:<\/p><ul><li>\u00d6z m\u0259lumatlar\u0131na \u00e7\u0131x\u0131\u015f<\/li><li>M\u0259lumatlar\u0131n yenil\u0259nm\u0259si v\u0259 d\u00fcz\u0259ldilm\u0259si<\/li><li>M\u0259lumatlar\u0131n silinm\u0259si \u00fc\u00e7\u00fcn m\u00fcraci\u0259t etm\u0259k<\/li><li>M\u0259lumatlar\u0131n hans\u0131 m\u0259qs\u0259dl\u0259 istifad\u0259 olundu\u011fu bar\u0259d\u0259 m\u0259lumat almaq<\/li><\/ul><h4>7. \u018flaq\u0259<\/h4><p>M\u0259xfilik siyas\u0259ti il\u0259 ba\u011fl\u0131 suallar \u00fc\u00e7\u00fcn biziml\u0259 \u0259laq\u0259 saxlaya bil\u0259rsiniz:<br \/>46B Zaur Nudir\u0259liyev, Bak\u0131 1052<br \/>+994 12 599 98 99\u202c<br \/>\u2709\ufe0f info@avisec.az<\/p>\t\t\t\t\t\t\t\t<\/div>\n\t\t\t\t<\/div>\n\t\t\t\t\t<\/div>\n\t\t\t\t<\/div>\n\t\t\t\t<\/div>","protected":false},"excerpt":{"rendered":"<p>Privacy Policy This Privacy Policy explains how the information collected through avisec.az is used and protected. By using the website, you agree to the terms of this policy. 1. Information Collected We may collect the following information from users: Name and surname Phone number Email address Company details Inquiry and request messages Technical data (IP [&hellip;]<\/p>\n","protected":false},"author":1,"featured_media":0,"parent":0,"menu_order":0,"comment_status":"closed","ping_status":"closed","template":"elementor_header_footer","meta":{"footnotes":""},"class_list":["post-2339","page","type-page","status-publish","hentry"],"yoast_head":"<!-- This site is optimized with the Yoast SEO plugin v27.4 - https:\/\/yoast.com\/product\/yoast-seo-wordpress\/ -->\n<title>Privacy Policy - Texnologiya H\u0259ll\u0259ri<\/title>\n<meta name=\"description\" content=\"AVISEC biznes v\u0259 s\u0259naye obyektl\u0259ri \u00fc\u00e7\u00fcn video m\u00fc\u015fahid\u0259, giri\u015f idar\u0259etm\u0259 v\u0259 t\u0259hl\u00fck\u0259sizlik sisteml\u0259rinin layih\u0259l\u0259ndirilm\u0259si v\u0259 t\u0259tbiqi xidm\u0259tl\u0259rini t\u0259qdim edir.\" \/>\n<meta name=\"robots\" content=\"index, follow, max-snippet:-1, max-image-preview:large, max-video-preview:-1\" \/>\n<link rel=\"canonical\" href=\"https:\/\/avisec.az\/az\/privacy-policy\/\" \/>\n<meta property=\"og:locale\" content=\"az_AZ\" \/>\n<meta property=\"og:type\" content=\"article\" \/>\n<meta property=\"og:title\" content=\"Privacy Policy - Texnologiya H\u0259ll\u0259ri\" \/>\n<meta property=\"og:description\" content=\"AVISEC biznes v\u0259 s\u0259naye obyektl\u0259ri \u00fc\u00e7\u00fcn video m\u00fc\u015fahid\u0259, giri\u015f idar\u0259etm\u0259 v\u0259 t\u0259hl\u00fck\u0259sizlik sisteml\u0259rinin layih\u0259l\u0259ndirilm\u0259si v\u0259 t\u0259tbiqi xidm\u0259tl\u0259rini t\u0259qdim edir.\" \/>\n<meta property=\"og:url\" content=\"https:\/\/avisec.az\/az\/privacy-policy\/\" \/>\n<meta property=\"og:site_name\" content=\"Texnologiya H\u0259ll\u0259ri\" \/>\n<meta property=\"article:modified_time\" content=\"2025-12-17T19:35:53+00:00\" \/>\n<meta property=\"og:image\" content=\"https:\/\/avisec.az\/wp-content\/uploads\/2025\/11\/Untitled-design-79.png\" \/>\n\t<meta property=\"og:image:width\" content=\"1920\" \/>\n\t<meta property=\"og:image:height\" content=\"1080\" \/>\n\t<meta property=\"og:image:type\" content=\"image\/png\" \/>\n<meta name=\"twitter:card\" content=\"summary_large_image\" \/>\n<meta name=\"twitter:label1\" content=\"Est. reading time\" \/>\n\t<meta name=\"twitter:data1\" content=\"2 minutes\" \/>\n<script type=\"application\/ld+json\" class=\"yoast-schema-graph\">{\"@context\":\"https:\\\/\\\/schema.org\",\"@graph\":[{\"@type\":\"WebPage\",\"@id\":\"https:\\\/\\\/avisec.az\\\/privacy-policy\\\/\",\"url\":\"https:\\\/\\\/avisec.az\\\/privacy-policy\\\/\",\"name\":\"Privacy Policy - Texnologiya H\u0259ll\u0259ri\",\"isPartOf\":{\"@id\":\"https:\\\/\\\/avisec.az\\\/#website\"},\"datePublished\":\"2025-08-25T07:51:09+00:00\",\"dateModified\":\"2025-12-17T19:35:53+00:00\",\"description\":\"AVISEC biznes v\u0259 s\u0259naye obyektl\u0259ri \u00fc\u00e7\u00fcn video m\u00fc\u015fahid\u0259, giri\u015f idar\u0259etm\u0259 v\u0259 t\u0259hl\u00fck\u0259sizlik sisteml\u0259rinin layih\u0259l\u0259ndirilm\u0259si v\u0259 t\u0259tbiqi xidm\u0259tl\u0259rini t\u0259qdim edir.\",\"breadcrumb\":{\"@id\":\"https:\\\/\\\/avisec.az\\\/privacy-policy\\\/#breadcrumb\"},\"inLanguage\":\"az\",\"potentialAction\":[{\"@type\":\"ReadAction\",\"target\":[\"https:\\\/\\\/avisec.az\\\/privacy-policy\\\/\"]}]},{\"@type\":\"BreadcrumbList\",\"@id\":\"https:\\\/\\\/avisec.az\\\/privacy-policy\\\/#breadcrumb\",\"itemListElement\":[{\"@type\":\"ListItem\",\"position\":1,\"name\":\"Home\",\"item\":\"https:\\\/\\\/avisec.az\\\/\"},{\"@type\":\"ListItem\",\"position\":2,\"name\":\"Privacy Policy\"}]},{\"@type\":\"WebSite\",\"@id\":\"https:\\\/\\\/avisec.az\\\/#website\",\"url\":\"https:\\\/\\\/avisec.az\\\/\",\"name\":\"Avisec Texnologiya H\u0259ll\u0259ri\",\"description\":\"\u0130nnovasiyalar\u0131n G\u00fccl\u0259ndirilm\u0259si, M\u00fcv\u0259ff\u0259qiyy\u0259tin T\u0259min Edilm\u0259si.\",\"publisher\":{\"@id\":\"https:\\\/\\\/avisec.az\\\/#organization\"},\"alternateName\":\"Avisec Texnologiya H\u0259ll\u0259ri\",\"potentialAction\":[{\"@type\":\"SearchAction\",\"target\":{\"@type\":\"EntryPoint\",\"urlTemplate\":\"https:\\\/\\\/avisec.az\\\/?s={search_term_string}\"},\"query-input\":{\"@type\":\"PropertyValueSpecification\",\"valueRequired\":true,\"valueName\":\"search_term_string\"}}],\"inLanguage\":\"az\"},{\"@type\":\"Organization\",\"@id\":\"https:\\\/\\\/avisec.az\\\/#organization\",\"name\":\"Avisec Texnologiya H\u0259ll\u0259ri\",\"alternateName\":\"Avisec Technology Solutions\",\"url\":\"https:\\\/\\\/avisec.az\\\/\",\"logo\":{\"@type\":\"ImageObject\",\"inLanguage\":\"az\",\"@id\":\"https:\\\/\\\/avisec.az\\\/#\\\/schema\\\/logo\\\/image\\\/\",\"url\":\"https:\\\/\\\/avisec.az\\\/wp-content\\\/uploads\\\/2025\\\/07\\\/Untitled15_20251022140103.webp\",\"contentUrl\":\"https:\\\/\\\/avisec.az\\\/wp-content\\\/uploads\\\/2025\\\/07\\\/Untitled15_20251022140103.webp\",\"width\":500,\"height\":200,\"caption\":\"Avisec Texnologiya H\u0259ll\u0259ri\"},\"image\":{\"@id\":\"https:\\\/\\\/avisec.az\\\/#\\\/schema\\\/logo\\\/image\\\/\"}}]}<\/script>\n<!-- \/ Yoast SEO plugin. -->","yoast_head_json":{"title":"Privacy Policy - Texnologiya H\u0259ll\u0259ri","description":"AVISEC biznes v\u0259 s\u0259naye obyektl\u0259ri \u00fc\u00e7\u00fcn video m\u00fc\u015fahid\u0259, giri\u015f idar\u0259etm\u0259 v\u0259 t\u0259hl\u00fck\u0259sizlik sisteml\u0259rinin layih\u0259l\u0259ndirilm\u0259si v\u0259 t\u0259tbiqi xidm\u0259tl\u0259rini t\u0259qdim edir.","robots":{"index":"index","follow":"follow","max-snippet":"max-snippet:-1","max-image-preview":"max-image-preview:large","max-video-preview":"max-video-preview:-1"},"canonical":"https:\/\/avisec.az\/az\/privacy-policy\/","og_locale":"az_AZ","og_type":"article","og_title":"Privacy Policy - Texnologiya H\u0259ll\u0259ri","og_description":"AVISEC biznes v\u0259 s\u0259naye obyektl\u0259ri \u00fc\u00e7\u00fcn video m\u00fc\u015fahid\u0259, giri\u015f idar\u0259etm\u0259 v\u0259 t\u0259hl\u00fck\u0259sizlik sisteml\u0259rinin layih\u0259l\u0259ndirilm\u0259si v\u0259 t\u0259tbiqi xidm\u0259tl\u0259rini t\u0259qdim edir.","og_url":"https:\/\/avisec.az\/az\/privacy-policy\/","og_site_name":"Texnologiya H\u0259ll\u0259ri","article_modified_time":"2025-12-17T19:35:53+00:00","og_image":[{"width":1920,"height":1080,"url":"https:\/\/avisec.az\/wp-content\/uploads\/2025\/11\/Untitled-design-79.png","type":"image\/png"}],"twitter_card":"summary_large_image","twitter_misc":{"Est. reading time":"2 minutes"},"schema":{"@context":"https:\/\/schema.org","@graph":[{"@type":"WebPage","@id":"https:\/\/avisec.az\/privacy-policy\/","url":"https:\/\/avisec.az\/privacy-policy\/","name":"Privacy Policy - Texnologiya H\u0259ll\u0259ri","isPartOf":{"@id":"https:\/\/avisec.az\/#website"},"datePublished":"2025-08-25T07:51:09+00:00","dateModified":"2025-12-17T19:35:53+00:00","description":"AVISEC biznes v\u0259 s\u0259naye obyektl\u0259ri \u00fc\u00e7\u00fcn video m\u00fc\u015fahid\u0259, giri\u015f idar\u0259etm\u0259 v\u0259 t\u0259hl\u00fck\u0259sizlik sisteml\u0259rinin layih\u0259l\u0259ndirilm\u0259si v\u0259 t\u0259tbiqi xidm\u0259tl\u0259rini t\u0259qdim edir.","breadcrumb":{"@id":"https:\/\/avisec.az\/privacy-policy\/#breadcrumb"},"inLanguage":"az","potentialAction":[{"@type":"ReadAction","target":["https:\/\/avisec.az\/privacy-policy\/"]}]},{"@type":"BreadcrumbList","@id":"https:\/\/avisec.az\/privacy-policy\/#breadcrumb","itemListElement":[{"@type":"ListItem","position":1,"name":"Home","item":"https:\/\/avisec.az\/"},{"@type":"ListItem","position":2,"name":"Privacy Policy"}]},{"@type":"WebSite","@id":"https:\/\/avisec.az\/#website","url":"https:\/\/avisec.az\/","name":"Avisec Texnologiya H\u0259ll\u0259ri","description":"\u0130nnovasiyalar\u0131n G\u00fccl\u0259ndirilm\u0259si, M\u00fcv\u0259ff\u0259qiyy\u0259tin T\u0259min Edilm\u0259si.","publisher":{"@id":"https:\/\/avisec.az\/#organization"},"alternateName":"Avisec Texnologiya H\u0259ll\u0259ri","potentialAction":[{"@type":"SearchAction","target":{"@type":"EntryPoint","urlTemplate":"https:\/\/avisec.az\/?s={search_term_string}"},"query-input":{"@type":"PropertyValueSpecification","valueRequired":true,"valueName":"search_term_string"}}],"inLanguage":"az"},{"@type":"Organization","@id":"https:\/\/avisec.az\/#organization","name":"Avisec Texnologiya H\u0259ll\u0259ri","alternateName":"Avisec Technology Solutions","url":"https:\/\/avisec.az\/","logo":{"@type":"ImageObject","inLanguage":"az","@id":"https:\/\/avisec.az\/#\/schema\/logo\/image\/","url":"https:\/\/avisec.az\/wp-content\/uploads\/2025\/07\/Untitled15_20251022140103.webp","contentUrl":"https:\/\/avisec.az\/wp-content\/uploads\/2025\/07\/Untitled15_20251022140103.webp","width":500,"height":200,"caption":"Avisec Texnologiya H\u0259ll\u0259ri"},"image":{"@id":"https:\/\/avisec.az\/#\/schema\/logo\/image\/"}}]}},"_links":{"self":[{"href":"https:\/\/avisec.az\/az\/wp-json\/wp\/v2\/pages\/2339","targetHints":{"allow":["GET"]}}],"collection":[{"href":"https:\/\/avisec.az\/az\/wp-json\/wp\/v2\/pages"}],"about":[{"href":"https:\/\/avisec.az\/az\/wp-json\/wp\/v2\/types\/page"}],"author":[{"embeddable":true,"href":"https:\/\/avisec.az\/az\/wp-json\/wp\/v2\/users\/1"}],"replies":[{"embeddable":true,"href":"https:\/\/avisec.az\/az\/wp-json\/wp\/v2\/comments?post=2339"}],"version-history":[{"count":11,"href":"https:\/\/avisec.az\/az\/wp-json\/wp\/v2\/pages\/2339\/revisions"}],"predecessor-version":[{"id":3554,"href":"https:\/\/avisec.az\/az\/wp-json\/wp\/v2\/pages\/2339\/revisions\/3554"}],"wp:attachment":[{"href":"https:\/\/avisec.az\/az\/wp-json\/wp\/v2\/media?parent=2339"}],"curies":[{"name":"wp","href":"https:\/\/api.w.org\/{rel}","templated":true}]}}