{"id":2356,"date":"2025-09-02T09:11:28","date_gmt":"2025-09-02T09:11:28","guid":{"rendered":"https:\/\/innova.megavisionint.az\/?page_id=2356"},"modified":"2025-12-17T19:50:04","modified_gmt":"2025-12-17T19:50:04","slug":"terms-and-conditions","status":"publish","type":"page","link":"https:\/\/avisec.az\/az\/terms-and-conditions\/","title":{"rendered":"\u015e\u0259rtl\u0259r v\u0259 Qaydalar"},"content":{"rendered":"<div data-elementor-type=\"wp-page\" data-elementor-id=\"2356\" class=\"elementor elementor-2356\" data-elementor-post-type=\"page\">\n\t\t\t\t<div class=\"elementor-element elementor-element-a910e4b e-flex e-con-boxed e-con e-parent\" data-id=\"a910e4b\" data-element_type=\"container\" data-e-type=\"container\">\n\t\t\t\t\t<div class=\"e-con-inner\">\n\t\t<div class=\"elementor-element elementor-element-8061099 e-con-full e-flex e-con e-child\" data-id=\"8061099\" data-element_type=\"container\" data-e-type=\"container\">\n\t\t\t\t<div class=\"elementor-element elementor-element-c54d81d elementor-widget elementor-widget-text-editor\" data-id=\"c54d81d\" data-element_type=\"widget\" data-e-type=\"widget\" data-widget_type=\"text-editor.default\">\n\t\t\t\t\t\t\t\t\t<h2>\u015e\u0259rtl\u0259r v\u0259 Qaydalar<\/h2><p>Bu vebsaytdan (avisec.az) istifad\u0259 etm\u0259kl\u0259 a\u015fa\u011f\u0131dak\u0131 \u015f\u0259rtl\u0259ri q\u0259bul etmi\u015f olursunuz. Saytdan istifad\u0259 etm\u0259zd\u0259n \u0259vv\u0259l bu \u015f\u0259rtl\u0259ri diqq\u0259tl\u0259 oxuma\u011f\u0131n\u0131z\u0131 xahi\u015f edirik.<\/p><h4>1. \u00dcmumi M\u0259lumat<\/h4><p>Bu sayt Avisec MMC t\u0259r\u0259find\u0259n idar\u0259 olunur. Saytdan istifad\u0259 ed\u0259r\u0259k t\u0259qdim olunan b\u00fct\u00fcn m\u0259lumatlar\u0131n d\u00fczg\u00fcnl\u00fcy\u00fcn\u00fc, t\u0259hl\u00fck\u0259sizliyini v\u0259 m\u0259xfiliyini qoruma\u011fa \u00e7al\u0131\u015f\u0131r\u0131q.<\/p><h4>2. Saytdan \u0130stifad\u0259 Qaydalar\u0131<\/h4><ul><li>Saytda t\u0259qdim olunan b\u00fct\u00fcn m\u0259lumatlar yaln\u0131z \u00fcmumi m\u0259lumat xarakteri da\u015f\u0131y\u0131r.<\/li><li>\u0130stifad\u0259\u00e7i saytdan qanuna v\u0259 etik normalara uy\u011fun \u015f\u0259kild\u0259 istifad\u0259 etm\u0259lidir.<\/li><li>Sayt\u0131n t\u0259hl\u00fck\u0259sizliyin\u0259 m\u00fcdaxil\u0259 etm\u0259y\u0259, xidm\u0259tl\u0259rin i\u015fini pozma\u011fa v\u0259 ya dig\u0259r z\u0259r\u0259rli f\u0259aliyy\u0259tl\u0259r\u0259 yol verilmir.<\/li><\/ul><h4>3. Xidm\u0259tl\u0259r v\u0259 M\u0259hsullar<\/h4><p>Saytda t\u0259qdim olunan xidm\u0259t m\u0259lumatlar\u0131 x\u0259b\u0259rdarl\u0131q edilm\u0259d\u0259n yenil\u0259n\u0259 v\u0259 ya d\u0259yi\u015fdiril\u0259 bil\u0259r.<br \/>Avisec MMC g\u00f6st\u0259ril\u0259n xidm\u0259tl\u0259r \u00fczr\u0259 h\u0259r hans\u0131 z\u0259man\u0259t vermir, b\u00fct\u00fcn xidm\u0259tl\u0259r \u201coldu\u011fu kimi\u201d t\u0259klif olunur.<\/p><h4>4. M\u0259hdudiyy\u0259tl\u0259r<\/h4><p>A\u015fa\u011f\u0131da g\u00f6st\u0259ril\u0259n hallarda Avisec MMC m\u0259suliyy\u0259t da\u015f\u0131m\u0131r:<\/p><ul><li>\u0130stifad\u0259\u00e7inin yanl\u0131\u015f v\u0259 ya natamam m\u0259lumat daxil etm\u0259si;<\/li><li>Texniki nasazl\u0131qlar, internet ba\u011flant\u0131s\u0131 il\u0259 ba\u011fl\u0131 probleml\u0259r;<\/li><li>\u00dc\u00e7\u00fcnc\u00fc t\u0259r\u0259f sisteml\u0259rind\u0259n v\u0259 ya ke\u00e7idl\u0259rd\u0259n yaranan z\u0259r\u0259rl\u0259r.<\/li><\/ul><h4>5. \u018fqli M\u00fclkiyy\u0259t H\u00fcquqlar\u0131<\/h4><p>Saytda yerl\u0259\u015fdiril\u0259n m\u0259zmunlar (m\u0259tnl\u0259r, \u015f\u0259kill\u0259r, loqo v\u0259 s.) Avisec MMC-y\u0259 aiddir.<br \/>M\u0259zmunlar\u0131n icaz\u0259siz kopyalanmas\u0131, yay\u0131lmas\u0131 v\u0259 ya kommersiya m\u0259qs\u0259dli istifad\u0259si qada\u011fand\u0131r.<\/p><h4>6. Xarici Ke\u00e7idl\u0259r<\/h4><p>Saytdan \u00fc\u00e7\u00fcnc\u00fc t\u0259r\u0259f saytlar\u0131na ke\u00e7idl\u0259r ola bil\u0259r. Bu ke\u00e7idl\u0259rd\u0259n istifad\u0259 n\u0259tic\u0259sind\u0259 ba\u015f ver\u0259n h\u0259r hans\u0131 problem v\u0259 ya z\u0259r\u0259r\u0259 g\u00f6r\u0259 Avisec MMC m\u0259suliyy\u0259t da\u015f\u0131m\u0131r.<\/p><h4>7. M\u0259suliyy\u0259tin M\u0259hdudla\u015fd\u0131r\u0131lmas\u0131<\/h4><p>Avisec MMC saytdan istifad\u0259 n\u0259tic\u0259sind\u0259 yaranan birba\u015fa v\u0259 ya dolayl\u0131 z\u0259r\u0259rl\u0259r\u0259 g\u00f6r\u0259 m\u0259suliyy\u0259t da\u015f\u0131m\u0131r.<\/p><h4>8. \u018flaq\u0259<\/h4><p><strong>innova360tech.de<\/strong><br \/>46B Zaur Nudir\u0259liyev, Bak\u0131 1052<br \/>+994 12 599 98 99\u202c<br \/>\u2709\ufe0f info@avisec.az<\/p>\t\t\t\t\t\t\t\t<\/div>\n\t\t\t\t<\/div>\n\t\t\t\t\t<\/div>\n\t\t\t\t<\/div>\n\t\t\t\t<\/div>","protected":false},"excerpt":{"rendered":"<p>Terms and Conditions By using this website (avisec.az), you agree to the following terms. Please read these terms carefully before using the site. 1. General Information This website is operated by Avisec LLC. By using the site, we strive to protect the accuracy, security, and confidentiality of all information provided. 2. Website Usage Rules All [&hellip;]<\/p>\n","protected":false},"author":1,"featured_media":0,"parent":0,"menu_order":0,"comment_status":"closed","ping_status":"closed","template":"elementor_header_footer","meta":{"footnotes":""},"class_list":["post-2356","page","type-page","status-publish","hentry"],"yoast_head":"<!-- This site is optimized with the Yoast SEO plugin v27.4 - https:\/\/yoast.com\/product\/yoast-seo-wordpress\/ -->\n<title>Terms and Conditions - Texnologiya H\u0259ll\u0259ri<\/title>\n<meta name=\"description\" content=\"AVISEC biznes v\u0259 s\u0259naye obyektl\u0259ri \u00fc\u00e7\u00fcn video m\u00fc\u015fahid\u0259, giri\u015f idar\u0259etm\u0259 v\u0259 t\u0259hl\u00fck\u0259sizlik sisteml\u0259rinin layih\u0259l\u0259ndirilm\u0259si v\u0259 t\u0259tbiqi xidm\u0259tl\u0259rini t\u0259qdim edir.\" \/>\n<meta name=\"robots\" content=\"index, follow, max-snippet:-1, max-image-preview:large, max-video-preview:-1\" \/>\n<link rel=\"canonical\" href=\"https:\/\/avisec.az\/az\/terms-and-conditions\/\" \/>\n<meta property=\"og:locale\" content=\"az_AZ\" \/>\n<meta property=\"og:type\" content=\"article\" \/>\n<meta property=\"og:title\" content=\"Terms and Conditions - Texnologiya H\u0259ll\u0259ri\" \/>\n<meta property=\"og:description\" content=\"AVISEC biznes v\u0259 s\u0259naye obyektl\u0259ri \u00fc\u00e7\u00fcn video m\u00fc\u015fahid\u0259, giri\u015f idar\u0259etm\u0259 v\u0259 t\u0259hl\u00fck\u0259sizlik sisteml\u0259rinin layih\u0259l\u0259ndirilm\u0259si v\u0259 t\u0259tbiqi xidm\u0259tl\u0259rini t\u0259qdim edir.\" \/>\n<meta property=\"og:url\" content=\"https:\/\/avisec.az\/az\/terms-and-conditions\/\" \/>\n<meta property=\"og:site_name\" content=\"Texnologiya H\u0259ll\u0259ri\" \/>\n<meta property=\"article:modified_time\" content=\"2025-12-17T19:50:04+00:00\" \/>\n<meta property=\"og:image\" content=\"https:\/\/avisec.az\/wp-content\/uploads\/2025\/11\/Untitled-design-79.png\" \/>\n\t<meta property=\"og:image:width\" content=\"1920\" \/>\n\t<meta property=\"og:image:height\" content=\"1080\" \/>\n\t<meta property=\"og:image:type\" content=\"image\/png\" \/>\n<meta name=\"twitter:card\" content=\"summary_large_image\" \/>\n<meta name=\"twitter:label1\" content=\"Est. reading time\" \/>\n\t<meta name=\"twitter:data1\" content=\"2 minutes\" \/>\n<script type=\"application\/ld+json\" class=\"yoast-schema-graph\">{\"@context\":\"https:\\\/\\\/schema.org\",\"@graph\":[{\"@type\":\"WebPage\",\"@id\":\"https:\\\/\\\/avisec.az\\\/terms-and-conditions\\\/\",\"url\":\"https:\\\/\\\/avisec.az\\\/terms-and-conditions\\\/\",\"name\":\"Terms and Conditions - Texnologiya H\u0259ll\u0259ri\",\"isPartOf\":{\"@id\":\"https:\\\/\\\/avisec.az\\\/#website\"},\"datePublished\":\"2025-09-02T09:11:28+00:00\",\"dateModified\":\"2025-12-17T19:50:04+00:00\",\"description\":\"AVISEC biznes v\u0259 s\u0259naye obyektl\u0259ri \u00fc\u00e7\u00fcn video m\u00fc\u015fahid\u0259, giri\u015f idar\u0259etm\u0259 v\u0259 t\u0259hl\u00fck\u0259sizlik sisteml\u0259rinin layih\u0259l\u0259ndirilm\u0259si v\u0259 t\u0259tbiqi xidm\u0259tl\u0259rini t\u0259qdim edir.\",\"breadcrumb\":{\"@id\":\"https:\\\/\\\/avisec.az\\\/terms-and-conditions\\\/#breadcrumb\"},\"inLanguage\":\"az\",\"potentialAction\":[{\"@type\":\"ReadAction\",\"target\":[\"https:\\\/\\\/avisec.az\\\/terms-and-conditions\\\/\"]}]},{\"@type\":\"BreadcrumbList\",\"@id\":\"https:\\\/\\\/avisec.az\\\/terms-and-conditions\\\/#breadcrumb\",\"itemListElement\":[{\"@type\":\"ListItem\",\"position\":1,\"name\":\"Home\",\"item\":\"https:\\\/\\\/avisec.az\\\/\"},{\"@type\":\"ListItem\",\"position\":2,\"name\":\"Terms and Conditions\"}]},{\"@type\":\"WebSite\",\"@id\":\"https:\\\/\\\/avisec.az\\\/#website\",\"url\":\"https:\\\/\\\/avisec.az\\\/\",\"name\":\"Avisec Texnologiya H\u0259ll\u0259ri\",\"description\":\"\u0130nnovasiyalar\u0131n G\u00fccl\u0259ndirilm\u0259si, M\u00fcv\u0259ff\u0259qiyy\u0259tin T\u0259min Edilm\u0259si.\",\"publisher\":{\"@id\":\"https:\\\/\\\/avisec.az\\\/#organization\"},\"alternateName\":\"Avisec Texnologiya H\u0259ll\u0259ri\",\"potentialAction\":[{\"@type\":\"SearchAction\",\"target\":{\"@type\":\"EntryPoint\",\"urlTemplate\":\"https:\\\/\\\/avisec.az\\\/?s={search_term_string}\"},\"query-input\":{\"@type\":\"PropertyValueSpecification\",\"valueRequired\":true,\"valueName\":\"search_term_string\"}}],\"inLanguage\":\"az\"},{\"@type\":\"Organization\",\"@id\":\"https:\\\/\\\/avisec.az\\\/#organization\",\"name\":\"Avisec Texnologiya H\u0259ll\u0259ri\",\"alternateName\":\"Avisec Technology Solutions\",\"url\":\"https:\\\/\\\/avisec.az\\\/\",\"logo\":{\"@type\":\"ImageObject\",\"inLanguage\":\"az\",\"@id\":\"https:\\\/\\\/avisec.az\\\/#\\\/schema\\\/logo\\\/image\\\/\",\"url\":\"https:\\\/\\\/avisec.az\\\/wp-content\\\/uploads\\\/2025\\\/07\\\/Untitled15_20251022140103.webp\",\"contentUrl\":\"https:\\\/\\\/avisec.az\\\/wp-content\\\/uploads\\\/2025\\\/07\\\/Untitled15_20251022140103.webp\",\"width\":500,\"height\":200,\"caption\":\"Avisec Texnologiya H\u0259ll\u0259ri\"},\"image\":{\"@id\":\"https:\\\/\\\/avisec.az\\\/#\\\/schema\\\/logo\\\/image\\\/\"}}]}<\/script>\n<!-- \/ Yoast SEO plugin. -->","yoast_head_json":{"title":"Terms and Conditions - Texnologiya H\u0259ll\u0259ri","description":"AVISEC biznes v\u0259 s\u0259naye obyektl\u0259ri \u00fc\u00e7\u00fcn video m\u00fc\u015fahid\u0259, giri\u015f idar\u0259etm\u0259 v\u0259 t\u0259hl\u00fck\u0259sizlik sisteml\u0259rinin layih\u0259l\u0259ndirilm\u0259si v\u0259 t\u0259tbiqi xidm\u0259tl\u0259rini t\u0259qdim edir.","robots":{"index":"index","follow":"follow","max-snippet":"max-snippet:-1","max-image-preview":"max-image-preview:large","max-video-preview":"max-video-preview:-1"},"canonical":"https:\/\/avisec.az\/az\/terms-and-conditions\/","og_locale":"az_AZ","og_type":"article","og_title":"Terms and Conditions - Texnologiya H\u0259ll\u0259ri","og_description":"AVISEC biznes v\u0259 s\u0259naye obyektl\u0259ri \u00fc\u00e7\u00fcn video m\u00fc\u015fahid\u0259, giri\u015f idar\u0259etm\u0259 v\u0259 t\u0259hl\u00fck\u0259sizlik sisteml\u0259rinin layih\u0259l\u0259ndirilm\u0259si v\u0259 t\u0259tbiqi xidm\u0259tl\u0259rini t\u0259qdim edir.","og_url":"https:\/\/avisec.az\/az\/terms-and-conditions\/","og_site_name":"Texnologiya H\u0259ll\u0259ri","article_modified_time":"2025-12-17T19:50:04+00:00","og_image":[{"width":1920,"height":1080,"url":"https:\/\/avisec.az\/wp-content\/uploads\/2025\/11\/Untitled-design-79.png","type":"image\/png"}],"twitter_card":"summary_large_image","twitter_misc":{"Est. reading time":"2 minutes"},"schema":{"@context":"https:\/\/schema.org","@graph":[{"@type":"WebPage","@id":"https:\/\/avisec.az\/terms-and-conditions\/","url":"https:\/\/avisec.az\/terms-and-conditions\/","name":"Terms and Conditions - Texnologiya H\u0259ll\u0259ri","isPartOf":{"@id":"https:\/\/avisec.az\/#website"},"datePublished":"2025-09-02T09:11:28+00:00","dateModified":"2025-12-17T19:50:04+00:00","description":"AVISEC biznes v\u0259 s\u0259naye obyektl\u0259ri \u00fc\u00e7\u00fcn video m\u00fc\u015fahid\u0259, giri\u015f idar\u0259etm\u0259 v\u0259 t\u0259hl\u00fck\u0259sizlik sisteml\u0259rinin layih\u0259l\u0259ndirilm\u0259si v\u0259 t\u0259tbiqi xidm\u0259tl\u0259rini t\u0259qdim edir.","breadcrumb":{"@id":"https:\/\/avisec.az\/terms-and-conditions\/#breadcrumb"},"inLanguage":"az","potentialAction":[{"@type":"ReadAction","target":["https:\/\/avisec.az\/terms-and-conditions\/"]}]},{"@type":"BreadcrumbList","@id":"https:\/\/avisec.az\/terms-and-conditions\/#breadcrumb","itemListElement":[{"@type":"ListItem","position":1,"name":"Home","item":"https:\/\/avisec.az\/"},{"@type":"ListItem","position":2,"name":"Terms and Conditions"}]},{"@type":"WebSite","@id":"https:\/\/avisec.az\/#website","url":"https:\/\/avisec.az\/","name":"Avisec Texnologiya H\u0259ll\u0259ri","description":"\u0130nnovasiyalar\u0131n G\u00fccl\u0259ndirilm\u0259si, M\u00fcv\u0259ff\u0259qiyy\u0259tin T\u0259min Edilm\u0259si.","publisher":{"@id":"https:\/\/avisec.az\/#organization"},"alternateName":"Avisec Texnologiya H\u0259ll\u0259ri","potentialAction":[{"@type":"SearchAction","target":{"@type":"EntryPoint","urlTemplate":"https:\/\/avisec.az\/?s={search_term_string}"},"query-input":{"@type":"PropertyValueSpecification","valueRequired":true,"valueName":"search_term_string"}}],"inLanguage":"az"},{"@type":"Organization","@id":"https:\/\/avisec.az\/#organization","name":"Avisec Texnologiya H\u0259ll\u0259ri","alternateName":"Avisec Technology Solutions","url":"https:\/\/avisec.az\/","logo":{"@type":"ImageObject","inLanguage":"az","@id":"https:\/\/avisec.az\/#\/schema\/logo\/image\/","url":"https:\/\/avisec.az\/wp-content\/uploads\/2025\/07\/Untitled15_20251022140103.webp","contentUrl":"https:\/\/avisec.az\/wp-content\/uploads\/2025\/07\/Untitled15_20251022140103.webp","width":500,"height":200,"caption":"Avisec Texnologiya H\u0259ll\u0259ri"},"image":{"@id":"https:\/\/avisec.az\/#\/schema\/logo\/image\/"}}]}},"_links":{"self":[{"href":"https:\/\/avisec.az\/az\/wp-json\/wp\/v2\/pages\/2356","targetHints":{"allow":["GET"]}}],"collection":[{"href":"https:\/\/avisec.az\/az\/wp-json\/wp\/v2\/pages"}],"about":[{"href":"https:\/\/avisec.az\/az\/wp-json\/wp\/v2\/types\/page"}],"author":[{"embeddable":true,"href":"https:\/\/avisec.az\/az\/wp-json\/wp\/v2\/users\/1"}],"replies":[{"embeddable":true,"href":"https:\/\/avisec.az\/az\/wp-json\/wp\/v2\/comments?post=2356"}],"version-history":[{"count":11,"href":"https:\/\/avisec.az\/az\/wp-json\/wp\/v2\/pages\/2356\/revisions"}],"predecessor-version":[{"id":3559,"href":"https:\/\/avisec.az\/az\/wp-json\/wp\/v2\/pages\/2356\/revisions\/3559"}],"wp:attachment":[{"href":"https:\/\/avisec.az\/az\/wp-json\/wp\/v2\/media?parent=2356"}],"curies":[{"name":"wp","href":"https:\/\/api.w.org\/{rel}","templated":true}]}}