{"id":3342,"date":"2025-11-25T11:51:35","date_gmt":"2025-11-25T11:51:35","guid":{"rendered":"https:\/\/innova.megavisionint.az\/?page_id=3342"},"modified":"2025-11-26T07:36:58","modified_gmt":"2025-11-26T07:36:58","slug":"audio-v%c9%99-video-h%c9%99ll%c9%99ri","status":"publish","type":"page","link":"https:\/\/avisec.az\/az\/audio-v%c9%99-video-h%c9%99ll%c9%99ri\/","title":{"rendered":"Audio v\u0259 Video\u00a0H\u0259ll\u0259ri"},"content":{"rendered":"<div data-elementor-type=\"wp-page\" data-elementor-id=\"3342\" class=\"elementor elementor-3342\" data-elementor-post-type=\"page\">\n\t\t\t\t<div class=\"elementor-element elementor-element-749fcd4 e-flex e-con-boxed e-con e-parent\" data-id=\"749fcd4\" data-element_type=\"container\" data-e-type=\"container\">\n\t\t\t\t\t<div class=\"e-con-inner\">\n\t\t<div class=\"elementor-element elementor-element-c21253d e-con-full e-flex e-con e-child\" data-id=\"c21253d\" data-element_type=\"container\" data-e-type=\"container\" data-settings=\"{&quot;background_background&quot;:&quot;classic&quot;}\">\n\t\t\t\t<div class=\"elementor-element elementor-element-d90a832 elementor-widget elementor-widget-theme-post-title elementor-page-title elementor-widget-heading\" data-id=\"d90a832\" data-element_type=\"widget\" data-e-type=\"widget\" data-widget_type=\"theme-post-title.default\">\n\t\t\t\t\t<h1 class=\"elementor-heading-title elementor-size-default\">Audio v\u0259 Video\u00a0H\u0259ll\u0259ri<\/h1>\t\t\t\t<\/div>\n\t\t\t\t<\/div>\n\t\t\t\t\t<\/div>\n\t\t\t\t<\/div>\n\t\t<div class=\"elementor-element elementor-element-4e5c37e e-flex e-con-boxed e-con e-parent\" data-id=\"4e5c37e\" data-element_type=\"container\" data-e-type=\"container\">\n\t\t\t\t\t<div class=\"e-con-inner\">\n\t\t\t\t<div class=\"elementor-element elementor-element-ecbe489 elementor-widget elementor-widget-theme-post-excerpt\" data-id=\"ecbe489\" data-element_type=\"widget\" data-e-type=\"widget\" data-widget_type=\"theme-post-excerpt.default\">\n\t\t\t\t\tAVISEC MMC audio-video konfranslar \u00fc\u00e7\u00fcn h\u0259m aparat, h\u0259m d\u0259 proqram t\u0259minat\u0131n\u0131n qurulmas\u0131 \u00fc\u00e7\u00fcn tam xidm\u0259tl\u0259r spektrini t\u0259klif edir. Pe\u015f\u0259karlardan ibar\u0259t komandam\u0131z s\u0259m\u0259r\u0259li qar\u015f\u0131l\u0131ql\u0131 \u0259laq\u0259 v\u0259 m\u0259hsuldar konfranslar t\u0259min ed\u0259r\u0259k, kommunikasiya sisteminizin q\u00fcsursuz i\u015fl\u0259m\u0259sini t\u0259min edir.\t\t\t\t<\/div>\n\t\t\t\t\t<\/div>\n\t\t\t\t<\/div>\n\t\t<div class=\"elementor-element elementor-element-c8f0956 e-flex e-con-boxed e-con e-parent\" data-id=\"c8f0956\" data-element_type=\"container\" data-e-type=\"container\">\n\t\t\t\t\t<div class=\"e-con-inner\">\n\t\t<div class=\"elementor-element elementor-element-0571399 e-con-full e-flex e-con e-child\" data-id=\"0571399\" data-element_type=\"container\" data-e-type=\"container\">\n\t\t\t\t<div class=\"elementor-element elementor-element-727bc34 elementor-widget elementor-widget-heading\" data-id=\"727bc34\" data-element_type=\"widget\" data-e-type=\"widget\" data-widget_type=\"heading.default\">\n\t\t\t\t\t<h2 class=\"elementor-heading-title elementor-size-default\">\u0130clas Zallar\u0131 v\u0259 Otaqlar\u0131n H\u0259ll\u0259ri\n<\/h2>\t\t\t\t<\/div>\n\t\t\t\t<div class=\"elementor-element elementor-element-d11ffb6 elementor-widget elementor-widget-text-editor\" data-id=\"d11ffb6\" data-element_type=\"widget\" data-e-type=\"widget\" data-widget_type=\"text-editor.default\">\n\t\t\t\t\t\t\t\t\t<p>Audiovizual texnologiyalar, o c\u00fcml\u0259d\u0259n s\u0259s, video, i\u015f\u0131qland\u0131rma, displeyl\u0259r v\u0259 proyeksiya sisteml\u0259ri m\u00fcxt\u0259lif sektorlarda geni\u015f istifad\u0259 olunur: biznes, t\u0259hsil, s\u0259hiyy\u0259, h\u00f6kum\u0259t, p\u0259rak\u0259nd\u0259 sat\u0131\u015f, idman, \u0259yl\u0259nc\u0259 v\u0259 muzeyl\u0259r. Onlar konfranslar, t\u0259qdimatlar, auditoriyalar, komanda m\u0259rk\u0259zl\u0259ri, r\u0259q\u0259msal i\u015far\u0259l\u0259r v\u0259 virtual sinif otaqlar\u0131 \u00fc\u00e7\u00fcn istifad\u0259 olunur. AV inc\u0259s\u0259n\u0259t v\u0259 elmi birl\u0259\u015fdirir, f\u0259rdl\u0259r\u0259 v\u0259 \u015firk\u0259tl\u0259r\u0259 daha effektiv \u00fcnsiyy\u0259td\u0259 k\u00f6m\u0259k edir. AVISEC MMC i\u015ftirak\u00e7\u0131lara bir-birini g\u00f6rm\u0259k v\u0259 e\u015fitm\u0259k imkan\u0131 ver\u0259n interaktiv g\u00f6r\u00fc\u015fl\u0259r \u00fc\u00e7\u00fcn konfrans sisteml\u0259ri t\u0259klif edir. Pe\u015f\u0259kar komandam\u0131z qabaqc\u0131l video, audio, t\u0259hl\u00fck\u0259sizlik v\u0259 m\u0259lumat \u0259m\u0259kda\u015fl\u0131\u011f\u0131 texnologiyalar\u0131 il\u0259 inteqrasiya olunmu\u015f m\u00fchitl\u0259ri dizayn etm\u0259y\u0259, qura\u015fd\u0131rma\u011fa v\u0259 saxlama\u011fa haz\u0131rd\u0131r.<\/p>\t\t\t\t\t\t\t\t<\/div>\n\t\t\t\t<\/div>\n\t\t<div class=\"elementor-element elementor-element-df0f459 e-con-full e-flex e-con e-child\" data-id=\"df0f459\" data-element_type=\"container\" data-e-type=\"container\">\n\t\t\t\t<div class=\"elementor-element elementor-element-6a8611f elementor-widget elementor-widget-heading\" data-id=\"6a8611f\" data-element_type=\"widget\" data-e-type=\"widget\" data-widget_type=\"heading.default\">\n\t\t\t\t\t<h2 class=\"elementor-heading-title elementor-size-default\">\u00c7a\u011fr\u0131 M\u0259rk\u0259zi H\u0259ll\u0259ri<\/h2>\t\t\t\t<\/div>\n\t\t\t\t<div class=\"elementor-element elementor-element-b802b22 elementor-widget elementor-widget-text-editor\" data-id=\"b802b22\" data-element_type=\"widget\" data-e-type=\"widget\" data-widget_type=\"text-editor.default\">\n\t\t\t\t\t\t\t\t\t<p>\u00d6l\u00e7\u0259kl\u0259n\u0259n b\u00f6y\u00fcm\u0259 v\u0259 uy\u011funla\u015fma \u00fc\u00e7\u00fcn AVISEC MMC-nin h\u0259rt\u0259r\u0259fli m\u00fc\u015ft\u0259ri t\u0259cr\u00fcb\u0259si platformas\u0131n\u0131 se\u00e7in. \u00c7a\u011fr\u0131 m\u0259rk\u0259zinizd\u0259 v\u0259 onun h\u00fcdudlar\u0131ndan k\u0259narda \u00fcst\u00fcn xidm\u0259t g\u00f6st\u0259rm\u0259k \u00fc\u00e7\u00fcn m\u00fc\u015ft\u0259ri xidm\u0259ti proqramlar\u0131m\u0131z\u0131 se\u00e7in. Bizim \u0259laq\u0259 m\u0259rk\u0259zi proqram t\u0259minat\u0131m\u0131z m\u00fcxt\u0259lif xidm\u0259t kanallar\u0131n\u0131n, o c\u00fcml\u0259d\u0259n \u0259n\u0259n\u0259vi s\u0259s, veb \u00f6z\u00fcn\u0259xidm\u0259t, s\u00f6hb\u0259t, m\u0259tn v\u0259 sosial m\u00fc\u015ft\u0259ri xidm\u0259ti, h\u0259m\u00e7inin bek-ofis d\u0259st\u0259yi v\u0259 robotla\u015fd\u0131r\u0131lm\u0131\u015f prosesl\u0259rin avtomatla\u015fd\u0131r\u0131lmas\u0131n\u0131 asanla\u015fd\u0131r\u0131r. H\u0259rt\u0259r\u0259fli m\u00fc\u015ft\u0259ri m\u0259lumatlar\u0131na daxil olun, z\u0259ng m\u0259rk\u0259zinin performans\u0131 il\u0259 ba\u011fl\u0131 real vaxtda fikirl\u0259r \u0259ld\u0259 edin v\u0259 xidm\u0259t g\u00f6st\u0259rm\u0259nizi s\u0259yl\u0259 art\u0131r\u0131n.<\/p>\t\t\t\t\t\t\t\t<\/div>\n\t\t\t\t<\/div>\n\t\t<div class=\"elementor-element elementor-element-e86467a e-con-full e-flex e-con e-child\" data-id=\"e86467a\" data-element_type=\"container\" data-e-type=\"container\">\n\t\t\t\t<div class=\"elementor-element elementor-element-f8d04c8 elementor-widget elementor-widget-heading\" data-id=\"f8d04c8\" data-element_type=\"widget\" data-e-type=\"widget\" data-widget_type=\"heading.default\">\n\t\t\t\t\t<h2 class=\"elementor-heading-title elementor-size-default\">Vahid Rabit\u0259 H\u0259ll\u0259ri\n<\/h2>\t\t\t\t<\/div>\n\t\t\t\t<div class=\"elementor-element elementor-element-3972d47 elementor-widget elementor-widget-text-editor\" data-id=\"3972d47\" data-element_type=\"widget\" data-e-type=\"widget\" data-widget_type=\"text-editor.default\">\n\t\t\t\t\t\t\t\t\t<p>AVISEC MMC-nin Vahid Rabit\u0259 h\u0259ll\u0259ri b\u00fct\u00fcn kommunikasiya xidm\u0259tl\u0259rinizi (telefon z\u0259ngl\u0259ri, mesajla\u015fma, e-po\u00e7t, \u0130P telefoniya, konfrans, g\u00f6r\u00fc\u015fl\u0259r v\u0259 s.) bir interfeys\u0259, idar\u0259 panelin\u0259 v\u0259 ya portala uy\u011funla\u015fd\u0131r\u0131r v\u0259 d\u0259rhal v\u0259 \u00e7evik \u0259m\u0259kda\u015fl\u0131\u011f\u0131 t\u0259\u015fviq edir. Biznesinizin yerl\u0259\u015fdiyi yerd\u0259n v\u0259 ya i\u015f\u00e7il\u0259rin uzaqdan i\u015f qurmalar\u0131ndan as\u0131l\u0131 olmayaraq, h\u0259r k\u0259s vahid sistem daxilind\u0259 problemsiz i\u015fl\u0259yir. Bizim Vahid Rabit\u0259 h\u0259ll\u0259ri d\u0259stimiz ist\u0259nil\u0259n \u00f6l\u00e7\u00fcl\u00fc biznes\u0259 xidm\u0259t edir v\u0259 daha s\u0259m\u0259r\u0259li \u0259m\u0259kda\u015fl\u0131\u011f\u0131 asanla\u015fd\u0131r\u0131r. VoIP texnologiyas\u0131ndan istifad\u0259 ed\u0259r\u0259k, h\u0259ll\u0259rimiz kommunikasiya tap\u015f\u0131r\u0131qlar\u0131n\u0131 m\u00fck\u0259mm\u0259l \u015f\u0259kild\u0259 birl\u0259\u015fdirir. VoIP kommunikasiya platformalar\u0131m\u0131z vasit\u0259sil\u0259 BestComp Group biznes m\u00fchitinizd\u0259 VoIP telefoniya, ani mesajla\u015fma, video konfrans, mobillik, m\u00f6vcudluq v\u0259 \u0259m\u0259kda\u015fl\u0131q imkanlar\u0131n\u0131 birl\u0259\u015fdirir. Unified Communications h\u0259ll\u0259ri x\u0259rcl\u0259rin azald\u0131lmas\u0131, azald\u0131lm\u0131\u015f texniki xidm\u0259t, g\u00fccl\u0259ndirilmi\u015f t\u0259hl\u00fck\u0259sizlik v\u0259 sad\u0259l\u0259\u015fdirilmi\u015f \u0259m\u0259liyyatlar kimi \u00fcst\u00fcnl\u00fckl\u0259r t\u0259klif edir.<\/p>\t\t\t\t\t\t\t\t<\/div>\n\t\t\t\t<\/div>\n\t\t\t\t\t<\/div>\n\t\t\t\t<\/div>\n\t\t\t\t<\/div>","protected":false},"excerpt":{"rendered":"<p>AVISEC MMC audio-video konfranslar \u00fc\u00e7\u00fcn h\u0259m aparat, h\u0259m d\u0259 proqram t\u0259minat\u0131n\u0131n qurulmas\u0131 \u00fc\u00e7\u00fcn tam xidm\u0259tl\u0259r spektrini t\u0259klif edir. Pe\u015f\u0259karlardan ibar\u0259t komandam\u0131z s\u0259m\u0259r\u0259li qar\u015f\u0131l\u0131ql\u0131 \u0259laq\u0259 v\u0259 m\u0259hsuldar konfranslar t\u0259min ed\u0259r\u0259k, kommunikasiya sisteminizin q\u00fcsursuz i\u015fl\u0259m\u0259sini t\u0259min edir.<\/p>","protected":false},"author":1,"featured_media":3343,"parent":0,"menu_order":0,"comment_status":"closed","ping_status":"closed","template":"elementor_header_footer","meta":{"footnotes":""},"class_list":["post-3342","page","type-page","status-publish","has-post-thumbnail","hentry"],"yoast_head":"<!-- This site is optimized with the Yoast SEO plugin v27.4 - https:\/\/yoast.com\/product\/yoast-seo-wordpress\/ -->\n<title>Audio v\u0259 Video\u00a0H\u0259ll\u0259ri - Texnologiya H\u0259ll\u0259ri<\/title>\n<meta name=\"description\" content=\"AVISEC biznes v\u0259 s\u0259naye obyektl\u0259ri \u00fc\u00e7\u00fcn video m\u00fc\u015fahid\u0259, giri\u015f idar\u0259etm\u0259 v\u0259 t\u0259hl\u00fck\u0259sizlik sisteml\u0259rinin layih\u0259l\u0259ndirilm\u0259si v\u0259 t\u0259tbiqi xidm\u0259tl\u0259rini t\u0259qdim edir.\" \/>\n<meta name=\"robots\" content=\"index, follow, max-snippet:-1, max-image-preview:large, max-video-preview:-1\" \/>\n<link rel=\"canonical\" href=\"https:\/\/avisec.az\/az\/audio-v\u0259-video-h\u0259ll\u0259ri\/\" \/>\n<meta property=\"og:locale\" content=\"az_AZ\" \/>\n<meta property=\"og:type\" content=\"article\" \/>\n<meta property=\"og:title\" content=\"Audio v\u0259 Video\u00a0H\u0259ll\u0259ri - Texnologiya H\u0259ll\u0259ri\" \/>\n<meta property=\"og:description\" content=\"AVISEC biznes v\u0259 s\u0259naye obyektl\u0259ri \u00fc\u00e7\u00fcn video m\u00fc\u015fahid\u0259, giri\u015f idar\u0259etm\u0259 v\u0259 t\u0259hl\u00fck\u0259sizlik sisteml\u0259rinin layih\u0259l\u0259ndirilm\u0259si v\u0259 t\u0259tbiqi xidm\u0259tl\u0259rini t\u0259qdim edir.\" \/>\n<meta property=\"og:url\" content=\"https:\/\/avisec.az\/az\/audio-v\u0259-video-h\u0259ll\u0259ri\/\" \/>\n<meta property=\"og:site_name\" content=\"Texnologiya H\u0259ll\u0259ri\" \/>\n<meta property=\"article:modified_time\" content=\"2025-11-26T07:36:58+00:00\" \/>\n<meta property=\"og:image\" content=\"https:\/\/avisec.az\/wp-content\/uploads\/2025\/11\/close-up-illuminated-lighting-equipment-table.webp\" \/>\n\t<meta property=\"og:image:width\" content=\"1920\" \/>\n\t<meta property=\"og:image:height\" content=\"1277\" \/>\n\t<meta property=\"og:image:type\" content=\"image\/webp\" \/>\n<meta name=\"twitter:card\" content=\"summary_large_image\" \/>\n<meta name=\"twitter:label1\" content=\"Est. reading time\" \/>\n\t<meta name=\"twitter:data1\" content=\"2 minutes\" \/>\n<script type=\"application\/ld+json\" class=\"yoast-schema-graph\">{\"@context\":\"https:\\\/\\\/schema.org\",\"@graph\":[{\"@type\":\"WebPage\",\"@id\":\"https:\\\/\\\/avisec.az\\\/audio-v%c9%99-video-h%c9%99ll%c9%99ri\\\/\",\"url\":\"https:\\\/\\\/avisec.az\\\/audio-v%c9%99-video-h%c9%99ll%c9%99ri\\\/\",\"name\":\"Audio v\u0259 Video\u00a0H\u0259ll\u0259ri - Texnologiya H\u0259ll\u0259ri\",\"isPartOf\":{\"@id\":\"https:\\\/\\\/avisec.az\\\/#website\"},\"primaryImageOfPage\":{\"@id\":\"https:\\\/\\\/avisec.az\\\/audio-v%c9%99-video-h%c9%99ll%c9%99ri\\\/#primaryimage\"},\"image\":{\"@id\":\"https:\\\/\\\/avisec.az\\\/audio-v%c9%99-video-h%c9%99ll%c9%99ri\\\/#primaryimage\"},\"thumbnailUrl\":\"https:\\\/\\\/avisec.az\\\/wp-content\\\/uploads\\\/2025\\\/11\\\/close-up-illuminated-lighting-equipment-table.webp\",\"datePublished\":\"2025-11-25T11:51:35+00:00\",\"dateModified\":\"2025-11-26T07:36:58+00:00\",\"description\":\"AVISEC biznes v\u0259 s\u0259naye obyektl\u0259ri \u00fc\u00e7\u00fcn video m\u00fc\u015fahid\u0259, giri\u015f idar\u0259etm\u0259 v\u0259 t\u0259hl\u00fck\u0259sizlik sisteml\u0259rinin layih\u0259l\u0259ndirilm\u0259si v\u0259 t\u0259tbiqi xidm\u0259tl\u0259rini t\u0259qdim edir.\",\"breadcrumb\":{\"@id\":\"https:\\\/\\\/avisec.az\\\/audio-v%c9%99-video-h%c9%99ll%c9%99ri\\\/#breadcrumb\"},\"inLanguage\":\"az\",\"potentialAction\":[{\"@type\":\"ReadAction\",\"target\":[\"https:\\\/\\\/avisec.az\\\/audio-v%c9%99-video-h%c9%99ll%c9%99ri\\\/\"]}]},{\"@type\":\"ImageObject\",\"inLanguage\":\"az\",\"@id\":\"https:\\\/\\\/avisec.az\\\/audio-v%c9%99-video-h%c9%99ll%c9%99ri\\\/#primaryimage\",\"url\":\"https:\\\/\\\/avisec.az\\\/wp-content\\\/uploads\\\/2025\\\/11\\\/close-up-illuminated-lighting-equipment-table.webp\",\"contentUrl\":\"https:\\\/\\\/avisec.az\\\/wp-content\\\/uploads\\\/2025\\\/11\\\/close-up-illuminated-lighting-equipment-table.webp\",\"width\":1920,\"height\":1277},{\"@type\":\"BreadcrumbList\",\"@id\":\"https:\\\/\\\/avisec.az\\\/audio-v%c9%99-video-h%c9%99ll%c9%99ri\\\/#breadcrumb\",\"itemListElement\":[{\"@type\":\"ListItem\",\"position\":1,\"name\":\"Home\",\"item\":\"https:\\\/\\\/avisec.az\\\/\"},{\"@type\":\"ListItem\",\"position\":2,\"name\":\"Audio v\u0259 Video\u00a0H\u0259ll\u0259ri\"}]},{\"@type\":\"WebSite\",\"@id\":\"https:\\\/\\\/avisec.az\\\/#website\",\"url\":\"https:\\\/\\\/avisec.az\\\/\",\"name\":\"Avisec Texnologiya H\u0259ll\u0259ri\",\"description\":\"\u0130nnovasiyalar\u0131n G\u00fccl\u0259ndirilm\u0259si, M\u00fcv\u0259ff\u0259qiyy\u0259tin T\u0259min Edilm\u0259si.\",\"publisher\":{\"@id\":\"https:\\\/\\\/avisec.az\\\/#organization\"},\"alternateName\":\"Avisec Texnologiya H\u0259ll\u0259ri\",\"potentialAction\":[{\"@type\":\"SearchAction\",\"target\":{\"@type\":\"EntryPoint\",\"urlTemplate\":\"https:\\\/\\\/avisec.az\\\/?s={search_term_string}\"},\"query-input\":{\"@type\":\"PropertyValueSpecification\",\"valueRequired\":true,\"valueName\":\"search_term_string\"}}],\"inLanguage\":\"az\"},{\"@type\":\"Organization\",\"@id\":\"https:\\\/\\\/avisec.az\\\/#organization\",\"name\":\"Avisec Texnologiya H\u0259ll\u0259ri\",\"alternateName\":\"Avisec Technology Solutions\",\"url\":\"https:\\\/\\\/avisec.az\\\/\",\"logo\":{\"@type\":\"ImageObject\",\"inLanguage\":\"az\",\"@id\":\"https:\\\/\\\/avisec.az\\\/#\\\/schema\\\/logo\\\/image\\\/\",\"url\":\"https:\\\/\\\/avisec.az\\\/wp-content\\\/uploads\\\/2025\\\/07\\\/Untitled15_20251022140103.webp\",\"contentUrl\":\"https:\\\/\\\/avisec.az\\\/wp-content\\\/uploads\\\/2025\\\/07\\\/Untitled15_20251022140103.webp\",\"width\":500,\"height\":200,\"caption\":\"Avisec Texnologiya H\u0259ll\u0259ri\"},\"image\":{\"@id\":\"https:\\\/\\\/avisec.az\\\/#\\\/schema\\\/logo\\\/image\\\/\"}}]}<\/script>\n<!-- \/ Yoast SEO plugin. -->","yoast_head_json":{"title":"Audio v\u0259 Video\u00a0H\u0259ll\u0259ri - Texnologiya H\u0259ll\u0259ri","description":"AVISEC biznes v\u0259 s\u0259naye obyektl\u0259ri \u00fc\u00e7\u00fcn video m\u00fc\u015fahid\u0259, giri\u015f idar\u0259etm\u0259 v\u0259 t\u0259hl\u00fck\u0259sizlik sisteml\u0259rinin layih\u0259l\u0259ndirilm\u0259si v\u0259 t\u0259tbiqi xidm\u0259tl\u0259rini t\u0259qdim edir.","robots":{"index":"index","follow":"follow","max-snippet":"max-snippet:-1","max-image-preview":"max-image-preview:large","max-video-preview":"max-video-preview:-1"},"canonical":"https:\/\/avisec.az\/az\/audio-v\u0259-video-h\u0259ll\u0259ri\/","og_locale":"az_AZ","og_type":"article","og_title":"Audio v\u0259 Video\u00a0H\u0259ll\u0259ri - Texnologiya H\u0259ll\u0259ri","og_description":"AVISEC biznes v\u0259 s\u0259naye obyektl\u0259ri \u00fc\u00e7\u00fcn video m\u00fc\u015fahid\u0259, giri\u015f idar\u0259etm\u0259 v\u0259 t\u0259hl\u00fck\u0259sizlik sisteml\u0259rinin layih\u0259l\u0259ndirilm\u0259si v\u0259 t\u0259tbiqi xidm\u0259tl\u0259rini t\u0259qdim edir.","og_url":"https:\/\/avisec.az\/az\/audio-v\u0259-video-h\u0259ll\u0259ri\/","og_site_name":"Texnologiya H\u0259ll\u0259ri","article_modified_time":"2025-11-26T07:36:58+00:00","og_image":[{"width":1920,"height":1277,"url":"https:\/\/avisec.az\/wp-content\/uploads\/2025\/11\/close-up-illuminated-lighting-equipment-table.webp","type":"image\/webp"}],"twitter_card":"summary_large_image","twitter_misc":{"Est. reading time":"2 minutes"},"schema":{"@context":"https:\/\/schema.org","@graph":[{"@type":"WebPage","@id":"https:\/\/avisec.az\/audio-v%c9%99-video-h%c9%99ll%c9%99ri\/","url":"https:\/\/avisec.az\/audio-v%c9%99-video-h%c9%99ll%c9%99ri\/","name":"Audio v\u0259 Video\u00a0H\u0259ll\u0259ri - Texnologiya H\u0259ll\u0259ri","isPartOf":{"@id":"https:\/\/avisec.az\/#website"},"primaryImageOfPage":{"@id":"https:\/\/avisec.az\/audio-v%c9%99-video-h%c9%99ll%c9%99ri\/#primaryimage"},"image":{"@id":"https:\/\/avisec.az\/audio-v%c9%99-video-h%c9%99ll%c9%99ri\/#primaryimage"},"thumbnailUrl":"https:\/\/avisec.az\/wp-content\/uploads\/2025\/11\/close-up-illuminated-lighting-equipment-table.webp","datePublished":"2025-11-25T11:51:35+00:00","dateModified":"2025-11-26T07:36:58+00:00","description":"AVISEC biznes v\u0259 s\u0259naye obyektl\u0259ri \u00fc\u00e7\u00fcn video m\u00fc\u015fahid\u0259, giri\u015f idar\u0259etm\u0259 v\u0259 t\u0259hl\u00fck\u0259sizlik sisteml\u0259rinin layih\u0259l\u0259ndirilm\u0259si v\u0259 t\u0259tbiqi xidm\u0259tl\u0259rini t\u0259qdim edir.","breadcrumb":{"@id":"https:\/\/avisec.az\/audio-v%c9%99-video-h%c9%99ll%c9%99ri\/#breadcrumb"},"inLanguage":"az","potentialAction":[{"@type":"ReadAction","target":["https:\/\/avisec.az\/audio-v%c9%99-video-h%c9%99ll%c9%99ri\/"]}]},{"@type":"ImageObject","inLanguage":"az","@id":"https:\/\/avisec.az\/audio-v%c9%99-video-h%c9%99ll%c9%99ri\/#primaryimage","url":"https:\/\/avisec.az\/wp-content\/uploads\/2025\/11\/close-up-illuminated-lighting-equipment-table.webp","contentUrl":"https:\/\/avisec.az\/wp-content\/uploads\/2025\/11\/close-up-illuminated-lighting-equipment-table.webp","width":1920,"height":1277},{"@type":"BreadcrumbList","@id":"https:\/\/avisec.az\/audio-v%c9%99-video-h%c9%99ll%c9%99ri\/#breadcrumb","itemListElement":[{"@type":"ListItem","position":1,"name":"Home","item":"https:\/\/avisec.az\/"},{"@type":"ListItem","position":2,"name":"Audio v\u0259 Video\u00a0H\u0259ll\u0259ri"}]},{"@type":"WebSite","@id":"https:\/\/avisec.az\/#website","url":"https:\/\/avisec.az\/","name":"Avisec Texnologiya H\u0259ll\u0259ri","description":"\u0130nnovasiyalar\u0131n G\u00fccl\u0259ndirilm\u0259si, M\u00fcv\u0259ff\u0259qiyy\u0259tin T\u0259min Edilm\u0259si.","publisher":{"@id":"https:\/\/avisec.az\/#organization"},"alternateName":"Avisec Texnologiya H\u0259ll\u0259ri","potentialAction":[{"@type":"SearchAction","target":{"@type":"EntryPoint","urlTemplate":"https:\/\/avisec.az\/?s={search_term_string}"},"query-input":{"@type":"PropertyValueSpecification","valueRequired":true,"valueName":"search_term_string"}}],"inLanguage":"az"},{"@type":"Organization","@id":"https:\/\/avisec.az\/#organization","name":"Avisec Texnologiya H\u0259ll\u0259ri","alternateName":"Avisec Technology Solutions","url":"https:\/\/avisec.az\/","logo":{"@type":"ImageObject","inLanguage":"az","@id":"https:\/\/avisec.az\/#\/schema\/logo\/image\/","url":"https:\/\/avisec.az\/wp-content\/uploads\/2025\/07\/Untitled15_20251022140103.webp","contentUrl":"https:\/\/avisec.az\/wp-content\/uploads\/2025\/07\/Untitled15_20251022140103.webp","width":500,"height":200,"caption":"Avisec Texnologiya H\u0259ll\u0259ri"},"image":{"@id":"https:\/\/avisec.az\/#\/schema\/logo\/image\/"}}]}},"_links":{"self":[{"href":"https:\/\/avisec.az\/az\/wp-json\/wp\/v2\/pages\/3342","targetHints":{"allow":["GET"]}}],"collection":[{"href":"https:\/\/avisec.az\/az\/wp-json\/wp\/v2\/pages"}],"about":[{"href":"https:\/\/avisec.az\/az\/wp-json\/wp\/v2\/types\/page"}],"author":[{"embeddable":true,"href":"https:\/\/avisec.az\/az\/wp-json\/wp\/v2\/users\/1"}],"replies":[{"embeddable":true,"href":"https:\/\/avisec.az\/az\/wp-json\/wp\/v2\/comments?post=3342"}],"version-history":[{"count":11,"href":"https:\/\/avisec.az\/az\/wp-json\/wp\/v2\/pages\/3342\/revisions"}],"predecessor-version":[{"id":3417,"href":"https:\/\/avisec.az\/az\/wp-json\/wp\/v2\/pages\/3342\/revisions\/3417"}],"wp:featuredmedia":[{"embeddable":true,"href":"https:\/\/avisec.az\/az\/wp-json\/wp\/v2\/media\/3343"}],"wp:attachment":[{"href":"https:\/\/avisec.az\/az\/wp-json\/wp\/v2\/media?parent=3342"}],"curies":[{"name":"wp","href":"https:\/\/api.w.org\/{rel}","templated":true}]}}