{"id":3347,"date":"2025-11-25T11:53:31","date_gmt":"2025-11-25T11:53:31","guid":{"rendered":"https:\/\/innova.megavisionint.az\/?page_id=3347"},"modified":"2025-11-26T07:34:53","modified_gmt":"2025-11-26T07:34:53","slug":"microsoft-h%c9%99ll%c9%99ri","status":"publish","type":"page","link":"https:\/\/avisec.az\/az\/microsoft-h%c9%99ll%c9%99ri\/","title":{"rendered":"Microsoft\u00a0h\u0259ll\u0259ri"},"content":{"rendered":"<div data-elementor-type=\"wp-page\" data-elementor-id=\"3347\" class=\"elementor elementor-3347\" data-elementor-post-type=\"page\">\n\t\t\t\t<div class=\"elementor-element elementor-element-8ed7a26 e-flex e-con-boxed e-con e-parent\" data-id=\"8ed7a26\" data-element_type=\"container\" data-e-type=\"container\">\n\t\t\t\t\t<div class=\"e-con-inner\">\n\t\t<div class=\"elementor-element elementor-element-84e485b e-con-full e-flex e-con e-child\" data-id=\"84e485b\" data-element_type=\"container\" data-e-type=\"container\" data-settings=\"{&quot;background_background&quot;:&quot;classic&quot;}\">\n\t\t\t\t<div class=\"elementor-element elementor-element-1b68022 elementor-widget elementor-widget-theme-post-title elementor-page-title elementor-widget-heading\" data-id=\"1b68022\" data-element_type=\"widget\" data-e-type=\"widget\" data-widget_type=\"theme-post-title.default\">\n\t\t\t\t\t<h1 class=\"elementor-heading-title elementor-size-default\">Microsoft\u00a0h\u0259ll\u0259ri<\/h1>\t\t\t\t<\/div>\n\t\t\t\t<\/div>\n\t\t\t\t\t<\/div>\n\t\t\t\t<\/div>\n\t\t<div class=\"elementor-element elementor-element-c94ab7a e-flex e-con-boxed e-con e-parent\" data-id=\"c94ab7a\" data-element_type=\"container\" data-e-type=\"container\">\n\t\t\t\t\t<div class=\"e-con-inner\">\n\t\t\t\t<div class=\"elementor-element elementor-element-13f663c elementor-widget elementor-widget-text-editor\" data-id=\"13f663c\" data-element_type=\"widget\" data-e-type=\"widget\" data-widget_type=\"text-editor.default\">\n\t\t\t\t\t\t\t\t\t<p><span dir=\"auto\">Azure Machine Learning il\u0259 biznes art\u0131m\u0131n\u0131 s\u00fcr\u0259tl\u0259ndirin. Bizim uy\u011funla\u015fd\u0131r\u0131lm\u0131\u015f AI h\u0259ll\u0259rimiz strategiya, model qurma, t\u0259lim v\u0259 yerl\u0259\u015fdirm\u0259ni \u0259hat\u0259 edir.<\/span><br \/><span dir=\"auto\">Azure Confidential Computing il\u0259 etik AI istifad\u0259sini t\u0259min edin. M\u0259sul AI t\u0259tbiqi \u00fc\u00e7\u00fcn g\u00fccl\u00fc idar\u0259etm\u0259 h\u0259ll\u0259ri t\u0259klif edirik.<\/span><br \/><span dir=\"auto\">Uy\u011funluq v\u0259 riskl\u0259rin azald\u0131lmas\u0131 \u00fc\u00e7\u00fcn Azure-un AI \u0130nfrastrukturundan istifad\u0259 ed\u0259r\u0259k biznesinizi qoruyun. S\u00fcni intellektl\u0259 optimalla\u015fd\u0131r\u0131lm\u0131\u015f virtual ma\u015f\u0131nlardan v\u0259 super hesablama imkanlar\u0131ndan faydalan\u0131n.<\/span><br \/><span dir=\"auto\">Azure-da f\u0259rdi AI h\u0259ll\u0259ri il\u0259 biznes u\u011furu \u0259ld\u0259 edin. Azure-un uy\u011funla\u015fd\u0131r\u0131la bil\u0259n API-l\u0259ri v\u0259 modell\u0259ri vasit\u0259sil\u0259 q\u00fcsursuz inteqrasiyadan v\u0259 y\u00fcks\u0259k performansdan h\u0259zz al\u0131n.<\/span><br \/><span dir=\"auto\">Azure AI Language and Speech istifad\u0259 ed\u0259r\u0259k m\u00fc\u015ft\u0259ri t\u0259cr\u00fcb\u0259sini art\u0131r\u0131n. 24\/7 chatbot d\u0259st\u0259yi, f\u0259rdi t\u00f6vsiy\u0259l\u0259r v\u0259 real vaxtda \u0259hval-ruhiyy\u0259 t\u0259hlili t\u0259klif edin.<\/span><br \/><span dir=\"auto\">Biznes m\u0259qs\u0259dl\u0259riniz\u0259 cavab ver\u0259n geni\u015fl\u0259n\u0259n, f\u0259rdi AI sisteml\u0259ri \u00fc\u00e7\u00fcn Azure AI \u0130nfrastrukturundan istifad\u0259 edin. M\u00fct\u0259x\u0259ssis komandam\u0131z g\u0259l\u0259c\u0259yinizi etik, effektiv s\u00fcni intellektl\u0259 g\u00fccl\u0259ndirm\u0259k \u00fc\u00e7\u00fcn Microsoft Azure-un s\u00fcbut edilmi\u015f xidm\u0259tl\u0259rind\u0259n istifad\u0259 ed\u0259r\u0259k s\u00fcni intellekt m\u0259nz\u0259r\u0259sind\u0259 naviqasiyan\u0131za k\u00f6m\u0259k edir.<\/span><\/p>\t\t\t\t\t\t\t\t<\/div>\n\t\t\t\t\t<\/div>\n\t\t\t\t<\/div>\n\t\t<div class=\"elementor-element elementor-element-a26e632 e-flex e-con-boxed e-con e-parent\" data-id=\"a26e632\" data-element_type=\"container\" data-e-type=\"container\">\n\t\t\t\t\t<div class=\"e-con-inner\">\n\t\t<div class=\"elementor-element elementor-element-71f464f e-con-full e-flex e-con e-child\" data-id=\"71f464f\" data-element_type=\"container\" data-e-type=\"container\">\n\t\t\t\t<div class=\"elementor-element elementor-element-7684334 elementor-widget elementor-widget-heading\" data-id=\"7684334\" data-element_type=\"widget\" data-e-type=\"widget\" data-widget_type=\"heading.default\">\n\t\t\t\t\t<h2 class=\"elementor-heading-title elementor-size-default\">Bizim t\u0259cr\u00fcb\u0259miz\n<\/h2>\t\t\t\t<\/div>\n\t\t\t\t<div class=\"elementor-element elementor-element-e142a1c elementor-widget elementor-widget-text-editor\" data-id=\"e142a1c\" data-element_type=\"widget\" data-e-type=\"widget\" data-widget_type=\"text-editor.default\">\n\t\t\t\t\t\t\t\t\t<ul><li><span dir=\"auto\">M\u00fcasir infrastruktur<\/span><\/li><li><span dir=\"auto\">R\u0259q\u0259msal i\u015f yeri<\/span><\/li><li><span dir=\"auto\">Kibert\u0259hl\u00fck\u0259sizlik<\/span><\/li><li><span dir=\"auto\">M\u00fcasir proqramlar<\/span><\/li><li><span dir=\"auto\">Bulud<\/span><\/li><\/ul>\t\t\t\t\t\t\t\t<\/div>\n\t\t\t\t<\/div>\n\t\t<div class=\"elementor-element elementor-element-9440583 e-con-full e-flex e-con e-child\" data-id=\"9440583\" data-element_type=\"container\" data-e-type=\"container\">\n\t\t\t\t<div class=\"elementor-element elementor-element-b64229d elementor-widget elementor-widget-heading\" data-id=\"b64229d\" data-element_type=\"widget\" data-e-type=\"widget\" data-widget_type=\"heading.default\">\n\t\t\t\t\t<h2 class=\"elementor-heading-title elementor-size-default\">Xidm\u0259tl\u0259rimiz\n<\/h2>\t\t\t\t<\/div>\n\t\t\t\t<div class=\"elementor-element elementor-element-4adbf6d elementor-widget elementor-widget-text-editor\" data-id=\"4adbf6d\" data-element_type=\"widget\" data-e-type=\"widget\" data-widget_type=\"text-editor.default\">\n\t\t\t\t\t\t\t\t\t<ul><li><span dir=\"auto\">\u0130T \u0130nfrastruktur xidm\u0259tl\u0259ri<\/span><\/li><li><span dir=\"auto\">Konsaltinq xidm\u0259tl\u0259ri<\/span><\/li><li><span dir=\"auto\">\u0130dar\u0259 olunan Xidm\u0259tl\u0259r<\/span><\/li><\/ul>\t\t\t\t\t\t\t\t<\/div>\n\t\t\t\t<\/div>\n\t\t\t\t\t<\/div>\n\t\t\t\t<\/div>\n\t\t\t\t<\/div>","protected":false},"excerpt":{"rendered":"<p>Azure Machine Learning il\u0259 biznes art\u0131m\u0131n\u0131 s\u00fcr\u0259tl\u0259ndirin. Bizim uy\u011funla\u015fd\u0131r\u0131lm\u0131\u015f AI h\u0259ll\u0259rimiz strategiya, model qurma, t\u0259lim v\u0259 yerl\u0259\u015fdirm\u0259ni \u0259hat\u0259 edir.<br \/>\nAzure Confidential Computing il\u0259 etik AI istifad\u0259sini t\u0259min edin. M\u0259sul AI t\u0259tbiqi \u00fc\u00e7\u00fcn g\u00fccl\u00fc idar\u0259etm\u0259 h\u0259ll\u0259ri t\u0259klif edirik.<br \/>\nUy\u011funluq v\u0259 riskl\u0259rin azald\u0131lmas\u0131 \u00fc\u00e7\u00fcn Azure-un AI \u0130nfrastrukturundan istifad\u0259 ed\u0259r\u0259k biznesinizi qoruyun. S\u00fcni intellektl\u0259 optimalla\u015fd\u0131r\u0131lm\u0131\u015f virtual ma\u015f\u0131nlardan v\u0259 super hesablama imkanlar\u0131ndan faydalan\u0131n.<br \/>\nAzure-da f\u0259rdi AI h\u0259ll\u0259ri il\u0259 biznes u\u011furu \u0259ld\u0259 edin. Azure-un uy\u011funla\u015fd\u0131r\u0131la bil\u0259n API-l\u0259ri v\u0259 modell\u0259ri vasit\u0259sil\u0259 q\u00fcsursuz inteqrasiyadan v\u0259 y\u00fcks\u0259k performansdan h\u0259zz al\u0131n.<br \/>\nAzure AI Language and Speech istifad\u0259 ed\u0259r\u0259k m\u00fc\u015ft\u0259ri t\u0259cr\u00fcb\u0259sini art\u0131r\u0131n. 24\/7 chatbot d\u0259st\u0259yi, f\u0259rdi t\u00f6vsiy\u0259l\u0259r v\u0259 real vaxtda \u0259hval-ruhiyy\u0259 t\u0259hlili t\u0259klif edin.<br \/>\nBiznes m\u0259qs\u0259dl\u0259riniz\u0259 cavab ver\u0259n geni\u015fl\u0259n\u0259n, f\u0259rdi AI sisteml\u0259ri \u00fc\u00e7\u00fcn Azure AI \u0130nfrastrukturundan istifad\u0259 edin. M\u00fct\u0259x\u0259ssis komandam\u0131z g\u0259l\u0259c\u0259yinizi etik, effektiv s\u00fcni intellektl\u0259 g\u00fccl\u0259ndirm\u0259k \u00fc\u00e7\u00fcn Microsoft Azure-un s\u00fcbut edilmi\u015f xidm\u0259tl\u0259rind\u0259n istifad\u0259 ed\u0259r\u0259k s\u00fcni intellekt m\u0259nz\u0259r\u0259sind\u0259 naviqasiyan\u0131za k\u00f6m\u0259k edir.<\/p>","protected":false},"author":1,"featured_media":3348,"parent":0,"menu_order":0,"comment_status":"closed","ping_status":"closed","template":"elementor_header_footer","meta":{"footnotes":""},"class_list":["post-3347","page","type-page","status-publish","has-post-thumbnail","hentry"],"yoast_head":"<!-- This site is optimized with the Yoast SEO plugin v27.4 - https:\/\/yoast.com\/product\/yoast-seo-wordpress\/ -->\n<title>Microsoft\u00a0h\u0259ll\u0259ri - Texnologiya H\u0259ll\u0259ri<\/title>\n<meta name=\"description\" content=\"AVISEC biznes v\u0259 s\u0259naye obyektl\u0259ri \u00fc\u00e7\u00fcn video m\u00fc\u015fahid\u0259, giri\u015f idar\u0259etm\u0259 v\u0259 t\u0259hl\u00fck\u0259sizlik sisteml\u0259rinin layih\u0259l\u0259ndirilm\u0259si v\u0259 t\u0259tbiqi xidm\u0259tl\u0259rini t\u0259qdim edir.\" \/>\n<meta name=\"robots\" content=\"index, follow, max-snippet:-1, max-image-preview:large, max-video-preview:-1\" \/>\n<link rel=\"canonical\" href=\"https:\/\/avisec.az\/az\/microsoft-h\u0259ll\u0259ri\/\" \/>\n<meta property=\"og:locale\" content=\"az_AZ\" \/>\n<meta property=\"og:type\" content=\"article\" \/>\n<meta property=\"og:title\" content=\"Microsoft\u00a0h\u0259ll\u0259ri - Texnologiya H\u0259ll\u0259ri\" \/>\n<meta property=\"og:description\" content=\"AVISEC biznes v\u0259 s\u0259naye obyektl\u0259ri \u00fc\u00e7\u00fcn video m\u00fc\u015fahid\u0259, giri\u015f idar\u0259etm\u0259 v\u0259 t\u0259hl\u00fck\u0259sizlik sisteml\u0259rinin layih\u0259l\u0259ndirilm\u0259si v\u0259 t\u0259tbiqi xidm\u0259tl\u0259rini t\u0259qdim edir.\" \/>\n<meta property=\"og:url\" content=\"https:\/\/avisec.az\/az\/microsoft-h\u0259ll\u0259ri\/\" \/>\n<meta property=\"og:site_name\" content=\"Texnologiya H\u0259ll\u0259ri\" \/>\n<meta property=\"article:modified_time\" content=\"2025-11-26T07:34:53+00:00\" \/>\n<meta property=\"og:image\" content=\"https:\/\/avisec.az\/wp-content\/uploads\/2025\/11\/JM-Home-Banner.webp\" \/>\n\t<meta property=\"og:image:width\" content=\"1920\" \/>\n\t<meta property=\"og:image:height\" content=\"600\" \/>\n\t<meta property=\"og:image:type\" content=\"image\/webp\" \/>\n<meta name=\"twitter:card\" content=\"summary_large_image\" \/>\n<meta name=\"twitter:label1\" content=\"Est. reading time\" \/>\n\t<meta name=\"twitter:data1\" content=\"1 minute\" \/>\n<script type=\"application\/ld+json\" class=\"yoast-schema-graph\">{\"@context\":\"https:\\\/\\\/schema.org\",\"@graph\":[{\"@type\":\"WebPage\",\"@id\":\"https:\\\/\\\/avisec.az\\\/microsoft-h%c9%99ll%c9%99ri\\\/\",\"url\":\"https:\\\/\\\/avisec.az\\\/microsoft-h%c9%99ll%c9%99ri\\\/\",\"name\":\"Microsoft\u00a0h\u0259ll\u0259ri - Texnologiya H\u0259ll\u0259ri\",\"isPartOf\":{\"@id\":\"https:\\\/\\\/avisec.az\\\/#website\"},\"primaryImageOfPage\":{\"@id\":\"https:\\\/\\\/avisec.az\\\/microsoft-h%c9%99ll%c9%99ri\\\/#primaryimage\"},\"image\":{\"@id\":\"https:\\\/\\\/avisec.az\\\/microsoft-h%c9%99ll%c9%99ri\\\/#primaryimage\"},\"thumbnailUrl\":\"https:\\\/\\\/avisec.az\\\/wp-content\\\/uploads\\\/2025\\\/11\\\/JM-Home-Banner.webp\",\"datePublished\":\"2025-11-25T11:53:31+00:00\",\"dateModified\":\"2025-11-26T07:34:53+00:00\",\"description\":\"AVISEC biznes v\u0259 s\u0259naye obyektl\u0259ri \u00fc\u00e7\u00fcn video m\u00fc\u015fahid\u0259, giri\u015f idar\u0259etm\u0259 v\u0259 t\u0259hl\u00fck\u0259sizlik sisteml\u0259rinin layih\u0259l\u0259ndirilm\u0259si v\u0259 t\u0259tbiqi xidm\u0259tl\u0259rini t\u0259qdim edir.\",\"breadcrumb\":{\"@id\":\"https:\\\/\\\/avisec.az\\\/microsoft-h%c9%99ll%c9%99ri\\\/#breadcrumb\"},\"inLanguage\":\"az\",\"potentialAction\":[{\"@type\":\"ReadAction\",\"target\":[\"https:\\\/\\\/avisec.az\\\/microsoft-h%c9%99ll%c9%99ri\\\/\"]}]},{\"@type\":\"ImageObject\",\"inLanguage\":\"az\",\"@id\":\"https:\\\/\\\/avisec.az\\\/microsoft-h%c9%99ll%c9%99ri\\\/#primaryimage\",\"url\":\"https:\\\/\\\/avisec.az\\\/wp-content\\\/uploads\\\/2025\\\/11\\\/JM-Home-Banner.webp\",\"contentUrl\":\"https:\\\/\\\/avisec.az\\\/wp-content\\\/uploads\\\/2025\\\/11\\\/JM-Home-Banner.webp\",\"width\":1920,\"height\":600},{\"@type\":\"BreadcrumbList\",\"@id\":\"https:\\\/\\\/avisec.az\\\/microsoft-h%c9%99ll%c9%99ri\\\/#breadcrumb\",\"itemListElement\":[{\"@type\":\"ListItem\",\"position\":1,\"name\":\"Home\",\"item\":\"https:\\\/\\\/avisec.az\\\/\"},{\"@type\":\"ListItem\",\"position\":2,\"name\":\"Microsoft\u00a0h\u0259ll\u0259ri\"}]},{\"@type\":\"WebSite\",\"@id\":\"https:\\\/\\\/avisec.az\\\/#website\",\"url\":\"https:\\\/\\\/avisec.az\\\/\",\"name\":\"Avisec Texnologiya H\u0259ll\u0259ri\",\"description\":\"\u0130nnovasiyalar\u0131n G\u00fccl\u0259ndirilm\u0259si, M\u00fcv\u0259ff\u0259qiyy\u0259tin T\u0259min Edilm\u0259si.\",\"publisher\":{\"@id\":\"https:\\\/\\\/avisec.az\\\/#organization\"},\"alternateName\":\"Avisec Texnologiya H\u0259ll\u0259ri\",\"potentialAction\":[{\"@type\":\"SearchAction\",\"target\":{\"@type\":\"EntryPoint\",\"urlTemplate\":\"https:\\\/\\\/avisec.az\\\/?s={search_term_string}\"},\"query-input\":{\"@type\":\"PropertyValueSpecification\",\"valueRequired\":true,\"valueName\":\"search_term_string\"}}],\"inLanguage\":\"az\"},{\"@type\":\"Organization\",\"@id\":\"https:\\\/\\\/avisec.az\\\/#organization\",\"name\":\"Avisec Texnologiya H\u0259ll\u0259ri\",\"alternateName\":\"Avisec Technology Solutions\",\"url\":\"https:\\\/\\\/avisec.az\\\/\",\"logo\":{\"@type\":\"ImageObject\",\"inLanguage\":\"az\",\"@id\":\"https:\\\/\\\/avisec.az\\\/#\\\/schema\\\/logo\\\/image\\\/\",\"url\":\"https:\\\/\\\/avisec.az\\\/wp-content\\\/uploads\\\/2025\\\/07\\\/Untitled15_20251022140103.webp\",\"contentUrl\":\"https:\\\/\\\/avisec.az\\\/wp-content\\\/uploads\\\/2025\\\/07\\\/Untitled15_20251022140103.webp\",\"width\":500,\"height\":200,\"caption\":\"Avisec Texnologiya H\u0259ll\u0259ri\"},\"image\":{\"@id\":\"https:\\\/\\\/avisec.az\\\/#\\\/schema\\\/logo\\\/image\\\/\"}}]}<\/script>\n<!-- \/ Yoast SEO plugin. -->","yoast_head_json":{"title":"Microsoft\u00a0h\u0259ll\u0259ri - Texnologiya H\u0259ll\u0259ri","description":"AVISEC biznes v\u0259 s\u0259naye obyektl\u0259ri \u00fc\u00e7\u00fcn video m\u00fc\u015fahid\u0259, giri\u015f idar\u0259etm\u0259 v\u0259 t\u0259hl\u00fck\u0259sizlik sisteml\u0259rinin layih\u0259l\u0259ndirilm\u0259si v\u0259 t\u0259tbiqi xidm\u0259tl\u0259rini t\u0259qdim edir.","robots":{"index":"index","follow":"follow","max-snippet":"max-snippet:-1","max-image-preview":"max-image-preview:large","max-video-preview":"max-video-preview:-1"},"canonical":"https:\/\/avisec.az\/az\/microsoft-h\u0259ll\u0259ri\/","og_locale":"az_AZ","og_type":"article","og_title":"Microsoft\u00a0h\u0259ll\u0259ri - Texnologiya H\u0259ll\u0259ri","og_description":"AVISEC biznes v\u0259 s\u0259naye obyektl\u0259ri \u00fc\u00e7\u00fcn video m\u00fc\u015fahid\u0259, giri\u015f idar\u0259etm\u0259 v\u0259 t\u0259hl\u00fck\u0259sizlik sisteml\u0259rinin layih\u0259l\u0259ndirilm\u0259si v\u0259 t\u0259tbiqi xidm\u0259tl\u0259rini t\u0259qdim edir.","og_url":"https:\/\/avisec.az\/az\/microsoft-h\u0259ll\u0259ri\/","og_site_name":"Texnologiya H\u0259ll\u0259ri","article_modified_time":"2025-11-26T07:34:53+00:00","og_image":[{"width":1920,"height":600,"url":"https:\/\/avisec.az\/wp-content\/uploads\/2025\/11\/JM-Home-Banner.webp","type":"image\/webp"}],"twitter_card":"summary_large_image","twitter_misc":{"Est. reading time":"1 minute"},"schema":{"@context":"https:\/\/schema.org","@graph":[{"@type":"WebPage","@id":"https:\/\/avisec.az\/microsoft-h%c9%99ll%c9%99ri\/","url":"https:\/\/avisec.az\/microsoft-h%c9%99ll%c9%99ri\/","name":"Microsoft\u00a0h\u0259ll\u0259ri - Texnologiya H\u0259ll\u0259ri","isPartOf":{"@id":"https:\/\/avisec.az\/#website"},"primaryImageOfPage":{"@id":"https:\/\/avisec.az\/microsoft-h%c9%99ll%c9%99ri\/#primaryimage"},"image":{"@id":"https:\/\/avisec.az\/microsoft-h%c9%99ll%c9%99ri\/#primaryimage"},"thumbnailUrl":"https:\/\/avisec.az\/wp-content\/uploads\/2025\/11\/JM-Home-Banner.webp","datePublished":"2025-11-25T11:53:31+00:00","dateModified":"2025-11-26T07:34:53+00:00","description":"AVISEC biznes v\u0259 s\u0259naye obyektl\u0259ri \u00fc\u00e7\u00fcn video m\u00fc\u015fahid\u0259, giri\u015f idar\u0259etm\u0259 v\u0259 t\u0259hl\u00fck\u0259sizlik sisteml\u0259rinin layih\u0259l\u0259ndirilm\u0259si v\u0259 t\u0259tbiqi xidm\u0259tl\u0259rini t\u0259qdim edir.","breadcrumb":{"@id":"https:\/\/avisec.az\/microsoft-h%c9%99ll%c9%99ri\/#breadcrumb"},"inLanguage":"az","potentialAction":[{"@type":"ReadAction","target":["https:\/\/avisec.az\/microsoft-h%c9%99ll%c9%99ri\/"]}]},{"@type":"ImageObject","inLanguage":"az","@id":"https:\/\/avisec.az\/microsoft-h%c9%99ll%c9%99ri\/#primaryimage","url":"https:\/\/avisec.az\/wp-content\/uploads\/2025\/11\/JM-Home-Banner.webp","contentUrl":"https:\/\/avisec.az\/wp-content\/uploads\/2025\/11\/JM-Home-Banner.webp","width":1920,"height":600},{"@type":"BreadcrumbList","@id":"https:\/\/avisec.az\/microsoft-h%c9%99ll%c9%99ri\/#breadcrumb","itemListElement":[{"@type":"ListItem","position":1,"name":"Home","item":"https:\/\/avisec.az\/"},{"@type":"ListItem","position":2,"name":"Microsoft\u00a0h\u0259ll\u0259ri"}]},{"@type":"WebSite","@id":"https:\/\/avisec.az\/#website","url":"https:\/\/avisec.az\/","name":"Avisec Texnologiya H\u0259ll\u0259ri","description":"\u0130nnovasiyalar\u0131n G\u00fccl\u0259ndirilm\u0259si, M\u00fcv\u0259ff\u0259qiyy\u0259tin T\u0259min Edilm\u0259si.","publisher":{"@id":"https:\/\/avisec.az\/#organization"},"alternateName":"Avisec Texnologiya H\u0259ll\u0259ri","potentialAction":[{"@type":"SearchAction","target":{"@type":"EntryPoint","urlTemplate":"https:\/\/avisec.az\/?s={search_term_string}"},"query-input":{"@type":"PropertyValueSpecification","valueRequired":true,"valueName":"search_term_string"}}],"inLanguage":"az"},{"@type":"Organization","@id":"https:\/\/avisec.az\/#organization","name":"Avisec Texnologiya H\u0259ll\u0259ri","alternateName":"Avisec Technology Solutions","url":"https:\/\/avisec.az\/","logo":{"@type":"ImageObject","inLanguage":"az","@id":"https:\/\/avisec.az\/#\/schema\/logo\/image\/","url":"https:\/\/avisec.az\/wp-content\/uploads\/2025\/07\/Untitled15_20251022140103.webp","contentUrl":"https:\/\/avisec.az\/wp-content\/uploads\/2025\/07\/Untitled15_20251022140103.webp","width":500,"height":200,"caption":"Avisec Texnologiya H\u0259ll\u0259ri"},"image":{"@id":"https:\/\/avisec.az\/#\/schema\/logo\/image\/"}}]}},"_links":{"self":[{"href":"https:\/\/avisec.az\/az\/wp-json\/wp\/v2\/pages\/3347","targetHints":{"allow":["GET"]}}],"collection":[{"href":"https:\/\/avisec.az\/az\/wp-json\/wp\/v2\/pages"}],"about":[{"href":"https:\/\/avisec.az\/az\/wp-json\/wp\/v2\/types\/page"}],"author":[{"embeddable":true,"href":"https:\/\/avisec.az\/az\/wp-json\/wp\/v2\/users\/1"}],"replies":[{"embeddable":true,"href":"https:\/\/avisec.az\/az\/wp-json\/wp\/v2\/comments?post=3347"}],"version-history":[{"count":16,"href":"https:\/\/avisec.az\/az\/wp-json\/wp\/v2\/pages\/3347\/revisions"}],"predecessor-version":[{"id":3414,"href":"https:\/\/avisec.az\/az\/wp-json\/wp\/v2\/pages\/3347\/revisions\/3414"}],"wp:featuredmedia":[{"embeddable":true,"href":"https:\/\/avisec.az\/az\/wp-json\/wp\/v2\/media\/3348"}],"wp:attachment":[{"href":"https:\/\/avisec.az\/az\/wp-json\/wp\/v2\/media?parent=3347"}],"curies":[{"name":"wp","href":"https:\/\/api.w.org\/{rel}","templated":true}]}}