{"id":3350,"date":"2025-11-25T11:54:19","date_gmt":"2025-11-25T11:54:19","guid":{"rendered":"https:\/\/innova.megavisionint.az\/?page_id=3350"},"modified":"2025-11-26T07:33:11","modified_gmt":"2025-11-26T07:33:11","slug":"information-security","status":"publish","type":"page","link":"https:\/\/avisec.az\/az\/information-security\/","title":{"rendered":"\u0130nformasiya\u00a0t\u0259hl\u00fck\u0259sizliyi"},"content":{"rendered":"<div data-elementor-type=\"wp-page\" data-elementor-id=\"3350\" class=\"elementor elementor-3350\" data-elementor-post-type=\"page\">\n\t\t\t\t<div class=\"elementor-element elementor-element-65f54f0 e-flex e-con-boxed e-con e-parent\" data-id=\"65f54f0\" data-element_type=\"container\" data-e-type=\"container\">\n\t\t\t\t\t<div class=\"e-con-inner\">\n\t\t<div class=\"elementor-element elementor-element-6da10eb e-con-full e-flex e-con e-child\" data-id=\"6da10eb\" data-element_type=\"container\" data-e-type=\"container\" data-settings=\"{&quot;background_background&quot;:&quot;classic&quot;}\">\n\t\t\t\t<div class=\"elementor-element elementor-element-796270e elementor-widget elementor-widget-theme-post-title elementor-page-title elementor-widget-heading\" data-id=\"796270e\" data-element_type=\"widget\" data-e-type=\"widget\" data-widget_type=\"theme-post-title.default\">\n\t\t\t\t\t<h1 class=\"elementor-heading-title elementor-size-default\">\u0130nformasiya\u00a0t\u0259hl\u00fck\u0259sizliyi<\/h1>\t\t\t\t<\/div>\n\t\t\t\t<\/div>\n\t\t\t\t\t<\/div>\n\t\t\t\t<\/div>\n\t\t<div class=\"elementor-element elementor-element-3a2be22 e-flex e-con-boxed e-con e-parent\" data-id=\"3a2be22\" data-element_type=\"container\" data-e-type=\"container\">\n\t\t\t\t\t<div class=\"e-con-inner\">\n\t\t\t\t<div class=\"elementor-element elementor-element-f3b3540 elementor-widget elementor-widget-text-editor\" data-id=\"f3b3540\" data-element_type=\"widget\" data-e-type=\"widget\" data-widget_type=\"text-editor.default\">\n\t\t\t\t\t\t\t\t\t<p><span dir=\"auto\"><span class=\"\" dir=\"auto\">Bu g\u00fcn t\u0259hl\u00fck\u0259sizliyin t\u0259min edilm\u0259si \u0259vv\u0259ll\u0259r g\u00f6r\u00fcnd\u00fcy\u00fc q\u0259d\u0259r sad\u0259 deyil. \u0130ndi sad\u0259c\u0259 bir metal par\u00e7as\u0131 qoymaq v\u0259 \u00f6z\u00fcn\u00fcz\u00fc qorunan hesab etm\u0259k kifay\u0259t deyil. T\u0259hl\u00fck\u0259sizlik \u00e7oxdan \u0130T departamentinin i\u015fi olmaqdan \u00e7\u0131x\u0131b, bu, ilk n\u00f6vb\u0259d\u0259 \u015firk\u0259tin \u00fcmumi siyas\u0259ti v\u0259 t\u0259\u015fkilat\u0131n yetkinlik s\u0259viyy\u0259si il\u0259 dikt\u0259 edil\u0259n sa\u011flam yana\u015fman\u0131 n\u0259z\u0259rd\u0259 tutur.<\/span><\/span><\/p><p><span dir=\"auto\">AVISEC MMC \u0130T infrastrukturunu qorumaq \u00fc\u00e7\u00fcn b\u00fct\u00fcn laz\u0131mi mexanizml\u0259ri h\u0259yata ke\u00e7ir\u0259n geni\u015f informasiya t\u0259hl\u00fck\u0259sizliyi h\u0259ll\u0259ri portfelini t\u0259klif edir.<\/span><\/p>\t\t\t\t\t\t\t\t<\/div>\n\t\t\t\t\t<\/div>\n\t\t\t\t<\/div>\n\t\t<div class=\"elementor-element elementor-element-a0a4679 e-flex e-con-boxed e-con e-parent\" data-id=\"a0a4679\" data-element_type=\"container\" data-e-type=\"container\">\n\t\t\t\t\t<div class=\"e-con-inner\">\n\t\t<div class=\"elementor-element elementor-element-10df4c7 e-con-full e-flex e-con e-child\" data-id=\"10df4c7\" data-element_type=\"container\" data-e-type=\"container\">\n\t\t\t\t<div class=\"elementor-element elementor-element-9414f64 elementor-widget elementor-widget-heading\" data-id=\"9414f64\" data-element_type=\"widget\" data-e-type=\"widget\" data-widget_type=\"heading.default\">\n\t\t\t\t\t<h2 class=\"elementor-heading-title elementor-size-default\">Korporativ \u015e\u0259b\u0259k\u0259 Perimetrinin T\u0259hl\u00fck\u0259sizliyi\n<\/h2>\t\t\t\t<\/div>\n\t\t\t\t<div class=\"elementor-element elementor-element-b35ea26 elementor-widget elementor-widget-text-editor\" data-id=\"b35ea26\" data-element_type=\"widget\" data-e-type=\"widget\" data-widget_type=\"text-editor.default\">\n\t\t\t\t\t\t\t\t\t<ul><li><span dir=\"auto\"><span dir=\"auto\">T\u0259hl\u00fck\u0259sizlik divarlar\u0131 v\u0259 m\u00fcdaxil\u0259nin qar\u015f\u0131s\u0131n\u0131n al\u0131nmas\u0131 sisteml\u0259ri (NGFW \/ NGIPS)<\/span><\/span><\/li><li><span dir=\"auto\"><span dir=\"auto\">\u015e\u0259b\u0259k\u0259 trafikinin t\u0259hlili sisteml\u0259ri (Secure Web Gateway, Secure Email Gateway)<\/span><\/span><\/li><li><span dir=\"auto\"><span dir=\"auto\">Veb T\u0259tbiq Firewall (WAF)<\/span><\/span><\/li><li><span dir=\"auto\"><span dir=\"auto\">DDoS-h\u00fccumlardan qorunma sisteml\u0259ri<\/span><\/span><\/li><\/ul>\t\t\t\t\t\t\t\t<\/div>\n\t\t\t\t<\/div>\n\t\t<div class=\"elementor-element elementor-element-d39e27e e-con-full e-flex e-con e-child\" data-id=\"d39e27e\" data-element_type=\"container\" data-e-type=\"container\">\n\t\t\t\t<div class=\"elementor-element elementor-element-98b93ff elementor-widget elementor-widget-heading\" data-id=\"98b93ff\" data-element_type=\"widget\" data-e-type=\"widget\" data-widget_type=\"heading.default\">\n\t\t\t\t\t<h2 class=\"elementor-heading-title elementor-size-default\">\u0130nteqrasiya edilmi\u015f \u0130nformasiya T\u0259hl\u00fck\u0259sizliyi H\u0259ll\u0259ri\n<\/h2>\t\t\t\t<\/div>\n\t\t\t\t<div class=\"elementor-element elementor-element-cd869b0 elementor-widget elementor-widget-text-editor\" data-id=\"cd869b0\" data-element_type=\"widget\" data-e-type=\"widget\" data-widget_type=\"text-editor.default\">\n\t\t\t\t\t\t\t\t\t<ul><li><span dir=\"auto\"><span dir=\"auto\">Privileged Identity Management (PIM)<\/span><\/span><\/li><li><span dir=\"auto\"><span dir=\"auto\">T\u0259hl\u00fck\u0259sizlik m\u0259lumat\u0131 v\u0259 hadis\u0259l\u0259rin idar\u0259 edilm\u0259si (SIEM)<\/span><\/span><\/li><li><span dir=\"auto\"><span dir=\"auto\">M\u0259lumat s\u0131zmas\u0131n\u0131n qar\u015f\u0131s\u0131n\u0131n al\u0131nmas\u0131 sisteml\u0259ri (DLP)<\/span><\/span><\/li><li><span dir=\"auto\"><span dir=\"auto\">Qabaqc\u0131l Z\u0259r\u0259rli Proqram M\u00fchafiz\u0259si, Qabaqc\u0131l T\u0259hl\u00fck\u0259nin A\u015fkarlanmas\u0131, DeceptionGrid<\/span><\/span><\/li><\/ul>\t\t\t\t\t\t\t\t<\/div>\n\t\t\t\t<\/div>\n\t\t\t\t\t<\/div>\n\t\t\t\t<\/div>\n\t\t<div class=\"elementor-element elementor-element-39398c4 e-flex e-con-boxed e-con e-parent\" data-id=\"39398c4\" data-element_type=\"container\" data-e-type=\"container\">\n\t\t\t\t\t<div class=\"e-con-inner\">\n\t\t<div class=\"elementor-element elementor-element-b33d098 e-con-full e-flex e-con e-child\" data-id=\"b33d098\" data-element_type=\"container\" data-e-type=\"container\">\n\t\t\t\t<div class=\"elementor-element elementor-element-ff6f78e elementor-widget elementor-widget-heading\" data-id=\"ff6f78e\" data-element_type=\"widget\" data-e-type=\"widget\" data-widget_type=\"heading.default\">\n\t\t\t\t\t<h2 class=\"elementor-heading-title elementor-size-default\">Daxili \u015e\u0259b\u0259k\u0259 T\u0259hl\u00fck\u0259sizliyi\n<\/h2>\t\t\t\t<\/div>\n\t\t\t\t<div class=\"elementor-element elementor-element-0f565c8 elementor-widget elementor-widget-text-editor\" data-id=\"0f565c8\" data-element_type=\"widget\" data-e-type=\"widget\" data-widget_type=\"text-editor.default\">\n\t\t\t\t\t\t\t\t\t<ul><li><span dir=\"auto\"><span dir=\"auto\">\u015e\u0259b\u0259k\u0259 Giri\u015fin\u0259 N\u0259zar\u0259t<\/span><\/span><\/li><li><span dir=\"auto\"><span dir=\"auto\">\u015e\u0259b\u0259k\u0259 T\u0259hl\u00fck\u0259sizliyi<\/span><\/span><\/li><li><span dir=\"auto\"><span dir=\"auto\">Monitorinq<\/span><\/span><\/li><li><span dir=\"auto\"><span dir=\"auto\">Z\u0259ifliyin \u0130dar\u0259 Edilm\u0259si<\/span><\/span><\/li><li><span dir=\"auto\"><span dir=\"auto\">Endpoint Protection<\/span><\/span><\/li><\/ul>\t\t\t\t\t\t\t\t<\/div>\n\t\t\t\t<\/div>\n\t\t<div class=\"elementor-element elementor-element-8c3cf8f e-con-full e-flex e-con e-child\" data-id=\"8c3cf8f\" data-element_type=\"container\" data-e-type=\"container\">\n\t\t\t\t<div class=\"elementor-element elementor-element-4cfb2f9 elementor-widget elementor-widget-heading\" data-id=\"4cfb2f9\" data-element_type=\"widget\" data-e-type=\"widget\" data-widget_type=\"heading.default\">\n\t\t\t\t\t<h2 class=\"elementor-heading-title elementor-size-default\">\u0130nformasiya T\u0259hl\u00fck\u0259sizliyi M\u0259sl\u0259h\u0259t\u00e7iliyi\n<\/h2>\t\t\t\t<\/div>\n\t\t\t\t<div class=\"elementor-element elementor-element-3519b9e elementor-widget elementor-widget-text-editor\" data-id=\"3519b9e\" data-element_type=\"widget\" data-e-type=\"widget\" data-widget_type=\"text-editor.default\">\n\t\t\t\t\t\t\t\t\t<ul><li><span dir=\"auto\"><span dir=\"auto\">\u0130T infrastrukturunun t\u0259hl\u00fck\u0259sizlik s\u0259viyy\u0259sinin t\u0259hlili<\/span><\/span><\/li><li><span dir=\"auto\"><span dir=\"auto\">Xarici v\u0259 Daxili Skanlama, Penetrasiya Testl\u0259ri<\/span><\/span><\/li><\/ul>\t\t\t\t\t\t\t\t<\/div>\n\t\t\t\t<\/div>\n\t\t<div class=\"elementor-element elementor-element-30eca22 e-con-full e-flex e-con e-child\" data-id=\"30eca22\" data-element_type=\"container\" data-e-type=\"container\">\n\t\t\t\t<div class=\"elementor-element elementor-element-db69e5d elementor-widget elementor-widget-heading\" data-id=\"db69e5d\" data-element_type=\"widget\" data-e-type=\"widget\" data-widget_type=\"heading.default\">\n\t\t\t\t\t<h2 class=\"elementor-heading-title elementor-size-default\">M\u0259lumat T\u0259hl\u00fck\u0259sizliyi<\/h2>\t\t\t\t<\/div>\n\t\t\t\t<div class=\"elementor-element elementor-element-56eaef7 elementor-widget elementor-widget-text-editor\" data-id=\"56eaef7\" data-element_type=\"widget\" data-e-type=\"widget\" data-widget_type=\"text-editor.default\">\n\t\t\t\t\t\t\t\t\t<ul><li><span dir=\"auto\">Virtualizasiya T\u0259hl\u00fck\u0259sizlik \u0130dar\u0259etm\u0259<\/span><\/li><li><span dir=\"auto\"><span dir=\"auto\">Database Firewall (DBF)<\/span><\/span><\/li><li><span dir=\"auto\"><span dir=\"auto\">\u0130nformasiya H\u00fcquqlar\u0131<\/span><\/span><\/li><li><span dir=\"auto\"><span dir=\"auto\">\u0130dar\u0259etm\u0259 (IRM)<\/span><\/span><\/li><li><span dir=\"auto\">Yed\u0259kl\u0259m\u0259 Sisteml\u0259ri<\/span><div class=\"l-canvas type_wide\"><main id=\"page-content\" class=\"l-main\"><section class=\"l-section wpb_row us_custom_db01082c height_medium\"><div class=\"l-section-h i-cf\"><div class=\"g-cols vc_row via_grid cols_1 laptops-cols_inherit tablets-cols_inherit mobiles-cols_1 valign_top type_default stacking_default\"><div class=\"wpb_column vc_column_container us_custom_a640122a us_animate_this start\"><div class=\"vc_column-inner\"><div class=\"g-cols wpb_row via_grid cols_3 laptops-cols_inherit tablets-cols_inherit mobiles-cols_1 valign_top type_default stacking_default\"><div class=\"wpb_column vc_column_container us_custom_af891a2e us_animate_this has_bg_color start\"><div class=\"vc_column-inner\"><div class=\"wpb_text_column\"><div class=\"wpb_wrapper\">\u00a0<\/div><\/div><\/div><\/div><\/div><\/div><\/div><\/div><\/div><\/section><\/main><\/div><\/li><\/ul>\t\t\t\t\t\t\t\t<\/div>\n\t\t\t\t<\/div>\n\t\t\t\t\t<\/div>\n\t\t\t\t<\/div>\n\t\t\t\t<\/div>","protected":false},"excerpt":{"rendered":"<p>Bu g\u00fcn t\u0259hl\u00fck\u0259sizliyin t\u0259min edilm\u0259si \u0259vv\u0259ll\u0259r g\u00f6r\u00fcnd\u00fcy\u00fc q\u0259d\u0259r sad\u0259 deyil. \u0130ndi sad\u0259c\u0259 bir metal par\u00e7as\u0131 qoymaq v\u0259 \u00f6z\u00fcn\u00fcz\u00fc qorunan hesab etm\u0259k kifay\u0259t deyil. T\u0259hl\u00fck\u0259sizlik \u00e7oxdan \u0130T departamentinin i\u015fi olmaqdan \u00e7\u0131x\u0131b, bu, ilk n\u00f6vb\u0259d\u0259 \u015firk\u0259tin \u00fcmumi siyas\u0259ti v\u0259 t\u0259\u015fkilat\u0131n yetkinlik s\u0259viyy\u0259si il\u0259 dikt\u0259 edil\u0259n sa\u011flam yana\u015fman\u0131 n\u0259z\u0259rd\u0259 tutur.<\/p>\n<p>AVISEC MMC \u0130T infrastrukturunu qorumaq \u00fc\u00e7\u00fcn b\u00fct\u00fcn laz\u0131mi mexanizml\u0259ri h\u0259yata ke\u00e7ir\u0259n geni\u015f informasiya t\u0259hl\u00fck\u0259sizliyi h\u0259ll\u0259ri portfelini t\u0259klif edir.<\/p>","protected":false},"author":1,"featured_media":3351,"parent":0,"menu_order":0,"comment_status":"closed","ping_status":"closed","template":"elementor_header_footer","meta":{"footnotes":""},"class_list":["post-3350","page","type-page","status-publish","has-post-thumbnail","hentry"],"yoast_head":"<!-- This site is optimized with the Yoast SEO plugin v27.4 - https:\/\/yoast.com\/product\/yoast-seo-wordpress\/ -->\n<title>\u0130nformasiya\u00a0t\u0259hl\u00fck\u0259sizliyi - Texnologiya H\u0259ll\u0259ri<\/title>\n<meta name=\"description\" content=\"AVISEC biznes v\u0259 s\u0259naye obyektl\u0259ri \u00fc\u00e7\u00fcn video m\u00fc\u015fahid\u0259, giri\u015f idar\u0259etm\u0259 v\u0259 t\u0259hl\u00fck\u0259sizlik sisteml\u0259rinin layih\u0259l\u0259ndirilm\u0259si v\u0259 t\u0259tbiqi xidm\u0259tl\u0259rini t\u0259qdim edir.\" \/>\n<meta name=\"robots\" content=\"index, follow, max-snippet:-1, max-image-preview:large, max-video-preview:-1\" \/>\n<link rel=\"canonical\" href=\"https:\/\/avisec.az\/az\/information-security\/\" \/>\n<meta property=\"og:locale\" content=\"az_AZ\" \/>\n<meta property=\"og:type\" content=\"article\" \/>\n<meta property=\"og:title\" content=\"\u0130nformasiya\u00a0t\u0259hl\u00fck\u0259sizliyi - Texnologiya H\u0259ll\u0259ri\" \/>\n<meta property=\"og:description\" content=\"AVISEC biznes v\u0259 s\u0259naye obyektl\u0259ri \u00fc\u00e7\u00fcn video m\u00fc\u015fahid\u0259, giri\u015f idar\u0259etm\u0259 v\u0259 t\u0259hl\u00fck\u0259sizlik sisteml\u0259rinin layih\u0259l\u0259ndirilm\u0259si v\u0259 t\u0259tbiqi xidm\u0259tl\u0259rini t\u0259qdim edir.\" \/>\n<meta property=\"og:url\" content=\"https:\/\/avisec.az\/az\/information-security\/\" \/>\n<meta property=\"og:site_name\" content=\"Texnologiya H\u0259ll\u0259ri\" \/>\n<meta property=\"article:modified_time\" content=\"2025-11-26T07:33:11+00:00\" \/>\n<meta property=\"og:image\" content=\"https:\/\/avisec.az\/wp-content\/uploads\/2025\/11\/7712-1.webp\" \/>\n\t<meta property=\"og:image:width\" content=\"1000\" \/>\n\t<meta property=\"og:image:height\" content=\"667\" \/>\n\t<meta property=\"og:image:type\" content=\"image\/webp\" \/>\n<meta name=\"twitter:card\" content=\"summary_large_image\" \/>\n<meta name=\"twitter:label1\" content=\"Est. reading time\" \/>\n\t<meta name=\"twitter:data1\" content=\"1 minute\" \/>\n<script type=\"application\/ld+json\" class=\"yoast-schema-graph\">{\"@context\":\"https:\\\/\\\/schema.org\",\"@graph\":[{\"@type\":\"WebPage\",\"@id\":\"https:\\\/\\\/avisec.az\\\/information-security\\\/\",\"url\":\"https:\\\/\\\/avisec.az\\\/information-security\\\/\",\"name\":\"\u0130nformasiya\u00a0t\u0259hl\u00fck\u0259sizliyi - Texnologiya H\u0259ll\u0259ri\",\"isPartOf\":{\"@id\":\"https:\\\/\\\/avisec.az\\\/#website\"},\"primaryImageOfPage\":{\"@id\":\"https:\\\/\\\/avisec.az\\\/information-security\\\/#primaryimage\"},\"image\":{\"@id\":\"https:\\\/\\\/avisec.az\\\/information-security\\\/#primaryimage\"},\"thumbnailUrl\":\"https:\\\/\\\/avisec.az\\\/wp-content\\\/uploads\\\/2025\\\/11\\\/7712-1.webp\",\"datePublished\":\"2025-11-25T11:54:19+00:00\",\"dateModified\":\"2025-11-26T07:33:11+00:00\",\"description\":\"AVISEC biznes v\u0259 s\u0259naye obyektl\u0259ri \u00fc\u00e7\u00fcn video m\u00fc\u015fahid\u0259, giri\u015f idar\u0259etm\u0259 v\u0259 t\u0259hl\u00fck\u0259sizlik sisteml\u0259rinin layih\u0259l\u0259ndirilm\u0259si v\u0259 t\u0259tbiqi xidm\u0259tl\u0259rini t\u0259qdim edir.\",\"breadcrumb\":{\"@id\":\"https:\\\/\\\/avisec.az\\\/information-security\\\/#breadcrumb\"},\"inLanguage\":\"az\",\"potentialAction\":[{\"@type\":\"ReadAction\",\"target\":[\"https:\\\/\\\/avisec.az\\\/information-security\\\/\"]}]},{\"@type\":\"ImageObject\",\"inLanguage\":\"az\",\"@id\":\"https:\\\/\\\/avisec.az\\\/information-security\\\/#primaryimage\",\"url\":\"https:\\\/\\\/avisec.az\\\/wp-content\\\/uploads\\\/2025\\\/11\\\/7712-1.webp\",\"contentUrl\":\"https:\\\/\\\/avisec.az\\\/wp-content\\\/uploads\\\/2025\\\/11\\\/7712-1.webp\",\"width\":1000,\"height\":667},{\"@type\":\"BreadcrumbList\",\"@id\":\"https:\\\/\\\/avisec.az\\\/information-security\\\/#breadcrumb\",\"itemListElement\":[{\"@type\":\"ListItem\",\"position\":1,\"name\":\"Home\",\"item\":\"https:\\\/\\\/avisec.az\\\/\"},{\"@type\":\"ListItem\",\"position\":2,\"name\":\"\u0130nformasiya\u00a0t\u0259hl\u00fck\u0259sizliyi\"}]},{\"@type\":\"WebSite\",\"@id\":\"https:\\\/\\\/avisec.az\\\/#website\",\"url\":\"https:\\\/\\\/avisec.az\\\/\",\"name\":\"Avisec Texnologiya H\u0259ll\u0259ri\",\"description\":\"\u0130nnovasiyalar\u0131n G\u00fccl\u0259ndirilm\u0259si, M\u00fcv\u0259ff\u0259qiyy\u0259tin T\u0259min Edilm\u0259si.\",\"publisher\":{\"@id\":\"https:\\\/\\\/avisec.az\\\/#organization\"},\"alternateName\":\"Avisec Texnologiya H\u0259ll\u0259ri\",\"potentialAction\":[{\"@type\":\"SearchAction\",\"target\":{\"@type\":\"EntryPoint\",\"urlTemplate\":\"https:\\\/\\\/avisec.az\\\/?s={search_term_string}\"},\"query-input\":{\"@type\":\"PropertyValueSpecification\",\"valueRequired\":true,\"valueName\":\"search_term_string\"}}],\"inLanguage\":\"az\"},{\"@type\":\"Organization\",\"@id\":\"https:\\\/\\\/avisec.az\\\/#organization\",\"name\":\"Avisec Texnologiya H\u0259ll\u0259ri\",\"alternateName\":\"Avisec Technology Solutions\",\"url\":\"https:\\\/\\\/avisec.az\\\/\",\"logo\":{\"@type\":\"ImageObject\",\"inLanguage\":\"az\",\"@id\":\"https:\\\/\\\/avisec.az\\\/#\\\/schema\\\/logo\\\/image\\\/\",\"url\":\"https:\\\/\\\/avisec.az\\\/wp-content\\\/uploads\\\/2025\\\/07\\\/Untitled15_20251022140103.webp\",\"contentUrl\":\"https:\\\/\\\/avisec.az\\\/wp-content\\\/uploads\\\/2025\\\/07\\\/Untitled15_20251022140103.webp\",\"width\":500,\"height\":200,\"caption\":\"Avisec Texnologiya H\u0259ll\u0259ri\"},\"image\":{\"@id\":\"https:\\\/\\\/avisec.az\\\/#\\\/schema\\\/logo\\\/image\\\/\"}}]}<\/script>\n<!-- \/ Yoast SEO plugin. -->","yoast_head_json":{"title":"\u0130nformasiya\u00a0t\u0259hl\u00fck\u0259sizliyi - Texnologiya H\u0259ll\u0259ri","description":"AVISEC biznes v\u0259 s\u0259naye obyektl\u0259ri \u00fc\u00e7\u00fcn video m\u00fc\u015fahid\u0259, giri\u015f idar\u0259etm\u0259 v\u0259 t\u0259hl\u00fck\u0259sizlik sisteml\u0259rinin layih\u0259l\u0259ndirilm\u0259si v\u0259 t\u0259tbiqi xidm\u0259tl\u0259rini t\u0259qdim edir.","robots":{"index":"index","follow":"follow","max-snippet":"max-snippet:-1","max-image-preview":"max-image-preview:large","max-video-preview":"max-video-preview:-1"},"canonical":"https:\/\/avisec.az\/az\/information-security\/","og_locale":"az_AZ","og_type":"article","og_title":"\u0130nformasiya\u00a0t\u0259hl\u00fck\u0259sizliyi - Texnologiya H\u0259ll\u0259ri","og_description":"AVISEC biznes v\u0259 s\u0259naye obyektl\u0259ri \u00fc\u00e7\u00fcn video m\u00fc\u015fahid\u0259, giri\u015f idar\u0259etm\u0259 v\u0259 t\u0259hl\u00fck\u0259sizlik sisteml\u0259rinin layih\u0259l\u0259ndirilm\u0259si v\u0259 t\u0259tbiqi xidm\u0259tl\u0259rini t\u0259qdim edir.","og_url":"https:\/\/avisec.az\/az\/information-security\/","og_site_name":"Texnologiya H\u0259ll\u0259ri","article_modified_time":"2025-11-26T07:33:11+00:00","og_image":[{"width":1000,"height":667,"url":"https:\/\/avisec.az\/wp-content\/uploads\/2025\/11\/7712-1.webp","type":"image\/webp"}],"twitter_card":"summary_large_image","twitter_misc":{"Est. reading time":"1 minute"},"schema":{"@context":"https:\/\/schema.org","@graph":[{"@type":"WebPage","@id":"https:\/\/avisec.az\/information-security\/","url":"https:\/\/avisec.az\/information-security\/","name":"\u0130nformasiya\u00a0t\u0259hl\u00fck\u0259sizliyi - Texnologiya H\u0259ll\u0259ri","isPartOf":{"@id":"https:\/\/avisec.az\/#website"},"primaryImageOfPage":{"@id":"https:\/\/avisec.az\/information-security\/#primaryimage"},"image":{"@id":"https:\/\/avisec.az\/information-security\/#primaryimage"},"thumbnailUrl":"https:\/\/avisec.az\/wp-content\/uploads\/2025\/11\/7712-1.webp","datePublished":"2025-11-25T11:54:19+00:00","dateModified":"2025-11-26T07:33:11+00:00","description":"AVISEC biznes v\u0259 s\u0259naye obyektl\u0259ri \u00fc\u00e7\u00fcn video m\u00fc\u015fahid\u0259, giri\u015f idar\u0259etm\u0259 v\u0259 t\u0259hl\u00fck\u0259sizlik sisteml\u0259rinin layih\u0259l\u0259ndirilm\u0259si v\u0259 t\u0259tbiqi xidm\u0259tl\u0259rini t\u0259qdim edir.","breadcrumb":{"@id":"https:\/\/avisec.az\/information-security\/#breadcrumb"},"inLanguage":"az","potentialAction":[{"@type":"ReadAction","target":["https:\/\/avisec.az\/information-security\/"]}]},{"@type":"ImageObject","inLanguage":"az","@id":"https:\/\/avisec.az\/information-security\/#primaryimage","url":"https:\/\/avisec.az\/wp-content\/uploads\/2025\/11\/7712-1.webp","contentUrl":"https:\/\/avisec.az\/wp-content\/uploads\/2025\/11\/7712-1.webp","width":1000,"height":667},{"@type":"BreadcrumbList","@id":"https:\/\/avisec.az\/information-security\/#breadcrumb","itemListElement":[{"@type":"ListItem","position":1,"name":"Home","item":"https:\/\/avisec.az\/"},{"@type":"ListItem","position":2,"name":"\u0130nformasiya\u00a0t\u0259hl\u00fck\u0259sizliyi"}]},{"@type":"WebSite","@id":"https:\/\/avisec.az\/#website","url":"https:\/\/avisec.az\/","name":"Avisec Texnologiya H\u0259ll\u0259ri","description":"\u0130nnovasiyalar\u0131n G\u00fccl\u0259ndirilm\u0259si, M\u00fcv\u0259ff\u0259qiyy\u0259tin T\u0259min Edilm\u0259si.","publisher":{"@id":"https:\/\/avisec.az\/#organization"},"alternateName":"Avisec Texnologiya H\u0259ll\u0259ri","potentialAction":[{"@type":"SearchAction","target":{"@type":"EntryPoint","urlTemplate":"https:\/\/avisec.az\/?s={search_term_string}"},"query-input":{"@type":"PropertyValueSpecification","valueRequired":true,"valueName":"search_term_string"}}],"inLanguage":"az"},{"@type":"Organization","@id":"https:\/\/avisec.az\/#organization","name":"Avisec Texnologiya H\u0259ll\u0259ri","alternateName":"Avisec Technology Solutions","url":"https:\/\/avisec.az\/","logo":{"@type":"ImageObject","inLanguage":"az","@id":"https:\/\/avisec.az\/#\/schema\/logo\/image\/","url":"https:\/\/avisec.az\/wp-content\/uploads\/2025\/07\/Untitled15_20251022140103.webp","contentUrl":"https:\/\/avisec.az\/wp-content\/uploads\/2025\/07\/Untitled15_20251022140103.webp","width":500,"height":200,"caption":"Avisec Texnologiya H\u0259ll\u0259ri"},"image":{"@id":"https:\/\/avisec.az\/#\/schema\/logo\/image\/"}}]}},"_links":{"self":[{"href":"https:\/\/avisec.az\/az\/wp-json\/wp\/v2\/pages\/3350","targetHints":{"allow":["GET"]}}],"collection":[{"href":"https:\/\/avisec.az\/az\/wp-json\/wp\/v2\/pages"}],"about":[{"href":"https:\/\/avisec.az\/az\/wp-json\/wp\/v2\/types\/page"}],"author":[{"embeddable":true,"href":"https:\/\/avisec.az\/az\/wp-json\/wp\/v2\/users\/1"}],"replies":[{"embeddable":true,"href":"https:\/\/avisec.az\/az\/wp-json\/wp\/v2\/comments?post=3350"}],"version-history":[{"count":11,"href":"https:\/\/avisec.az\/az\/wp-json\/wp\/v2\/pages\/3350\/revisions"}],"predecessor-version":[{"id":3405,"href":"https:\/\/avisec.az\/az\/wp-json\/wp\/v2\/pages\/3350\/revisions\/3405"}],"wp:featuredmedia":[{"embeddable":true,"href":"https:\/\/avisec.az\/az\/wp-json\/wp\/v2\/media\/3351"}],"wp:attachment":[{"href":"https:\/\/avisec.az\/az\/wp-json\/wp\/v2\/media?parent=3350"}],"curies":[{"name":"wp","href":"https:\/\/api.w.org\/{rel}","templated":true}]}}