{"id":3356,"date":"2025-11-25T11:55:38","date_gmt":"2025-11-25T11:55:38","guid":{"rendered":"https:\/\/innova.megavisionint.az\/?page_id=3356"},"modified":"2025-11-26T07:51:29","modified_gmt":"2025-11-26T07:51:29","slug":"it-infrastrukturunun-yaradilmasi","status":"publish","type":"page","link":"https:\/\/avisec.az\/az\/it-infrastrukturunun-yaradilmasi\/","title":{"rendered":"\u0130T infrastrukturunun\u00a0yarad\u0131lmas\u0131"},"content":{"rendered":"<div data-elementor-type=\"wp-page\" data-elementor-id=\"3356\" class=\"elementor elementor-3356\" data-elementor-post-type=\"page\">\n\t\t\t\t<div class=\"elementor-element elementor-element-f9ed2bf e-flex e-con-boxed e-con e-parent\" data-id=\"f9ed2bf\" data-element_type=\"container\" data-e-type=\"container\">\n\t\t\t\t\t<div class=\"e-con-inner\">\n\t\t<div class=\"elementor-element elementor-element-6f31d5b e-con-full e-flex e-con e-child\" data-id=\"6f31d5b\" data-element_type=\"container\" data-e-type=\"container\" data-settings=\"{&quot;background_background&quot;:&quot;classic&quot;}\">\n\t\t\t\t<div class=\"elementor-element elementor-element-1f95fb1 elementor-widget elementor-widget-theme-post-title elementor-page-title elementor-widget-heading\" data-id=\"1f95fb1\" data-element_type=\"widget\" data-e-type=\"widget\" data-widget_type=\"theme-post-title.default\">\n\t\t\t\t\t<h1 class=\"elementor-heading-title elementor-size-default\">\u0130T infrastrukturunun\u00a0yarad\u0131lmas\u0131<\/h1>\t\t\t\t<\/div>\n\t\t\t\t<\/div>\n\t\t\t\t\t<\/div>\n\t\t\t\t<\/div>\n\t\t<div class=\"elementor-element elementor-element-1d486d9 e-flex e-con-boxed e-con e-parent\" data-id=\"1d486d9\" data-element_type=\"container\" data-e-type=\"container\">\n\t\t\t\t\t<div class=\"e-con-inner\">\n\t\t\t\t<div class=\"elementor-element elementor-element-9a5c9be elementor-widget elementor-widget-text-editor\" data-id=\"9a5c9be\" data-element_type=\"widget\" data-e-type=\"widget\" data-widget_type=\"text-editor.default\">\n\t\t\t\t\t\t\t\t\t<div class=\"wpb_text_column us_custom_20d7b8c7\"><div class=\"wpb_wrapper\"><p><span dir=\"auto\"><span class=\"VIpgJd-yAWNEb-VIpgJd-fmcmS-sn54Q\" dir=\"auto\">Xidm\u0259tl\u0259rin tam spektri: ist\u0259nil\u0259n m\u00fcr\u0259kk\u0259blikd\u0259 \u0130T sisteminin land\u015faftlar\u0131n\u0131n dizayn\u0131, tikintisi v\u0259 d\u0259st\u0259kl\u0259nm\u0259si. T\u0259cr\u00fcb\u0259mizd\u0259n, pe\u015f\u0259kar t\u0259cr\u00fcb\u0259mizd\u0259n v\u0259 t\u0259r\u0259fda\u015flar\u0131n y\u00fcks\u0259k s\u0259viyy\u0259li s\u0259ri\u015ft\u0259sind\u0259n istifad\u0259 ed\u0259r\u0259k AVISEC MMC ist\u0259nil\u0259n miqyasda, d\u00fcnya norma v\u0259 standartlar\u0131na uy\u011fun layih\u0259l\u0259r h\u0259yata ke\u00e7irir.<\/span><\/span><\/p><\/div><\/div>\t\t\t\t\t\t\t\t<\/div>\n\t\t\t\t\t<\/div>\n\t\t\t\t<\/div>\n\t\t<div class=\"elementor-element elementor-element-c9a26fb e-flex e-con-boxed e-con e-parent\" data-id=\"c9a26fb\" data-element_type=\"container\" data-e-type=\"container\">\n\t\t\t\t\t<div class=\"e-con-inner\">\n\t\t<div class=\"elementor-element elementor-element-bce3d10 e-con-full e-flex e-con e-child\" data-id=\"bce3d10\" data-element_type=\"container\" data-e-type=\"container\">\n\t\t\t\t<div class=\"elementor-element elementor-element-d3e85d4 elementor-widget elementor-widget-heading\" data-id=\"d3e85d4\" data-element_type=\"widget\" data-e-type=\"widget\" data-widget_type=\"heading.default\">\n\t\t\t\t\t<h2 class=\"elementor-heading-title elementor-size-default\">Texniki audit\n<\/h2>\t\t\t\t<\/div>\n\t\t\t\t<div class=\"elementor-element elementor-element-56643e7 elementor-widget elementor-widget-text-editor\" data-id=\"56643e7\" data-element_type=\"widget\" data-e-type=\"widget\" data-widget_type=\"text-editor.default\">\n\t\t\t\t\t\t\t\t\t<ul><li><span dir=\"auto\"><span dir=\"auto\">\u015e\u0259b\u0259k\u0259 dizayn\u0131 v\u0259 tikintisi<\/span><\/span><\/li><li><span dir=\"auto\"><span dir=\"auto\">Hiper birl\u0259\u015fmi\u015f sisteml\u0259r<\/span><\/span><\/li><li><span dir=\"auto\"><span dir=\"auto\">Virtualla\u015fd\u0131rma sisteml\u0259ri<\/span><\/span><\/li><li><span dir=\"auto\"><span dir=\"auto\">IP-telefoniya<\/span><\/span><\/li><\/ul>\t\t\t\t\t\t\t\t<\/div>\n\t\t\t\t<\/div>\n\t\t<div class=\"elementor-element elementor-element-6db401d e-con-full e-flex e-con e-child\" data-id=\"6db401d\" data-element_type=\"container\" data-e-type=\"container\">\n\t\t\t\t<div class=\"elementor-element elementor-element-ed3f93a elementor-widget elementor-widget-heading\" data-id=\"ed3f93a\" data-element_type=\"widget\" data-e-type=\"widget\" data-widget_type=\"heading.default\">\n\t\t\t\t\t<h2 class=\"elementor-heading-title elementor-size-default\">M\u0259lumat saxlama sisteml\u0259ri\n<\/h2>\t\t\t\t<\/div>\n\t\t\t\t<div class=\"elementor-element elementor-element-3ad6b17 elementor-widget elementor-widget-text-editor\" data-id=\"3ad6b17\" data-element_type=\"widget\" data-e-type=\"widget\" data-widget_type=\"text-editor.default\">\n\t\t\t\t\t\t\t\t\t<ul><li><span dir=\"auto\"><span dir=\"auto\">Veril\u0259nl\u0259r bazas\u0131<\/span><\/span><\/li><li><span dir=\"auto\"><span dir=\"auto\">Hesablama \u0130nfrastruktur<\/span><\/span><\/li><li><span dir=\"auto\"><span dir=\"auto\">Bulud infrastrukturu<\/span><\/span><\/li><\/ul>\t\t\t\t\t\t\t\t<\/div>\n\t\t\t\t<\/div>\n\t\t\t\t\t<\/div>\n\t\t\t\t<\/div>\n\t\t\t\t<\/div>","protected":false},"excerpt":{"rendered":"<p>Xidm\u0259tl\u0259rin tam spektri: ist\u0259nil\u0259n m\u00fcr\u0259kk\u0259blikd\u0259 \u0130T sisteminin land\u015faftlar\u0131n\u0131n dizayn\u0131, tikintisi v\u0259 d\u0259st\u0259kl\u0259nm\u0259si. T\u0259cr\u00fcb\u0259mizd\u0259n, pe\u015f\u0259kar t\u0259cr\u00fcb\u0259mizd\u0259n v\u0259 t\u0259r\u0259fda\u015flar\u0131n y\u00fcks\u0259k s\u0259viyy\u0259li s\u0259ri\u015ft\u0259sind\u0259n istifad\u0259 ed\u0259r\u0259k AVISEC MMC ist\u0259nil\u0259n miqyasda, d\u00fcnya norma v\u0259 standartlar\u0131na uy\u011fun layih\u0259l\u0259r h\u0259yata ke\u00e7irir.<\/p>","protected":false},"author":1,"featured_media":3357,"parent":0,"menu_order":0,"comment_status":"closed","ping_status":"closed","template":"elementor_header_footer","meta":{"footnotes":""},"class_list":["post-3356","page","type-page","status-publish","has-post-thumbnail","hentry"],"yoast_head":"<!-- This site is optimized with the Yoast SEO plugin v27.4 - https:\/\/yoast.com\/product\/yoast-seo-wordpress\/ -->\n<title>\u0130T infrastrukturunun\u00a0yarad\u0131lmas\u0131 - Texnologiya H\u0259ll\u0259ri<\/title>\n<meta name=\"description\" content=\"AVISEC biznes v\u0259 s\u0259naye obyektl\u0259ri \u00fc\u00e7\u00fcn video m\u00fc\u015fahid\u0259, giri\u015f idar\u0259etm\u0259 v\u0259 t\u0259hl\u00fck\u0259sizlik sisteml\u0259rinin layih\u0259l\u0259ndirilm\u0259si v\u0259 t\u0259tbiqi xidm\u0259tl\u0259rini t\u0259qdim edir.\" \/>\n<meta name=\"robots\" content=\"index, follow, max-snippet:-1, max-image-preview:large, max-video-preview:-1\" \/>\n<link rel=\"canonical\" href=\"https:\/\/avisec.az\/az\/it-infrastrukturunun-yaradilmasi\/\" \/>\n<meta property=\"og:locale\" content=\"az_AZ\" \/>\n<meta property=\"og:type\" content=\"article\" \/>\n<meta property=\"og:title\" content=\"\u0130T infrastrukturunun\u00a0yarad\u0131lmas\u0131 - Texnologiya H\u0259ll\u0259ri\" \/>\n<meta property=\"og:description\" content=\"AVISEC biznes v\u0259 s\u0259naye obyektl\u0259ri \u00fc\u00e7\u00fcn video m\u00fc\u015fahid\u0259, giri\u015f idar\u0259etm\u0259 v\u0259 t\u0259hl\u00fck\u0259sizlik sisteml\u0259rinin layih\u0259l\u0259ndirilm\u0259si v\u0259 t\u0259tbiqi xidm\u0259tl\u0259rini t\u0259qdim edir.\" \/>\n<meta property=\"og:url\" content=\"https:\/\/avisec.az\/az\/it-infrastrukturunun-yaradilmasi\/\" \/>\n<meta property=\"og:site_name\" content=\"Texnologiya H\u0259ll\u0259ri\" \/>\n<meta property=\"article:modified_time\" content=\"2025-11-26T07:51:29+00:00\" \/>\n<meta property=\"og:image\" content=\"https:\/\/avisec.az\/wp-content\/uploads\/2025\/11\/7953-1.webp\" \/>\n\t<meta property=\"og:image:width\" content=\"1000\" \/>\n\t<meta property=\"og:image:height\" content=\"667\" \/>\n\t<meta property=\"og:image:type\" content=\"image\/webp\" \/>\n<meta name=\"twitter:card\" content=\"summary_large_image\" \/>\n<meta name=\"twitter:label1\" content=\"Est. reading time\" \/>\n\t<meta name=\"twitter:data1\" content=\"1 minute\" \/>\n<script type=\"application\/ld+json\" class=\"yoast-schema-graph\">{\"@context\":\"https:\\\/\\\/schema.org\",\"@graph\":[{\"@type\":\"WebPage\",\"@id\":\"https:\\\/\\\/avisec.az\\\/it-infrastrukturunun-yaradilmasi\\\/\",\"url\":\"https:\\\/\\\/avisec.az\\\/it-infrastrukturunun-yaradilmasi\\\/\",\"name\":\"\u0130T infrastrukturunun\u00a0yarad\u0131lmas\u0131 - Texnologiya H\u0259ll\u0259ri\",\"isPartOf\":{\"@id\":\"https:\\\/\\\/avisec.az\\\/#website\"},\"primaryImageOfPage\":{\"@id\":\"https:\\\/\\\/avisec.az\\\/it-infrastrukturunun-yaradilmasi\\\/#primaryimage\"},\"image\":{\"@id\":\"https:\\\/\\\/avisec.az\\\/it-infrastrukturunun-yaradilmasi\\\/#primaryimage\"},\"thumbnailUrl\":\"https:\\\/\\\/avisec.az\\\/wp-content\\\/uploads\\\/2025\\\/11\\\/7953-1.webp\",\"datePublished\":\"2025-11-25T11:55:38+00:00\",\"dateModified\":\"2025-11-26T07:51:29+00:00\",\"description\":\"AVISEC biznes v\u0259 s\u0259naye obyektl\u0259ri \u00fc\u00e7\u00fcn video m\u00fc\u015fahid\u0259, giri\u015f idar\u0259etm\u0259 v\u0259 t\u0259hl\u00fck\u0259sizlik sisteml\u0259rinin layih\u0259l\u0259ndirilm\u0259si v\u0259 t\u0259tbiqi xidm\u0259tl\u0259rini t\u0259qdim edir.\",\"breadcrumb\":{\"@id\":\"https:\\\/\\\/avisec.az\\\/it-infrastrukturunun-yaradilmasi\\\/#breadcrumb\"},\"inLanguage\":\"az\",\"potentialAction\":[{\"@type\":\"ReadAction\",\"target\":[\"https:\\\/\\\/avisec.az\\\/it-infrastrukturunun-yaradilmasi\\\/\"]}]},{\"@type\":\"ImageObject\",\"inLanguage\":\"az\",\"@id\":\"https:\\\/\\\/avisec.az\\\/it-infrastrukturunun-yaradilmasi\\\/#primaryimage\",\"url\":\"https:\\\/\\\/avisec.az\\\/wp-content\\\/uploads\\\/2025\\\/11\\\/7953-1.webp\",\"contentUrl\":\"https:\\\/\\\/avisec.az\\\/wp-content\\\/uploads\\\/2025\\\/11\\\/7953-1.webp\",\"width\":1000,\"height\":667},{\"@type\":\"BreadcrumbList\",\"@id\":\"https:\\\/\\\/avisec.az\\\/it-infrastrukturunun-yaradilmasi\\\/#breadcrumb\",\"itemListElement\":[{\"@type\":\"ListItem\",\"position\":1,\"name\":\"Home\",\"item\":\"https:\\\/\\\/avisec.az\\\/\"},{\"@type\":\"ListItem\",\"position\":2,\"name\":\"\u0130T infrastrukturunun\u00a0yarad\u0131lmas\u0131\"}]},{\"@type\":\"WebSite\",\"@id\":\"https:\\\/\\\/avisec.az\\\/#website\",\"url\":\"https:\\\/\\\/avisec.az\\\/\",\"name\":\"Avisec Texnologiya H\u0259ll\u0259ri\",\"description\":\"\u0130nnovasiyalar\u0131n G\u00fccl\u0259ndirilm\u0259si, M\u00fcv\u0259ff\u0259qiyy\u0259tin T\u0259min Edilm\u0259si.\",\"publisher\":{\"@id\":\"https:\\\/\\\/avisec.az\\\/#organization\"},\"alternateName\":\"Avisec Texnologiya H\u0259ll\u0259ri\",\"potentialAction\":[{\"@type\":\"SearchAction\",\"target\":{\"@type\":\"EntryPoint\",\"urlTemplate\":\"https:\\\/\\\/avisec.az\\\/?s={search_term_string}\"},\"query-input\":{\"@type\":\"PropertyValueSpecification\",\"valueRequired\":true,\"valueName\":\"search_term_string\"}}],\"inLanguage\":\"az\"},{\"@type\":\"Organization\",\"@id\":\"https:\\\/\\\/avisec.az\\\/#organization\",\"name\":\"Avisec Texnologiya H\u0259ll\u0259ri\",\"alternateName\":\"Avisec Technology Solutions\",\"url\":\"https:\\\/\\\/avisec.az\\\/\",\"logo\":{\"@type\":\"ImageObject\",\"inLanguage\":\"az\",\"@id\":\"https:\\\/\\\/avisec.az\\\/#\\\/schema\\\/logo\\\/image\\\/\",\"url\":\"https:\\\/\\\/avisec.az\\\/wp-content\\\/uploads\\\/2025\\\/07\\\/Untitled15_20251022140103.webp\",\"contentUrl\":\"https:\\\/\\\/avisec.az\\\/wp-content\\\/uploads\\\/2025\\\/07\\\/Untitled15_20251022140103.webp\",\"width\":500,\"height\":200,\"caption\":\"Avisec Texnologiya H\u0259ll\u0259ri\"},\"image\":{\"@id\":\"https:\\\/\\\/avisec.az\\\/#\\\/schema\\\/logo\\\/image\\\/\"}}]}<\/script>\n<!-- \/ Yoast SEO plugin. -->","yoast_head_json":{"title":"\u0130T infrastrukturunun\u00a0yarad\u0131lmas\u0131 - Texnologiya H\u0259ll\u0259ri","description":"AVISEC biznes v\u0259 s\u0259naye obyektl\u0259ri \u00fc\u00e7\u00fcn video m\u00fc\u015fahid\u0259, giri\u015f idar\u0259etm\u0259 v\u0259 t\u0259hl\u00fck\u0259sizlik sisteml\u0259rinin layih\u0259l\u0259ndirilm\u0259si v\u0259 t\u0259tbiqi xidm\u0259tl\u0259rini t\u0259qdim edir.","robots":{"index":"index","follow":"follow","max-snippet":"max-snippet:-1","max-image-preview":"max-image-preview:large","max-video-preview":"max-video-preview:-1"},"canonical":"https:\/\/avisec.az\/az\/it-infrastrukturunun-yaradilmasi\/","og_locale":"az_AZ","og_type":"article","og_title":"\u0130T infrastrukturunun\u00a0yarad\u0131lmas\u0131 - Texnologiya H\u0259ll\u0259ri","og_description":"AVISEC biznes v\u0259 s\u0259naye obyektl\u0259ri \u00fc\u00e7\u00fcn video m\u00fc\u015fahid\u0259, giri\u015f idar\u0259etm\u0259 v\u0259 t\u0259hl\u00fck\u0259sizlik sisteml\u0259rinin layih\u0259l\u0259ndirilm\u0259si v\u0259 t\u0259tbiqi xidm\u0259tl\u0259rini t\u0259qdim edir.","og_url":"https:\/\/avisec.az\/az\/it-infrastrukturunun-yaradilmasi\/","og_site_name":"Texnologiya H\u0259ll\u0259ri","article_modified_time":"2025-11-26T07:51:29+00:00","og_image":[{"width":1000,"height":667,"url":"https:\/\/avisec.az\/wp-content\/uploads\/2025\/11\/7953-1.webp","type":"image\/webp"}],"twitter_card":"summary_large_image","twitter_misc":{"Est. reading time":"1 minute"},"schema":{"@context":"https:\/\/schema.org","@graph":[{"@type":"WebPage","@id":"https:\/\/avisec.az\/it-infrastrukturunun-yaradilmasi\/","url":"https:\/\/avisec.az\/it-infrastrukturunun-yaradilmasi\/","name":"\u0130T infrastrukturunun\u00a0yarad\u0131lmas\u0131 - Texnologiya H\u0259ll\u0259ri","isPartOf":{"@id":"https:\/\/avisec.az\/#website"},"primaryImageOfPage":{"@id":"https:\/\/avisec.az\/it-infrastrukturunun-yaradilmasi\/#primaryimage"},"image":{"@id":"https:\/\/avisec.az\/it-infrastrukturunun-yaradilmasi\/#primaryimage"},"thumbnailUrl":"https:\/\/avisec.az\/wp-content\/uploads\/2025\/11\/7953-1.webp","datePublished":"2025-11-25T11:55:38+00:00","dateModified":"2025-11-26T07:51:29+00:00","description":"AVISEC biznes v\u0259 s\u0259naye obyektl\u0259ri \u00fc\u00e7\u00fcn video m\u00fc\u015fahid\u0259, giri\u015f idar\u0259etm\u0259 v\u0259 t\u0259hl\u00fck\u0259sizlik sisteml\u0259rinin layih\u0259l\u0259ndirilm\u0259si v\u0259 t\u0259tbiqi xidm\u0259tl\u0259rini t\u0259qdim edir.","breadcrumb":{"@id":"https:\/\/avisec.az\/it-infrastrukturunun-yaradilmasi\/#breadcrumb"},"inLanguage":"az","potentialAction":[{"@type":"ReadAction","target":["https:\/\/avisec.az\/it-infrastrukturunun-yaradilmasi\/"]}]},{"@type":"ImageObject","inLanguage":"az","@id":"https:\/\/avisec.az\/it-infrastrukturunun-yaradilmasi\/#primaryimage","url":"https:\/\/avisec.az\/wp-content\/uploads\/2025\/11\/7953-1.webp","contentUrl":"https:\/\/avisec.az\/wp-content\/uploads\/2025\/11\/7953-1.webp","width":1000,"height":667},{"@type":"BreadcrumbList","@id":"https:\/\/avisec.az\/it-infrastrukturunun-yaradilmasi\/#breadcrumb","itemListElement":[{"@type":"ListItem","position":1,"name":"Home","item":"https:\/\/avisec.az\/"},{"@type":"ListItem","position":2,"name":"\u0130T infrastrukturunun\u00a0yarad\u0131lmas\u0131"}]},{"@type":"WebSite","@id":"https:\/\/avisec.az\/#website","url":"https:\/\/avisec.az\/","name":"Avisec Texnologiya H\u0259ll\u0259ri","description":"\u0130nnovasiyalar\u0131n G\u00fccl\u0259ndirilm\u0259si, M\u00fcv\u0259ff\u0259qiyy\u0259tin T\u0259min Edilm\u0259si.","publisher":{"@id":"https:\/\/avisec.az\/#organization"},"alternateName":"Avisec Texnologiya H\u0259ll\u0259ri","potentialAction":[{"@type":"SearchAction","target":{"@type":"EntryPoint","urlTemplate":"https:\/\/avisec.az\/?s={search_term_string}"},"query-input":{"@type":"PropertyValueSpecification","valueRequired":true,"valueName":"search_term_string"}}],"inLanguage":"az"},{"@type":"Organization","@id":"https:\/\/avisec.az\/#organization","name":"Avisec Texnologiya H\u0259ll\u0259ri","alternateName":"Avisec Technology Solutions","url":"https:\/\/avisec.az\/","logo":{"@type":"ImageObject","inLanguage":"az","@id":"https:\/\/avisec.az\/#\/schema\/logo\/image\/","url":"https:\/\/avisec.az\/wp-content\/uploads\/2025\/07\/Untitled15_20251022140103.webp","contentUrl":"https:\/\/avisec.az\/wp-content\/uploads\/2025\/07\/Untitled15_20251022140103.webp","width":500,"height":200,"caption":"Avisec Texnologiya H\u0259ll\u0259ri"},"image":{"@id":"https:\/\/avisec.az\/#\/schema\/logo\/image\/"}}]}},"_links":{"self":[{"href":"https:\/\/avisec.az\/az\/wp-json\/wp\/v2\/pages\/3356","targetHints":{"allow":["GET"]}}],"collection":[{"href":"https:\/\/avisec.az\/az\/wp-json\/wp\/v2\/pages"}],"about":[{"href":"https:\/\/avisec.az\/az\/wp-json\/wp\/v2\/types\/page"}],"author":[{"embeddable":true,"href":"https:\/\/avisec.az\/az\/wp-json\/wp\/v2\/users\/1"}],"replies":[{"embeddable":true,"href":"https:\/\/avisec.az\/az\/wp-json\/wp\/v2\/comments?post=3356"}],"version-history":[{"count":4,"href":"https:\/\/avisec.az\/az\/wp-json\/wp\/v2\/pages\/3356\/revisions"}],"predecessor-version":[{"id":3425,"href":"https:\/\/avisec.az\/az\/wp-json\/wp\/v2\/pages\/3356\/revisions\/3425"}],"wp:featuredmedia":[{"embeddable":true,"href":"https:\/\/avisec.az\/az\/wp-json\/wp\/v2\/media\/3357"}],"wp:attachment":[{"href":"https:\/\/avisec.az\/az\/wp-json\/wp\/v2\/media?parent=3356"}],"curies":[{"name":"wp","href":"https:\/\/api.w.org\/{rel}","templated":true}]}}