{"id":3359,"date":"2025-11-25T11:56:20","date_gmt":"2025-11-25T11:56:20","guid":{"rendered":"https:\/\/innova.megavisionint.az\/?page_id=3359"},"modified":"2025-11-26T08:02:37","modified_gmt":"2025-11-26T08:02:37","slug":"s%c9%99b%c9%99k%c9%99-infrastruktur","status":"publish","type":"page","link":"https:\/\/avisec.az\/az\/s%c9%99b%c9%99k%c9%99-infrastruktur\/","title":{"rendered":"\u015e\u0259b\u0259k\u0259\u00a0\u0130nfrastruktur"},"content":{"rendered":"<div data-elementor-type=\"wp-page\" data-elementor-id=\"3359\" class=\"elementor elementor-3359\" data-elementor-post-type=\"page\">\n\t\t\t\t<div class=\"elementor-element elementor-element-37d3008 e-flex e-con-boxed e-con e-parent\" data-id=\"37d3008\" data-element_type=\"container\" data-e-type=\"container\">\n\t\t\t\t\t<div class=\"e-con-inner\">\n\t\t<div class=\"elementor-element elementor-element-9959d1e e-con-full e-flex e-con e-child\" data-id=\"9959d1e\" data-element_type=\"container\" data-e-type=\"container\" data-settings=\"{&quot;background_background&quot;:&quot;classic&quot;}\">\n\t\t\t\t<div class=\"elementor-element elementor-element-d7f0fef elementor-widget elementor-widget-theme-post-title elementor-page-title elementor-widget-heading\" data-id=\"d7f0fef\" data-element_type=\"widget\" data-e-type=\"widget\" data-widget_type=\"theme-post-title.default\">\n\t\t\t\t\t<h1 class=\"elementor-heading-title elementor-size-default\">\u015e\u0259b\u0259k\u0259\u00a0\u0130nfrastruktur<\/h1>\t\t\t\t<\/div>\n\t\t\t\t<\/div>\n\t\t\t\t\t<\/div>\n\t\t\t\t<\/div>\n\t\t<div class=\"elementor-element elementor-element-cde0769 e-flex e-con-boxed e-con e-parent\" data-id=\"cde0769\" data-element_type=\"container\" data-e-type=\"container\">\n\t\t\t\t\t<div class=\"e-con-inner\">\n\t\t\t\t<div class=\"elementor-element elementor-element-35c3a72 elementor-widget elementor-widget-text-editor\" data-id=\"35c3a72\" data-element_type=\"widget\" data-e-type=\"widget\" data-widget_type=\"text-editor.default\">\n\t\t\t\t\t\t\t\t\t<div class=\"wpb_text_column us_custom_20d7b8c7\"><div class=\"wpb_wrapper\"><p><span dir=\"auto\">AVISEC MMC \u015firk\u0259tl\u0259r\u0259 \u0259sas biznes proqramlar\u0131n\u0131n v\u0259 xidm\u0259tl\u0259rinin fasil\u0259siz v\u0259 t\u0259hl\u00fck\u0259siz i\u015fl\u0259m\u0259sini t\u0259min etm\u0259y\u0259 imkan ver\u0259n m\u00fcasir v\u0259 etibarl\u0131 \u015f\u0259b\u0259k\u0259 h\u0259ll\u0259rinin auditini, dizayn\u0131n\u0131, tikintisini v\u0259 d\u0259st\u0259yini t\u0259min edir. H\u0259ll portfelin\u0259 h\u0259m \u0259sas m\u0259hsullar, h\u0259m d\u0259 d\u00fcnya bazar\u0131n\u0131n liderl\u0259ri olan Cisco, HUAWEI, Chek Point, Hewlett-Packard Enterprise v\u0259 s. \u015firk\u0259tl\u0259rd\u0259n SD-WAN, SDN kimi innovativ texnologiyalar daxildir.<\/span><\/p><\/div><\/div>\t\t\t\t\t\t\t\t<\/div>\n\t\t\t\t\t<\/div>\n\t\t\t\t<\/div>\n\t\t<div class=\"elementor-element elementor-element-ea8de90 e-flex e-con-boxed e-con e-parent\" data-id=\"ea8de90\" data-element_type=\"container\" data-e-type=\"container\">\n\t\t\t\t\t<div class=\"e-con-inner\">\n\t\t<div class=\"elementor-element elementor-element-7a4b3d2 e-con-full e-flex e-con e-child\" data-id=\"7a4b3d2\" data-element_type=\"container\" data-e-type=\"container\">\n\t\t\t\t<div class=\"elementor-element elementor-element-3e35e35 elementor-widget elementor-widget-heading\" data-id=\"3e35e35\" data-element_type=\"widget\" data-e-type=\"widget\" data-widget_type=\"heading.default\">\n\t\t\t\t\t<h2 class=\"elementor-heading-title elementor-size-default\">Yerli \u015e\u0259b\u0259k\u0259l\u0259r\n<\/h2>\t\t\t\t<\/div>\n\t\t\t\t<div class=\"elementor-element elementor-element-ef83db5 elementor-widget elementor-widget-text-editor\" data-id=\"ef83db5\" data-element_type=\"widget\" data-e-type=\"widget\" data-widget_type=\"text-editor.default\">\n\t\t\t\t\t\t\t\t\t<ul><li><span dir=\"auto\"><span dir=\"auto\">Co\u011frafi olaraq Paylanm\u0131\u015f Korporativ \u015e\u0259b\u0259k\u0259l\u0259r<\/span><\/span><\/li><li><span dir=\"auto\"><span dir=\"auto\">Geolokasiya xidm\u0259ti v\u0259 qabaqc\u0131l analitika il\u0259 simsiz Wi-Fi \u015f\u0259b\u0259k\u0259l\u0259ri<\/span><\/span><\/li><li><span dir=\"auto\"><span dir=\"auto\">Proqram t\u0259minat\u0131 il\u0259 m\u00fc\u0259yy\u0259n edilmi\u015f \u015f\u0259b\u0259k\u0259l\u0259r (SD-WAN, SDN h\u0259ll\u0259ri)<\/span><\/span><\/li><\/ul>\t\t\t\t\t\t\t\t<\/div>\n\t\t\t\t<\/div>\n\t\t<div class=\"elementor-element elementor-element-4251492 e-con-full e-flex e-con e-child\" data-id=\"4251492\" data-element_type=\"container\" data-e-type=\"container\">\n\t\t\t\t<div class=\"elementor-element elementor-element-2a6bb10 elementor-widget elementor-widget-heading\" data-id=\"2a6bb10\" data-element_type=\"widget\" data-e-type=\"widget\" data-widget_type=\"heading.default\">\n\t\t\t\t\t<h2 class=\"elementor-heading-title elementor-size-default\">WAN optimalla\u015fd\u0131r\u0131lmas\u0131\n<\/h2>\t\t\t\t<\/div>\n\t\t\t\t<div class=\"elementor-element elementor-element-aabdd98 elementor-widget elementor-widget-text-editor\" data-id=\"aabdd98\" data-element_type=\"widget\" data-e-type=\"widget\" data-widget_type=\"text-editor.default\">\n\t\t\t\t\t\t\t\t\t<ul><li><span dir=\"auto\"><span dir=\"auto\">\u015e\u0259b\u0259k\u0259 \u0130nfrastrukturunun \u0130dar\u0259etm\u0259 Sisteml\u0259ri<\/span><\/span><\/li><li><span dir=\"auto\"><span dir=\"auto\">\u015e\u0259b\u0259k\u0259 trafikini optimalla\u015fd\u0131r\u0131n<\/span><\/span><\/li><li><span dir=\"auto\"><span dir=\"auto\">Strukturla\u015fd\u0131r\u0131lm\u0131\u015f kabel sistemi<\/span><\/span><\/li><li><span dir=\"auto\"><span dir=\"auto\">Vahid Rabit\u0259<\/span><\/span><\/li><\/ul>\t\t\t\t\t\t\t\t<\/div>\n\t\t\t\t<\/div>\n\t\t\t\t\t<\/div>\n\t\t\t\t<\/div>\n\t\t\t\t<\/div>","protected":false},"excerpt":{"rendered":"<p>AVISEC MMC \u015firk\u0259tl\u0259r\u0259 \u0259sas biznes proqramlar\u0131n\u0131n v\u0259 xidm\u0259tl\u0259rinin fasil\u0259siz v\u0259 t\u0259hl\u00fck\u0259siz i\u015fl\u0259m\u0259sini t\u0259min etm\u0259y\u0259 imkan ver\u0259n m\u00fcasir v\u0259 etibarl\u0131 \u015f\u0259b\u0259k\u0259 h\u0259ll\u0259rinin auditini, dizayn\u0131n\u0131, tikintisini v\u0259 d\u0259st\u0259yini t\u0259min edir. H\u0259ll portfelin\u0259 h\u0259m \u0259sas m\u0259hsullar, h\u0259m d\u0259 d\u00fcnya bazar\u0131n\u0131n liderl\u0259ri olan Cisco, HUAWEI, Chek Point, Hewlett-Packard Enterprise v\u0259 s. \u015firk\u0259tl\u0259rd\u0259n SD-WAN, SDN kimi innovativ texnologiyalar daxildir.<\/p>","protected":false},"author":1,"featured_media":3360,"parent":0,"menu_order":0,"comment_status":"closed","ping_status":"closed","template":"elementor_header_footer","meta":{"footnotes":""},"class_list":["post-3359","page","type-page","status-publish","has-post-thumbnail","hentry"],"yoast_head":"<!-- This site is optimized with the Yoast SEO plugin v27.4 - https:\/\/yoast.com\/product\/yoast-seo-wordpress\/ -->\n<title>\u015e\u0259b\u0259k\u0259\u00a0\u0130nfrastruktur - Texnologiya H\u0259ll\u0259ri<\/title>\n<meta name=\"description\" content=\"AVISEC biznes v\u0259 s\u0259naye obyektl\u0259ri \u00fc\u00e7\u00fcn video m\u00fc\u015fahid\u0259, giri\u015f idar\u0259etm\u0259 v\u0259 t\u0259hl\u00fck\u0259sizlik sisteml\u0259rinin layih\u0259l\u0259ndirilm\u0259si v\u0259 t\u0259tbiqi xidm\u0259tl\u0259rini t\u0259qdim edir.\" \/>\n<meta name=\"robots\" content=\"index, follow, max-snippet:-1, max-image-preview:large, max-video-preview:-1\" \/>\n<link rel=\"canonical\" href=\"https:\/\/avisec.az\/az\/s\u0259b\u0259k\u0259-infrastruktur\/\" \/>\n<meta property=\"og:locale\" content=\"az_AZ\" \/>\n<meta property=\"og:type\" content=\"article\" \/>\n<meta property=\"og:title\" content=\"\u015e\u0259b\u0259k\u0259\u00a0\u0130nfrastruktur - Texnologiya H\u0259ll\u0259ri\" \/>\n<meta property=\"og:description\" content=\"AVISEC biznes v\u0259 s\u0259naye obyektl\u0259ri \u00fc\u00e7\u00fcn video m\u00fc\u015fahid\u0259, giri\u015f idar\u0259etm\u0259 v\u0259 t\u0259hl\u00fck\u0259sizlik sisteml\u0259rinin layih\u0259l\u0259ndirilm\u0259si v\u0259 t\u0259tbiqi xidm\u0259tl\u0259rini t\u0259qdim edir.\" \/>\n<meta property=\"og:url\" content=\"https:\/\/avisec.az\/az\/s\u0259b\u0259k\u0259-infrastruktur\/\" \/>\n<meta property=\"og:site_name\" content=\"Texnologiya H\u0259ll\u0259ri\" \/>\n<meta property=\"article:modified_time\" content=\"2025-11-26T08:02:37+00:00\" \/>\n<meta property=\"og:image\" content=\"https:\/\/avisec.az\/wp-content\/uploads\/2025\/11\/big-data-center-office-male-specialist-is-using-laptop-highspeed-data-transfer-server-transfer-technological-progress-1.jpg\" \/>\n\t<meta property=\"og:image:width\" content=\"1920\" \/>\n\t<meta property=\"og:image:height\" content=\"823\" \/>\n\t<meta property=\"og:image:type\" content=\"image\/jpeg\" \/>\n<meta name=\"twitter:card\" content=\"summary_large_image\" \/>\n<meta name=\"twitter:label1\" content=\"Est. reading time\" \/>\n\t<meta name=\"twitter:data1\" content=\"1 minute\" \/>\n<script type=\"application\/ld+json\" class=\"yoast-schema-graph\">{\"@context\":\"https:\\\/\\\/schema.org\",\"@graph\":[{\"@type\":\"WebPage\",\"@id\":\"https:\\\/\\\/avisec.az\\\/s%c9%99b%c9%99k%c9%99-infrastruktur\\\/\",\"url\":\"https:\\\/\\\/avisec.az\\\/s%c9%99b%c9%99k%c9%99-infrastruktur\\\/\",\"name\":\"\u015e\u0259b\u0259k\u0259\u00a0\u0130nfrastruktur - Texnologiya H\u0259ll\u0259ri\",\"isPartOf\":{\"@id\":\"https:\\\/\\\/avisec.az\\\/#website\"},\"primaryImageOfPage\":{\"@id\":\"https:\\\/\\\/avisec.az\\\/s%c9%99b%c9%99k%c9%99-infrastruktur\\\/#primaryimage\"},\"image\":{\"@id\":\"https:\\\/\\\/avisec.az\\\/s%c9%99b%c9%99k%c9%99-infrastruktur\\\/#primaryimage\"},\"thumbnailUrl\":\"https:\\\/\\\/avisec.az\\\/wp-content\\\/uploads\\\/2025\\\/11\\\/big-data-center-office-male-specialist-is-using-laptop-highspeed-data-transfer-server-transfer-technological-progress-1.jpg\",\"datePublished\":\"2025-11-25T11:56:20+00:00\",\"dateModified\":\"2025-11-26T08:02:37+00:00\",\"description\":\"AVISEC biznes v\u0259 s\u0259naye obyektl\u0259ri \u00fc\u00e7\u00fcn video m\u00fc\u015fahid\u0259, giri\u015f idar\u0259etm\u0259 v\u0259 t\u0259hl\u00fck\u0259sizlik sisteml\u0259rinin layih\u0259l\u0259ndirilm\u0259si v\u0259 t\u0259tbiqi xidm\u0259tl\u0259rini t\u0259qdim edir.\",\"breadcrumb\":{\"@id\":\"https:\\\/\\\/avisec.az\\\/s%c9%99b%c9%99k%c9%99-infrastruktur\\\/#breadcrumb\"},\"inLanguage\":\"az\",\"potentialAction\":[{\"@type\":\"ReadAction\",\"target\":[\"https:\\\/\\\/avisec.az\\\/s%c9%99b%c9%99k%c9%99-infrastruktur\\\/\"]}]},{\"@type\":\"ImageObject\",\"inLanguage\":\"az\",\"@id\":\"https:\\\/\\\/avisec.az\\\/s%c9%99b%c9%99k%c9%99-infrastruktur\\\/#primaryimage\",\"url\":\"https:\\\/\\\/avisec.az\\\/wp-content\\\/uploads\\\/2025\\\/11\\\/big-data-center-office-male-specialist-is-using-laptop-highspeed-data-transfer-server-transfer-technological-progress-1.jpg\",\"contentUrl\":\"https:\\\/\\\/avisec.az\\\/wp-content\\\/uploads\\\/2025\\\/11\\\/big-data-center-office-male-specialist-is-using-laptop-highspeed-data-transfer-server-transfer-technological-progress-1.jpg\",\"width\":1920,\"height\":823},{\"@type\":\"BreadcrumbList\",\"@id\":\"https:\\\/\\\/avisec.az\\\/s%c9%99b%c9%99k%c9%99-infrastruktur\\\/#breadcrumb\",\"itemListElement\":[{\"@type\":\"ListItem\",\"position\":1,\"name\":\"Home\",\"item\":\"https:\\\/\\\/avisec.az\\\/\"},{\"@type\":\"ListItem\",\"position\":2,\"name\":\"\u015e\u0259b\u0259k\u0259\u00a0\u0130nfrastruktur\"}]},{\"@type\":\"WebSite\",\"@id\":\"https:\\\/\\\/avisec.az\\\/#website\",\"url\":\"https:\\\/\\\/avisec.az\\\/\",\"name\":\"Avisec Texnologiya H\u0259ll\u0259ri\",\"description\":\"\u0130nnovasiyalar\u0131n G\u00fccl\u0259ndirilm\u0259si, M\u00fcv\u0259ff\u0259qiyy\u0259tin T\u0259min Edilm\u0259si.\",\"publisher\":{\"@id\":\"https:\\\/\\\/avisec.az\\\/#organization\"},\"alternateName\":\"Avisec Texnologiya H\u0259ll\u0259ri\",\"potentialAction\":[{\"@type\":\"SearchAction\",\"target\":{\"@type\":\"EntryPoint\",\"urlTemplate\":\"https:\\\/\\\/avisec.az\\\/?s={search_term_string}\"},\"query-input\":{\"@type\":\"PropertyValueSpecification\",\"valueRequired\":true,\"valueName\":\"search_term_string\"}}],\"inLanguage\":\"az\"},{\"@type\":\"Organization\",\"@id\":\"https:\\\/\\\/avisec.az\\\/#organization\",\"name\":\"Avisec Texnologiya H\u0259ll\u0259ri\",\"alternateName\":\"Avisec Technology Solutions\",\"url\":\"https:\\\/\\\/avisec.az\\\/\",\"logo\":{\"@type\":\"ImageObject\",\"inLanguage\":\"az\",\"@id\":\"https:\\\/\\\/avisec.az\\\/#\\\/schema\\\/logo\\\/image\\\/\",\"url\":\"https:\\\/\\\/avisec.az\\\/wp-content\\\/uploads\\\/2025\\\/07\\\/Untitled15_20251022140103.webp\",\"contentUrl\":\"https:\\\/\\\/avisec.az\\\/wp-content\\\/uploads\\\/2025\\\/07\\\/Untitled15_20251022140103.webp\",\"width\":500,\"height\":200,\"caption\":\"Avisec Texnologiya H\u0259ll\u0259ri\"},\"image\":{\"@id\":\"https:\\\/\\\/avisec.az\\\/#\\\/schema\\\/logo\\\/image\\\/\"}}]}<\/script>\n<!-- \/ Yoast SEO plugin. -->","yoast_head_json":{"title":"\u015e\u0259b\u0259k\u0259\u00a0\u0130nfrastruktur - Texnologiya H\u0259ll\u0259ri","description":"AVISEC biznes v\u0259 s\u0259naye obyektl\u0259ri \u00fc\u00e7\u00fcn video m\u00fc\u015fahid\u0259, giri\u015f idar\u0259etm\u0259 v\u0259 t\u0259hl\u00fck\u0259sizlik sisteml\u0259rinin layih\u0259l\u0259ndirilm\u0259si v\u0259 t\u0259tbiqi xidm\u0259tl\u0259rini t\u0259qdim edir.","robots":{"index":"index","follow":"follow","max-snippet":"max-snippet:-1","max-image-preview":"max-image-preview:large","max-video-preview":"max-video-preview:-1"},"canonical":"https:\/\/avisec.az\/az\/s\u0259b\u0259k\u0259-infrastruktur\/","og_locale":"az_AZ","og_type":"article","og_title":"\u015e\u0259b\u0259k\u0259\u00a0\u0130nfrastruktur - Texnologiya H\u0259ll\u0259ri","og_description":"AVISEC biznes v\u0259 s\u0259naye obyektl\u0259ri \u00fc\u00e7\u00fcn video m\u00fc\u015fahid\u0259, giri\u015f idar\u0259etm\u0259 v\u0259 t\u0259hl\u00fck\u0259sizlik sisteml\u0259rinin layih\u0259l\u0259ndirilm\u0259si v\u0259 t\u0259tbiqi xidm\u0259tl\u0259rini t\u0259qdim edir.","og_url":"https:\/\/avisec.az\/az\/s\u0259b\u0259k\u0259-infrastruktur\/","og_site_name":"Texnologiya H\u0259ll\u0259ri","article_modified_time":"2025-11-26T08:02:37+00:00","og_image":[{"width":1920,"height":823,"url":"https:\/\/avisec.az\/wp-content\/uploads\/2025\/11\/big-data-center-office-male-specialist-is-using-laptop-highspeed-data-transfer-server-transfer-technological-progress-1.jpg","type":"image\/jpeg"}],"twitter_card":"summary_large_image","twitter_misc":{"Est. reading time":"1 minute"},"schema":{"@context":"https:\/\/schema.org","@graph":[{"@type":"WebPage","@id":"https:\/\/avisec.az\/s%c9%99b%c9%99k%c9%99-infrastruktur\/","url":"https:\/\/avisec.az\/s%c9%99b%c9%99k%c9%99-infrastruktur\/","name":"\u015e\u0259b\u0259k\u0259\u00a0\u0130nfrastruktur - Texnologiya H\u0259ll\u0259ri","isPartOf":{"@id":"https:\/\/avisec.az\/#website"},"primaryImageOfPage":{"@id":"https:\/\/avisec.az\/s%c9%99b%c9%99k%c9%99-infrastruktur\/#primaryimage"},"image":{"@id":"https:\/\/avisec.az\/s%c9%99b%c9%99k%c9%99-infrastruktur\/#primaryimage"},"thumbnailUrl":"https:\/\/avisec.az\/wp-content\/uploads\/2025\/11\/big-data-center-office-male-specialist-is-using-laptop-highspeed-data-transfer-server-transfer-technological-progress-1.jpg","datePublished":"2025-11-25T11:56:20+00:00","dateModified":"2025-11-26T08:02:37+00:00","description":"AVISEC biznes v\u0259 s\u0259naye obyektl\u0259ri \u00fc\u00e7\u00fcn video m\u00fc\u015fahid\u0259, giri\u015f idar\u0259etm\u0259 v\u0259 t\u0259hl\u00fck\u0259sizlik sisteml\u0259rinin layih\u0259l\u0259ndirilm\u0259si v\u0259 t\u0259tbiqi xidm\u0259tl\u0259rini t\u0259qdim edir.","breadcrumb":{"@id":"https:\/\/avisec.az\/s%c9%99b%c9%99k%c9%99-infrastruktur\/#breadcrumb"},"inLanguage":"az","potentialAction":[{"@type":"ReadAction","target":["https:\/\/avisec.az\/s%c9%99b%c9%99k%c9%99-infrastruktur\/"]}]},{"@type":"ImageObject","inLanguage":"az","@id":"https:\/\/avisec.az\/s%c9%99b%c9%99k%c9%99-infrastruktur\/#primaryimage","url":"https:\/\/avisec.az\/wp-content\/uploads\/2025\/11\/big-data-center-office-male-specialist-is-using-laptop-highspeed-data-transfer-server-transfer-technological-progress-1.jpg","contentUrl":"https:\/\/avisec.az\/wp-content\/uploads\/2025\/11\/big-data-center-office-male-specialist-is-using-laptop-highspeed-data-transfer-server-transfer-technological-progress-1.jpg","width":1920,"height":823},{"@type":"BreadcrumbList","@id":"https:\/\/avisec.az\/s%c9%99b%c9%99k%c9%99-infrastruktur\/#breadcrumb","itemListElement":[{"@type":"ListItem","position":1,"name":"Home","item":"https:\/\/avisec.az\/"},{"@type":"ListItem","position":2,"name":"\u015e\u0259b\u0259k\u0259\u00a0\u0130nfrastruktur"}]},{"@type":"WebSite","@id":"https:\/\/avisec.az\/#website","url":"https:\/\/avisec.az\/","name":"Avisec Texnologiya H\u0259ll\u0259ri","description":"\u0130nnovasiyalar\u0131n G\u00fccl\u0259ndirilm\u0259si, M\u00fcv\u0259ff\u0259qiyy\u0259tin T\u0259min Edilm\u0259si.","publisher":{"@id":"https:\/\/avisec.az\/#organization"},"alternateName":"Avisec Texnologiya H\u0259ll\u0259ri","potentialAction":[{"@type":"SearchAction","target":{"@type":"EntryPoint","urlTemplate":"https:\/\/avisec.az\/?s={search_term_string}"},"query-input":{"@type":"PropertyValueSpecification","valueRequired":true,"valueName":"search_term_string"}}],"inLanguage":"az"},{"@type":"Organization","@id":"https:\/\/avisec.az\/#organization","name":"Avisec Texnologiya H\u0259ll\u0259ri","alternateName":"Avisec Technology Solutions","url":"https:\/\/avisec.az\/","logo":{"@type":"ImageObject","inLanguage":"az","@id":"https:\/\/avisec.az\/#\/schema\/logo\/image\/","url":"https:\/\/avisec.az\/wp-content\/uploads\/2025\/07\/Untitled15_20251022140103.webp","contentUrl":"https:\/\/avisec.az\/wp-content\/uploads\/2025\/07\/Untitled15_20251022140103.webp","width":500,"height":200,"caption":"Avisec Texnologiya H\u0259ll\u0259ri"},"image":{"@id":"https:\/\/avisec.az\/#\/schema\/logo\/image\/"}}]}},"_links":{"self":[{"href":"https:\/\/avisec.az\/az\/wp-json\/wp\/v2\/pages\/3359","targetHints":{"allow":["GET"]}}],"collection":[{"href":"https:\/\/avisec.az\/az\/wp-json\/wp\/v2\/pages"}],"about":[{"href":"https:\/\/avisec.az\/az\/wp-json\/wp\/v2\/types\/page"}],"author":[{"embeddable":true,"href":"https:\/\/avisec.az\/az\/wp-json\/wp\/v2\/users\/1"}],"replies":[{"embeddable":true,"href":"https:\/\/avisec.az\/az\/wp-json\/wp\/v2\/comments?post=3359"}],"version-history":[{"count":4,"href":"https:\/\/avisec.az\/az\/wp-json\/wp\/v2\/pages\/3359\/revisions"}],"predecessor-version":[{"id":3429,"href":"https:\/\/avisec.az\/az\/wp-json\/wp\/v2\/pages\/3359\/revisions\/3429"}],"wp:featuredmedia":[{"embeddable":true,"href":"https:\/\/avisec.az\/az\/wp-json\/wp\/v2\/media\/3360"}],"wp:attachment":[{"href":"https:\/\/avisec.az\/az\/wp-json\/wp\/v2\/media?parent=3359"}],"curies":[{"name":"wp","href":"https:\/\/api.w.org\/{rel}","templated":true}]}}