{"id":2081,"date":"2025-08-04T09:50:27","date_gmt":"2025-08-04T09:50:27","guid":{"rendered":"https:\/\/innova.megavisionint.az\/?page_id=2081"},"modified":"2026-02-03T09:17:33","modified_gmt":"2026-02-03T09:17:33","slug":"solutions-by-scenario","status":"publish","type":"page","link":"https:\/\/avisec.az\/ru\/solutions-by-scenario\/","title":{"rendered":"\u0420\u0435\u0448\u0435\u043d\u0438\u044f \u043f\u043e \u0441\u0446\u0435\u043d\u0430\u0440\u0438\u044f\u043c"},"content":{"rendered":"\t\t<div data-elementor-type=\"wp-page\" data-elementor-id=\"2081\" class=\"elementor elementor-2081\" data-elementor-post-type=\"page\">\n\t\t\t\t<div class=\"elementor-element elementor-element-9a9827a e-flex e-con-boxed e-con e-parent\" data-id=\"9a9827a\" data-element_type=\"container\" data-e-type=\"container\" data-settings=\"{&quot;background_background&quot;:&quot;classic&quot;}\">\n\t\t\t\t\t<div class=\"e-con-inner\">\n\t\t\t\t<div class=\"elementor-element elementor-element-45a13e9 elementor-widget__width-initial elementor-widget elementor-widget-heading\" data-id=\"45a13e9\" data-element_type=\"widget\" data-e-type=\"widget\" data-widget_type=\"heading.default\">\n\t\t\t\t\t<h1 class=\"elementor-heading-title elementor-size-default\">Solutions by Scenario<\/h1>\t\t\t\t<\/div>\n\t\t\t\t<div class=\"elementor-element elementor-element-f46dbc5 elementor-widget__width-initial elementor-widget elementor-widget-heading\" data-id=\"f46dbc5\" data-element_type=\"widget\" data-e-type=\"widget\" data-widget_type=\"heading.default\">\n\t\t\t\t\t<h2 class=\"elementor-heading-title elementor-size-default\">Focused on each business process<\/h2>\t\t\t\t<\/div>\n\t\t\t\t<div class=\"elementor-element elementor-element-6a860fb elementor-widget__width-initial elementor-widget elementor-widget-text-editor\" data-id=\"6a860fb\" data-element_type=\"widget\" data-e-type=\"widget\" data-widget_type=\"text-editor.default\">\n\t\t\t\t\t\t\t\t\t<div class=\"wpb_text_column\"><div class=\"wpb_wrapper\"><div class=\"wpb_text_column\"><div class=\"wpb_wrapper\"><div class=\"wpb_text_column\"><div class=\"wpb_wrapper\"><p>Each industry consists of a finite number of scenarios. We believe that the key to the success of an entire solution is its ability to meet the requirements and challenges in each scenario. That&#8217;s why we keep digging into the basic needs and untapped demands scenario by scenario, and direct our best engineering to offer dedicated solutions there.<\/p><\/div><\/div><\/div><\/div><\/div><\/div>\t\t\t\t\t\t\t\t<\/div>\n\t\t\t\t\t<\/div>\n\t\t\t\t<\/div>\n\t\t<div class=\"elementor-element elementor-element-1b2cc6b e-flex e-con-boxed e-con e-parent\" data-id=\"1b2cc6b\" data-element_type=\"container\" data-e-type=\"container\">\n\t\t\t\t\t<div class=\"e-con-inner\">\n\t\t\t\t<div class=\"elementor-element elementor-element-cecf6de elementor-grid-4 elementor-grid-tablet-2 elementor-grid-mobile-1 elementor-widget elementor-widget-loop-grid\" data-id=\"cecf6de\" data-element_type=\"widget\" data-e-type=\"widget\" data-settings=\"{&quot;template_id&quot;:&quot;106&quot;,&quot;columns&quot;:4,&quot;row_gap_mobile&quot;:{&quot;unit&quot;:&quot;px&quot;,&quot;size&quot;:16,&quot;sizes&quot;:[]},&quot;_skin&quot;:&quot;post&quot;,&quot;columns_tablet&quot;:&quot;2&quot;,&quot;columns_mobile&quot;:&quot;1&quot;,&quot;edit_handle_selector&quot;:&quot;[data-elementor-type=\\&quot;loop-item\\&quot;]&quot;,&quot;row_gap&quot;:{&quot;unit&quot;:&quot;px&quot;,&quot;size&quot;:&quot;&quot;,&quot;sizes&quot;:[]},&quot;row_gap_tablet&quot;:{&quot;unit&quot;:&quot;px&quot;,&quot;size&quot;:&quot;&quot;,&quot;sizes&quot;:[]}}\" data-widget_type=\"loop-grid.post\">\n\t\t\t\t<div class=\"elementor-widget-container\">\n\t\t\t\t\t\t\t<div class=\"elementor-loop-container elementor-grid\" role=\"list\">\n\t\t<style id=\"loop-dynamic-106\">.e-loop-item-349 .elementor-element.elementor-element-bf287b2:not(.elementor-motion-effects-element-type-background), .e-loop-item-349 .elementor-element.elementor-element-bf287b2 > .elementor-motion-effects-container > .elementor-motion-effects-layer{background-image:url(\"https:\/\/avisec.az\/wp-content\/uploads\/2025\/07\/imgi_48_Classroom-hub-banner-pc.jpg\");}.e-loop-item-349 .elementor-element.elementor-element-bf287b2:hover{background-image:url(\"https:\/\/avisec.az\/wp-content\/uploads\/2025\/07\/imgi_48_Classroom-hub-banner-pc.jpg\");}<\/style><style id=\"loop-106\">.elementor-106 .elementor-element.elementor-element-bf287b2{--display:flex;--min-height:153px;--flex-direction:column;--container-widget-width:100%;--container-widget-height:initial;--container-widget-flex-grow:0;--container-widget-align-self:initial;--flex-wrap-mobile:wrap;--justify-content:center;--background-transition:0.4s;border-style:solid;--border-style:solid;border-width:0px 0px 0px 0px;--border-top-width:0px;--border-right-width:0px;--border-bottom-width:0px;--border-left-width:0px;--border-radius:3px 3px 3px 3px;--padding-top:20px;--padding-bottom:20px;--padding-left:20px;--padding-right:20px;}.elementor-106 .elementor-element.elementor-element-bf287b2:not(.elementor-motion-effects-element-type-background), .elementor-106 .elementor-element.elementor-element-bf287b2 > .elementor-motion-effects-container > .elementor-motion-effects-layer{background-position:center left;background-repeat:no-repeat;background-size:cover;}.elementor-106 .elementor-element.elementor-element-bf287b2:hover{background-position:center left;background-size:cover;}.elementor-widget-heading .elementor-heading-title{font-family:var( --e-global-typography-primary-font-family ), Sans-serif;font-weight:var( --e-global-typography-primary-font-weight );color:var( --e-global-color-primary );}.elementor-106 .elementor-element.elementor-element-6f8a7ca{text-align:start;margin:0px 0px calc(var(--kit-widget-spacing, 0px) + 0px) 0px;padding:0px 0px 0px 3px;}.elementor-106 .elementor-element.elementor-element-6f8a7ca .elementor-heading-title{font-family:\"Montserrat\", Sans-serif;font-size:20px;font-weight:600;color:#FFFFFF;}<\/style>\t\t<div data-elementor-type=\"loop-item\" data-elementor-id=\"106\" class=\"elementor elementor-106 e-loop-item e-loop-item-349 post-349 post type-post status-publish format-standard has-post-thumbnail hentry category-solutions-by-scenario\" data-elementor-post-type=\"elementor_library\" data-custom-edit-handle=\"1\">\n\t\t\t<a class=\"elementor-element elementor-element-bf287b2 e-con-full e-flex e-con e-parent\" data-id=\"bf287b2\" data-element_type=\"container\" data-e-type=\"container\" data-settings=\"{&quot;background_background&quot;:&quot;classic&quot;}\" href=\"https:\/\/avisec.az\/ru\/classroom-hub\/\">\n\t\t\t\t<div class=\"elementor-element elementor-element-6f8a7ca elementor-widget elementor-widget-heading\" data-id=\"6f8a7ca\" data-element_type=\"widget\" data-e-type=\"widget\" data-widget_type=\"heading.default\">\n\t\t\t\t\t<h3 class=\"elementor-heading-title elementor-size-default\">Classroom Hub<\/h3>\t\t\t\t<\/div>\n\t\t\t\t<\/a>\n\t\t\t\t<\/div>\n\t\t<style id=\"loop-dynamic-106\">.e-loop-item-354 .elementor-element.elementor-element-bf287b2:not(.elementor-motion-effects-element-type-background), .e-loop-item-354 .elementor-element.elementor-element-bf287b2 > .elementor-motion-effects-container > .elementor-motion-effects-layer{background-image:url(\"https:\/\/avisec.az\/wp-content\/uploads\/2025\/07\/imgi_84_urban-roadway-banner-pc.webp\");}.e-loop-item-354 .elementor-element.elementor-element-bf287b2:hover{background-image:url(\"https:\/\/avisec.az\/wp-content\/uploads\/2025\/07\/imgi_84_urban-roadway-banner-pc.webp\");}<\/style>\t\t<div data-elementor-type=\"loop-item\" data-elementor-id=\"106\" class=\"elementor elementor-106 e-loop-item e-loop-item-354 post-354 post type-post status-publish format-standard has-post-thumbnail hentry category-solutions-by-scenario\" data-elementor-post-type=\"elementor_library\" data-custom-edit-handle=\"1\">\n\t\t\t<a class=\"elementor-element elementor-element-bf287b2 e-con-full e-flex e-con e-parent\" data-id=\"bf287b2\" data-element_type=\"container\" data-e-type=\"container\" data-settings=\"{&quot;background_background&quot;:&quot;classic&quot;}\" href=\"https:\/\/avisec.az\/ru\/urban-roadways\/\">\n\t\t\t\t<div class=\"elementor-element elementor-element-6f8a7ca elementor-widget elementor-widget-heading\" data-id=\"6f8a7ca\" data-element_type=\"widget\" data-e-type=\"widget\" data-widget_type=\"heading.default\">\n\t\t\t\t\t<h3 class=\"elementor-heading-title elementor-size-default\">Urban Roadways<\/h3>\t\t\t\t<\/div>\n\t\t\t\t<\/a>\n\t\t\t\t<\/div>\n\t\t<style id=\"loop-dynamic-106\">.e-loop-item-813 .elementor-element.elementor-element-bf287b2:not(.elementor-motion-effects-element-type-background), .e-loop-item-813 .elementor-element.elementor-element-bf287b2 > .elementor-motion-effects-container > .elementor-motion-effects-layer{background-image:url(\"https:\/\/avisec.az\/wp-content\/uploads\/2025\/07\/imgi_69_Factory-banner-pc.webp\");}.e-loop-item-813 .elementor-element.elementor-element-bf287b2:hover{background-image:url(\"https:\/\/avisec.az\/wp-content\/uploads\/2025\/07\/imgi_69_Factory-banner-pc.webp\");}<\/style>\t\t<div data-elementor-type=\"loop-item\" data-elementor-id=\"106\" class=\"elementor elementor-106 e-loop-item e-loop-item-813 post-813 post type-post status-publish format-standard has-post-thumbnail hentry category-solutions-by-scenario\" data-elementor-post-type=\"elementor_library\" data-custom-edit-handle=\"1\">\n\t\t\t<a class=\"elementor-element elementor-element-bf287b2 e-con-full e-flex e-con e-parent\" data-id=\"bf287b2\" data-element_type=\"container\" data-e-type=\"container\" data-settings=\"{&quot;background_background&quot;:&quot;classic&quot;}\" href=\"https:\/\/avisec.az\/ru\/factories\/\">\n\t\t\t\t<div class=\"elementor-element elementor-element-6f8a7ca elementor-widget elementor-widget-heading\" data-id=\"6f8a7ca\" data-element_type=\"widget\" data-e-type=\"widget\" data-widget_type=\"heading.default\">\n\t\t\t\t\t<h3 class=\"elementor-heading-title elementor-size-default\">Factories<\/h3>\t\t\t\t<\/div>\n\t\t\t\t<\/a>\n\t\t\t\t<\/div>\n\t\t<style id=\"loop-dynamic-106\">.e-loop-item-1311 .elementor-element.elementor-element-bf287b2:not(.elementor-motion-effects-element-type-background), .e-loop-item-1311 .elementor-element.elementor-element-bf287b2 > .elementor-motion-effects-container > .elementor-motion-effects-layer{background-image:url(\"https:\/\/avisec.az\/wp-content\/uploads\/2025\/07\/imgi_61_Apartment-banner-pc-1.webp\");}.e-loop-item-1311 .elementor-element.elementor-element-bf287b2:hover{background-image:url(\"https:\/\/avisec.az\/wp-content\/uploads\/2025\/07\/imgi_61_Apartment-banner-pc-1.webp\");}<\/style>\t\t<div data-elementor-type=\"loop-item\" data-elementor-id=\"106\" class=\"elementor elementor-106 e-loop-item e-loop-item-1311 post-1311 post type-post status-publish format-standard has-post-thumbnail hentry category-solutions-by-scenario\" data-elementor-post-type=\"elementor_library\" data-custom-edit-handle=\"1\">\n\t\t\t<a class=\"elementor-element elementor-element-bf287b2 e-con-full e-flex e-con e-parent\" data-id=\"bf287b2\" data-element_type=\"container\" data-e-type=\"container\" data-settings=\"{&quot;background_background&quot;:&quot;classic&quot;}\" href=\"https:\/\/avisec.az\/ru\/apartments-2\/\">\n\t\t\t\t<div class=\"elementor-element elementor-element-6f8a7ca elementor-widget elementor-widget-heading\" data-id=\"6f8a7ca\" data-element_type=\"widget\" data-e-type=\"widget\" data-widget_type=\"heading.default\">\n\t\t\t\t\t<h3 class=\"elementor-heading-title elementor-size-default\">Apartments<\/h3>\t\t\t\t<\/div>\n\t\t\t\t<\/a>\n\t\t\t\t<\/div>\n\t\t<style id=\"loop-dynamic-106\">.e-loop-item-1315 .elementor-element.elementor-element-bf287b2:not(.elementor-motion-effects-element-type-background), .e-loop-item-1315 .elementor-element.elementor-element-bf287b2 > .elementor-motion-effects-container > .elementor-motion-effects-layer{background-image:url(\"https:\/\/avisec.az\/wp-content\/uploads\/2025\/07\/imgi_111_Office-building-banner-PC.webp\");}.e-loop-item-1315 .elementor-element.elementor-element-bf287b2:hover{background-image:url(\"https:\/\/avisec.az\/wp-content\/uploads\/2025\/07\/imgi_111_Office-building-banner-PC.webp\");}<\/style>\t\t<div data-elementor-type=\"loop-item\" data-elementor-id=\"106\" class=\"elementor elementor-106 e-loop-item e-loop-item-1315 post-1315 post type-post status-publish format-standard has-post-thumbnail hentry category-solutions-by-scenario\" data-elementor-post-type=\"elementor_library\" data-custom-edit-handle=\"1\">\n\t\t\t<a class=\"elementor-element elementor-element-bf287b2 e-con-full e-flex e-con e-parent\" data-id=\"bf287b2\" data-element_type=\"container\" data-e-type=\"container\" data-settings=\"{&quot;background_background&quot;:&quot;classic&quot;}\" href=\"https:\/\/avisec.az\/ru\/office-buildings\/\">\n\t\t\t\t<div class=\"elementor-element elementor-element-6f8a7ca elementor-widget elementor-widget-heading\" data-id=\"6f8a7ca\" data-element_type=\"widget\" data-e-type=\"widget\" data-widget_type=\"heading.default\">\n\t\t\t\t\t<h3 class=\"elementor-heading-title elementor-size-default\">Office Buildings<\/h3>\t\t\t\t<\/div>\n\t\t\t\t<\/a>\n\t\t\t\t<\/div>\n\t\t<style id=\"loop-dynamic-106\">.e-loop-item-1319 .elementor-element.elementor-element-bf287b2:not(.elementor-motion-effects-element-type-background), .e-loop-item-1319 .elementor-element.elementor-element-bf287b2 > .elementor-motion-effects-container > .elementor-motion-effects-layer{background-image:url(\"https:\/\/avisec.az\/wp-content\/uploads\/2025\/07\/imgi_62_Store-banner-pc.webp\");}.e-loop-item-1319 .elementor-element.elementor-element-bf287b2:hover{background-image:url(\"https:\/\/avisec.az\/wp-content\/uploads\/2025\/07\/imgi_62_Store-banner-pc.webp\");}<\/style>\t\t<div data-elementor-type=\"loop-item\" data-elementor-id=\"106\" class=\"elementor elementor-106 e-loop-item e-loop-item-1319 post-1319 post type-post status-publish format-standard has-post-thumbnail hentry category-solutions-by-scenario\" data-elementor-post-type=\"elementor_library\" data-custom-edit-handle=\"1\">\n\t\t\t<a class=\"elementor-element elementor-element-bf287b2 e-con-full e-flex e-con e-parent\" data-id=\"bf287b2\" data-element_type=\"container\" data-e-type=\"container\" data-settings=\"{&quot;background_background&quot;:&quot;classic&quot;}\" href=\"https:\/\/avisec.az\/ru\/stores\/\">\n\t\t\t\t<div class=\"elementor-element elementor-element-6f8a7ca elementor-widget elementor-widget-heading\" data-id=\"6f8a7ca\" data-element_type=\"widget\" data-e-type=\"widget\" data-widget_type=\"heading.default\">\n\t\t\t\t\t<h3 class=\"elementor-heading-title elementor-size-default\">Stores<\/h3>\t\t\t\t<\/div>\n\t\t\t\t<\/a>\n\t\t\t\t<\/div>\n\t\t\t\t<\/div>\n\t\t\n\t\t\t\t\t\t<\/div>\n\t\t\t\t<\/div>\n\t\t\t\t\t<\/div>\n\t\t\t\t<\/div>\n\t\t\t\t<\/div>\n\t\t","protected":false},"excerpt":{"rendered":"<p>Entdecken Sie IT-L\u00f6sungen f\u00fcr reale Gesch\u00e4ftsherausforderungen \u2013 von Cloud-Migration \u00fcber Sicherheit und Effizienz bis hin zu digitalem Wachstum.<\/p>","protected":false},"author":1,"featured_media":2085,"parent":0,"menu_order":0,"comment_status":"closed","ping_status":"closed","template":"","meta":{"footnotes":""},"class_list":["post-2081","page","type-page","status-publish","has-post-thumbnail","hentry"],"yoast_head":"<!-- This site is optimized with the Yoast SEO plugin v27.4 - https:\/\/yoast.com\/product\/yoast-seo-wordpress\/ -->\n<title>Solutions by Scenario - Texnologiya H\u0259ll\u0259ri<\/title>\n<meta name=\"description\" content=\"Entdecken Sie IT-L\u00f6sungen f\u00fcr reale Gesch\u00e4ftsherausforderungen \u2013 von Cloud-Migration \u00fcber Sicherheit und Effizienz bis hin zu digitalem Wachstum.\" \/>\n<meta name=\"robots\" content=\"index, follow, max-snippet:-1, max-image-preview:large, max-video-preview:-1\" \/>\n<link rel=\"canonical\" href=\"https:\/\/avisec.az\/ru\/solutions-by-scenario\/\" \/>\n<meta property=\"og:locale\" content=\"ru_RU\" \/>\n<meta property=\"og:type\" content=\"article\" \/>\n<meta property=\"og:title\" content=\"Solutions by Scenario - Texnologiya H\u0259ll\u0259ri\" \/>\n<meta property=\"og:description\" content=\"Entdecken Sie IT-L\u00f6sungen f\u00fcr reale Gesch\u00e4ftsherausforderungen \u2013 von Cloud-Migration \u00fcber Sicherheit und Effizienz bis hin zu digitalem Wachstum.\" \/>\n<meta property=\"og:url\" content=\"https:\/\/avisec.az\/ru\/solutions-by-scenario\/\" \/>\n<meta property=\"og:site_name\" content=\"Texnologiya H\u0259ll\u0259ri\" \/>\n<meta property=\"article:modified_time\" content=\"2026-02-03T09:17:33+00:00\" \/>\n<meta property=\"og:image\" content=\"https:\/\/avisec.az\/wp-content\/uploads\/2025\/08\/Innova-3.png\" \/>\n\t<meta property=\"og:image:width\" content=\"1920\" \/>\n\t<meta property=\"og:image:height\" content=\"1440\" \/>\n\t<meta property=\"og:image:type\" content=\"image\/png\" \/>\n<meta name=\"twitter:card\" content=\"summary_large_image\" \/>\n<meta name=\"twitter:label1\" content=\"Est. reading time\" \/>\n\t<meta name=\"twitter:data1\" content=\"1 \u043c\u0438\u043d\u0443\u0442\u0430\" \/>\n<script type=\"application\/ld+json\" class=\"yoast-schema-graph\">{\"@context\":\"https:\\\/\\\/schema.org\",\"@graph\":[{\"@type\":\"WebPage\",\"@id\":\"https:\\\/\\\/avisec.az\\\/az\\\/solutions-by-scenario\\\/\",\"url\":\"https:\\\/\\\/avisec.az\\\/az\\\/solutions-by-scenario\\\/\",\"name\":\"Solutions by Scenario - Texnologiya H\u0259ll\u0259ri\",\"isPartOf\":{\"@id\":\"https:\\\/\\\/avisec.az\\\/#website\"},\"primaryImageOfPage\":{\"@id\":\"https:\\\/\\\/avisec.az\\\/az\\\/solutions-by-scenario\\\/#primaryimage\"},\"image\":{\"@id\":\"https:\\\/\\\/avisec.az\\\/az\\\/solutions-by-scenario\\\/#primaryimage\"},\"thumbnailUrl\":\"https:\\\/\\\/avisec.az\\\/wp-content\\\/uploads\\\/2025\\\/08\\\/Innova-3.png\",\"datePublished\":\"2025-08-04T09:50:27+00:00\",\"dateModified\":\"2026-02-03T09:17:33+00:00\",\"description\":\"Entdecken Sie IT-L\u00f6sungen f\u00fcr reale Gesch\u00e4ftsherausforderungen \u2013 von Cloud-Migration \u00fcber Sicherheit und Effizienz bis hin zu digitalem Wachstum.\",\"breadcrumb\":{\"@id\":\"https:\\\/\\\/avisec.az\\\/az\\\/solutions-by-scenario\\\/#breadcrumb\"},\"inLanguage\":\"ru-RU\",\"potentialAction\":[{\"@type\":\"ReadAction\",\"target\":[\"https:\\\/\\\/avisec.az\\\/az\\\/solutions-by-scenario\\\/\"]}]},{\"@type\":\"ImageObject\",\"inLanguage\":\"ru-RU\",\"@id\":\"https:\\\/\\\/avisec.az\\\/az\\\/solutions-by-scenario\\\/#primaryimage\",\"url\":\"https:\\\/\\\/avisec.az\\\/wp-content\\\/uploads\\\/2025\\\/08\\\/Innova-3.png\",\"contentUrl\":\"https:\\\/\\\/avisec.az\\\/wp-content\\\/uploads\\\/2025\\\/08\\\/Innova-3.png\",\"width\":1920,\"height\":1440,\"caption\":\"Entdecken Sie IT-L\u00f6sungen f\u00fcr reale Gesch\u00e4ftsherausforderungen \u2013 von Cloud-Migration \u00fcber Sicherheit und Effizienz bis hin zu digitalem Wachstum.\"},{\"@type\":\"BreadcrumbList\",\"@id\":\"https:\\\/\\\/avisec.az\\\/az\\\/solutions-by-scenario\\\/#breadcrumb\",\"itemListElement\":[{\"@type\":\"ListItem\",\"position\":1,\"name\":\"Home\",\"item\":\"https:\\\/\\\/avisec.az\\\/\"},{\"@type\":\"ListItem\",\"position\":2,\"name\":\"Solutions by Scenario\"}]},{\"@type\":\"WebSite\",\"@id\":\"https:\\\/\\\/avisec.az\\\/#website\",\"url\":\"https:\\\/\\\/avisec.az\\\/\",\"name\":\"Avisec Texnologiya H\u0259ll\u0259ri\",\"description\":\"\u0130nnovasiyalar\u0131n G\u00fccl\u0259ndirilm\u0259si, M\u00fcv\u0259ff\u0259qiyy\u0259tin T\u0259min Edilm\u0259si.\",\"publisher\":{\"@id\":\"https:\\\/\\\/avisec.az\\\/#organization\"},\"alternateName\":\"Avisec Texnologiya H\u0259ll\u0259ri\",\"potentialAction\":[{\"@type\":\"SearchAction\",\"target\":{\"@type\":\"EntryPoint\",\"urlTemplate\":\"https:\\\/\\\/avisec.az\\\/?s={search_term_string}\"},\"query-input\":{\"@type\":\"PropertyValueSpecification\",\"valueRequired\":true,\"valueName\":\"search_term_string\"}}],\"inLanguage\":\"ru-RU\"},{\"@type\":\"Organization\",\"@id\":\"https:\\\/\\\/avisec.az\\\/#organization\",\"name\":\"Avisec Texnologiya H\u0259ll\u0259ri\",\"alternateName\":\"Avisec Technology Solutions\",\"url\":\"https:\\\/\\\/avisec.az\\\/\",\"logo\":{\"@type\":\"ImageObject\",\"inLanguage\":\"ru-RU\",\"@id\":\"https:\\\/\\\/avisec.az\\\/#\\\/schema\\\/logo\\\/image\\\/\",\"url\":\"https:\\\/\\\/avisec.az\\\/wp-content\\\/uploads\\\/2025\\\/07\\\/Untitled15_20251022140103.webp\",\"contentUrl\":\"https:\\\/\\\/avisec.az\\\/wp-content\\\/uploads\\\/2025\\\/07\\\/Untitled15_20251022140103.webp\",\"width\":500,\"height\":200,\"caption\":\"Avisec Texnologiya H\u0259ll\u0259ri\"},\"image\":{\"@id\":\"https:\\\/\\\/avisec.az\\\/#\\\/schema\\\/logo\\\/image\\\/\"}}]}<\/script>\n<!-- \/ Yoast SEO plugin. -->","yoast_head_json":{"title":"Solutions by Scenario - Texnologiya H\u0259ll\u0259ri","description":"Entdecken Sie IT-L\u00f6sungen f\u00fcr reale Gesch\u00e4ftsherausforderungen \u2013 von Cloud-Migration \u00fcber Sicherheit und Effizienz bis hin zu digitalem Wachstum.","robots":{"index":"index","follow":"follow","max-snippet":"max-snippet:-1","max-image-preview":"max-image-preview:large","max-video-preview":"max-video-preview:-1"},"canonical":"https:\/\/avisec.az\/ru\/solutions-by-scenario\/","og_locale":"ru_RU","og_type":"article","og_title":"Solutions by Scenario - Texnologiya H\u0259ll\u0259ri","og_description":"Entdecken Sie IT-L\u00f6sungen f\u00fcr reale Gesch\u00e4ftsherausforderungen \u2013 von Cloud-Migration \u00fcber Sicherheit und Effizienz bis hin zu digitalem Wachstum.","og_url":"https:\/\/avisec.az\/ru\/solutions-by-scenario\/","og_site_name":"Texnologiya H\u0259ll\u0259ri","article_modified_time":"2026-02-03T09:17:33+00:00","og_image":[{"width":1920,"height":1440,"url":"https:\/\/avisec.az\/wp-content\/uploads\/2025\/08\/Innova-3.png","type":"image\/png"}],"twitter_card":"summary_large_image","twitter_misc":{"Est. reading time":"1 \u043c\u0438\u043d\u0443\u0442\u0430"},"schema":{"@context":"https:\/\/schema.org","@graph":[{"@type":"WebPage","@id":"https:\/\/avisec.az\/az\/solutions-by-scenario\/","url":"https:\/\/avisec.az\/az\/solutions-by-scenario\/","name":"Solutions by Scenario - Texnologiya H\u0259ll\u0259ri","isPartOf":{"@id":"https:\/\/avisec.az\/#website"},"primaryImageOfPage":{"@id":"https:\/\/avisec.az\/az\/solutions-by-scenario\/#primaryimage"},"image":{"@id":"https:\/\/avisec.az\/az\/solutions-by-scenario\/#primaryimage"},"thumbnailUrl":"https:\/\/avisec.az\/wp-content\/uploads\/2025\/08\/Innova-3.png","datePublished":"2025-08-04T09:50:27+00:00","dateModified":"2026-02-03T09:17:33+00:00","description":"Entdecken Sie IT-L\u00f6sungen f\u00fcr reale Gesch\u00e4ftsherausforderungen \u2013 von Cloud-Migration \u00fcber Sicherheit und Effizienz bis hin zu digitalem Wachstum.","breadcrumb":{"@id":"https:\/\/avisec.az\/az\/solutions-by-scenario\/#breadcrumb"},"inLanguage":"ru-RU","potentialAction":[{"@type":"ReadAction","target":["https:\/\/avisec.az\/az\/solutions-by-scenario\/"]}]},{"@type":"ImageObject","inLanguage":"ru-RU","@id":"https:\/\/avisec.az\/az\/solutions-by-scenario\/#primaryimage","url":"https:\/\/avisec.az\/wp-content\/uploads\/2025\/08\/Innova-3.png","contentUrl":"https:\/\/avisec.az\/wp-content\/uploads\/2025\/08\/Innova-3.png","width":1920,"height":1440,"caption":"Entdecken Sie IT-L\u00f6sungen f\u00fcr reale Gesch\u00e4ftsherausforderungen \u2013 von Cloud-Migration \u00fcber Sicherheit und Effizienz bis hin zu digitalem Wachstum."},{"@type":"BreadcrumbList","@id":"https:\/\/avisec.az\/az\/solutions-by-scenario\/#breadcrumb","itemListElement":[{"@type":"ListItem","position":1,"name":"Home","item":"https:\/\/avisec.az\/"},{"@type":"ListItem","position":2,"name":"Solutions by Scenario"}]},{"@type":"WebSite","@id":"https:\/\/avisec.az\/#website","url":"https:\/\/avisec.az\/","name":"Avisec Texnologiya H\u0259ll\u0259ri","description":"\u0130nnovasiyalar\u0131n G\u00fccl\u0259ndirilm\u0259si, M\u00fcv\u0259ff\u0259qiyy\u0259tin T\u0259min Edilm\u0259si.","publisher":{"@id":"https:\/\/avisec.az\/#organization"},"alternateName":"Avisec Texnologiya H\u0259ll\u0259ri","potentialAction":[{"@type":"SearchAction","target":{"@type":"EntryPoint","urlTemplate":"https:\/\/avisec.az\/?s={search_term_string}"},"query-input":{"@type":"PropertyValueSpecification","valueRequired":true,"valueName":"search_term_string"}}],"inLanguage":"ru-RU"},{"@type":"Organization","@id":"https:\/\/avisec.az\/#organization","name":"Avisec Texnologiya H\u0259ll\u0259ri","alternateName":"Avisec Technology Solutions","url":"https:\/\/avisec.az\/","logo":{"@type":"ImageObject","inLanguage":"ru-RU","@id":"https:\/\/avisec.az\/#\/schema\/logo\/image\/","url":"https:\/\/avisec.az\/wp-content\/uploads\/2025\/07\/Untitled15_20251022140103.webp","contentUrl":"https:\/\/avisec.az\/wp-content\/uploads\/2025\/07\/Untitled15_20251022140103.webp","width":500,"height":200,"caption":"Avisec Texnologiya H\u0259ll\u0259ri"},"image":{"@id":"https:\/\/avisec.az\/#\/schema\/logo\/image\/"}}]}},"_links":{"self":[{"href":"https:\/\/avisec.az\/ru\/wp-json\/wp\/v2\/pages\/2081","targetHints":{"allow":["GET"]}}],"collection":[{"href":"https:\/\/avisec.az\/ru\/wp-json\/wp\/v2\/pages"}],"about":[{"href":"https:\/\/avisec.az\/ru\/wp-json\/wp\/v2\/types\/page"}],"author":[{"embeddable":true,"href":"https:\/\/avisec.az\/ru\/wp-json\/wp\/v2\/users\/1"}],"replies":[{"embeddable":true,"href":"https:\/\/avisec.az\/ru\/wp-json\/wp\/v2\/comments?post=2081"}],"version-history":[{"count":3,"href":"https:\/\/avisec.az\/ru\/wp-json\/wp\/v2\/pages\/2081\/revisions"}],"predecessor-version":[{"id":3616,"href":"https:\/\/avisec.az\/ru\/wp-json\/wp\/v2\/pages\/2081\/revisions\/3616"}],"wp:featuredmedia":[{"embeddable":true,"href":"https:\/\/avisec.az\/ru\/wp-json\/wp\/v2\/media\/2085"}],"wp:attachment":[{"href":"https:\/\/avisec.az\/ru\/wp-json\/wp\/v2\/media?parent=2081"}],"curies":[{"name":"wp","href":"https:\/\/api.w.org\/{rel}","templated":true}]}}