{"id":3353,"date":"2025-11-25T11:55:02","date_gmt":"2025-11-25T11:55:02","guid":{"rendered":"https:\/\/innova.megavisionint.az\/?page_id=3353"},"modified":"2025-11-26T07:42:18","modified_gmt":"2025-11-26T07:42:18","slug":"fiziki-t%c9%99hluk%c9%99sizlik","status":"publish","type":"page","link":"https:\/\/avisec.az\/ru\/fiziki-t%c9%99hluk%c9%99sizlik\/","title":{"rendered":"Fiziki\u00a0t\u0259hl\u00fck\u0259sizlik"},"content":{"rendered":"<div data-elementor-type=\"wp-page\" data-elementor-id=\"3353\" class=\"elementor elementor-3353\" data-elementor-post-type=\"page\">\n\t\t\t\t<div class=\"elementor-element elementor-element-8ba5d10 e-flex e-con-boxed e-con e-parent\" data-id=\"8ba5d10\" data-element_type=\"container\" data-e-type=\"container\">\n\t\t\t\t\t<div class=\"e-con-inner\">\n\t\t<div class=\"elementor-element elementor-element-b81ca85 e-con-full e-flex e-con e-child\" data-id=\"b81ca85\" data-element_type=\"container\" data-e-type=\"container\" data-settings=\"{&quot;background_background&quot;:&quot;classic&quot;}\">\n\t\t\t\t<div class=\"elementor-element elementor-element-4bdb8ef elementor-widget elementor-widget-theme-post-title elementor-page-title elementor-widget-heading\" data-id=\"4bdb8ef\" data-element_type=\"widget\" data-e-type=\"widget\" data-widget_type=\"theme-post-title.default\">\n\t\t\t\t\t<h1 class=\"elementor-heading-title elementor-size-default\">Fiziki\u00a0t\u0259hl\u00fck\u0259sizlik<\/h1>\t\t\t\t<\/div>\n\t\t\t\t<\/div>\n\t\t\t\t\t<\/div>\n\t\t\t\t<\/div>\n\t\t<div class=\"elementor-element elementor-element-54286a0 e-flex e-con-boxed e-con e-parent\" data-id=\"54286a0\" data-element_type=\"container\" data-e-type=\"container\">\n\t\t\t\t\t<div class=\"e-con-inner\">\n\t\t\t\t<div class=\"elementor-element elementor-element-c6dd5c4 elementor-widget elementor-widget-text-editor\" data-id=\"c6dd5c4\" data-element_type=\"widget\" data-e-type=\"widget\" data-widget_type=\"text-editor.default\">\n\t\t\t\t\t\t\t\t\t<p><span dir=\"auto\"><span class=\"\" dir=\"auto\">R\u0259q\u0259msal d\u00f6vr\u0259 q\u0259d\u0259m qoydu\u011fumuzdan b\u0259ri t\u0259hl\u00fck\u0259sizlik bazar\u0131 s\u00fcr\u0259tl\u0259 geni\u015fl\u0259ndi v\u0259 b\u00f6y\u00fcm\u0259nin davam ed\u0259c\u0259yi proqnozla\u015fd\u0131r\u0131l\u0131r. Art\u0131m texnoloji s\u0131\u00e7ray\u0131\u015flar v\u0259 yeni imkanlar g\u0259tirdi.\u00a0\u00a0<\/span><\/span><span lang=\"en\"><span dir=\"auto\"><span class=\"\" dir=\"auto\">Videom\u00fc\u015fahid\u0259 v\u0259 CCTV sisteml\u0259ri bu g\u00fcn h\u0259m m\u00fc\u0259ssis\u0259l\u0259r, h\u0259m d\u0259 ya\u015fay\u0131\u015f binalar\u0131 \u00fc\u00e7\u00fcn t\u0259hl\u00fck\u0259sizliyin t\u0259min edilm\u0259sinin t\u0259rkib hiss\u0259sidir.<\/span><\/span><\/span><\/p><p><span dir=\"auto\">Yerl\u0259\u015fdirilmi\u015f t\u0259hl\u00fck\u0259sizlik sisteml\u0259ri ki\u00e7ik biznesl\u0259r \u00fc\u00e7\u00fcn uzaqdan saxlama v\u0259 asanl\u0131qla uzaqdan giri\u015f imkan\u0131 il\u0259 q\u00fcsursuz v\u0259 etibarl\u0131 n\u0259zar\u0259t t\u0259klif edir. Buraya virtual m\u00fchafiz\u0259 turlar\u0131 \u00fc\u00e7\u00fcn \u00fc\u00e7\u00fcnc\u00fc t\u0259r\u0259f xidm\u0259tl\u0259ri il\u0259 inteqrasiya v\u0259 h\u0259y\u0259can siqnallar\u0131n\u0131n uzaqdan yoxlan\u0131lmas\u0131, sad\u0259c\u0259 video monitorinqd\u0259n k\u0259nar \u00fcmumi t\u0259hl\u00fck\u0259sizlik t\u0259dbirl\u0259rinin g\u00fccl\u0259ndirilm\u0259si daxildir.<\/span><\/p>\t\t\t\t\t\t\t\t<\/div>\n\t\t\t\t\t<\/div>\n\t\t\t\t<\/div>\n\t\t<div class=\"elementor-element elementor-element-3fe3883 e-flex e-con-boxed e-con e-parent\" data-id=\"3fe3883\" data-element_type=\"container\" data-e-type=\"container\">\n\t\t\t\t\t<div class=\"e-con-inner\">\n\t\t<div class=\"elementor-element elementor-element-72c96e2 e-con-full e-flex e-con e-child\" data-id=\"72c96e2\" data-element_type=\"container\" data-e-type=\"container\">\n\t\t\t\t<div class=\"elementor-element elementor-element-d0c56d3 elementor-widget elementor-widget-heading\" data-id=\"d0c56d3\" data-element_type=\"widget\" data-e-type=\"widget\" data-widget_type=\"heading.default\">\n\t\t\t\t\t<h2 class=\"elementor-heading-title elementor-size-default\">T\u0259hl\u00fck\u0259sizlik M\u00fcf\u0259tti\u015fliyi\n<\/h2>\t\t\t\t<\/div>\n\t\t\t\t<div class=\"elementor-element elementor-element-3bae273 elementor-widget elementor-widget-text-editor\" data-id=\"3bae273\" data-element_type=\"widget\" data-e-type=\"widget\" data-widget_type=\"text-editor.default\">\n\t\t\t\t\t\t\t\t\t<ul><li><span dir=\"auto\"><span dir=\"auto\">Simsiz m\u00fcdaxil\u0259 siqnal\u0131<\/span><\/span><\/li><li><span dir=\"auto\"><span dir=\"auto\">N\u0259zar\u0259t\u00e7il\u0259r<\/span><\/span><\/li><li><span dir=\"auto\"><span dir=\"auto\">\u00dcz tan\u0131ma<\/span><\/span><\/li><li><span dir=\"auto\"><span dir=\"auto\">Terminallar<\/span><\/span><\/li><li><span dir=\"auto\"><span dir=\"auto\">\u0130nteraktiv D\u00fcz Panell\u0259r<\/span><\/span><\/li><li><span dir=\"auto\"><span dir=\"auto\">Barmaq izi terminallar\u0131<\/span><\/span><\/li><li><span dir=\"auto\"><span dir=\"auto\">Rentgen m\u00fcayin\u0259si<\/span><\/span><\/li><li><span dir=\"auto\"><span dir=\"auto\">Metal Detektorlar<\/span><\/span><\/li><\/ul>\t\t\t\t\t\t\t\t<\/div>\n\t\t\t\t<\/div>\n\t\t<div class=\"elementor-element elementor-element-62570f1 e-con-full e-flex e-con e-child\" data-id=\"62570f1\" data-element_type=\"container\" data-e-type=\"container\">\n\t\t\t\t<div class=\"elementor-element elementor-element-b1c551d elementor-widget elementor-widget-heading\" data-id=\"b1c551d\" data-element_type=\"widget\" data-e-type=\"widget\" data-widget_type=\"heading.default\">\n\t\t\t\t\t<h2 class=\"elementor-heading-title elementor-size-default\">Logistika\n<\/h2>\t\t\t\t<\/div>\n\t\t\t\t<div class=\"elementor-element elementor-element-6a03317 elementor-widget elementor-widget-text-editor\" data-id=\"6a03317\" data-element_type=\"widget\" data-e-type=\"widget\" data-widget_type=\"text-editor.default\">\n\t\t\t\t\t\t\t\t\t<ul><li><span dir=\"auto\"><span dir=\"auto\">Giri\u015f v\u0259 \u00c7\u0131x\u0131\u015f<\/span><\/span><\/li><li><span dir=\"auto\"><span dir=\"auto\">\u0130dar\u0259etm\u0259<\/span><\/span><\/li><li><span dir=\"auto\"><span dir=\"auto\">X\u0259tt Da\u015f\u0131ma \u0130dar\u0259etm\u0259<\/span><\/span><\/li><li><span dir=\"auto\"><span dir=\"auto\">Davaml\u0131l\u0131q vaxt\u0131<\/span><\/span><\/li><li><span dir=\"auto\"><span dir=\"auto\">Giri\u015f n\u0259zar\u0259ti<\/span><\/span><\/li><li><span dir=\"auto\"><span dir=\"auto\">Doc Management<\/span><\/span><\/li><li><span dir=\"auto\"><span dir=\"auto\">Parsel \u0130zl\u0259m\u0259<\/span><\/span><\/li><li><span dir=\"auto\"><span dir=\"auto\">Anbarlar<\/span><\/span><\/li><\/ul>\t\t\t\t\t\t\t\t<\/div>\n\t\t\t\t<\/div>\n\t\t<div class=\"elementor-element elementor-element-e583875 e-con-full e-flex e-con e-child\" data-id=\"e583875\" data-element_type=\"container\" data-e-type=\"container\">\n\t\t\t\t<div class=\"elementor-element elementor-element-ef9699c elementor-widget elementor-widget-heading\" data-id=\"ef9699c\" data-element_type=\"widget\" data-e-type=\"widget\" data-widget_type=\"heading.default\">\n\t\t\t\t\t<h2 class=\"elementor-heading-title elementor-size-default\">T\u0259hsil\n<\/h2>\t\t\t\t<\/div>\n\t\t\t\t<div class=\"elementor-element elementor-element-7d65d2e elementor-widget elementor-widget-text-editor\" data-id=\"7d65d2e\" data-element_type=\"widget\" data-e-type=\"widget\" data-widget_type=\"text-editor.default\">\n\t\t\t\t\t\t\t\t\t<ul><li><span dir=\"auto\"><span dir=\"auto\">Perimetr qorunmas\u0131<\/span><\/span><\/li><li><span dir=\"auto\"><span dir=\"auto\">Ziyar\u0259t\u00e7il\u0259rin idar\u0259 edilm\u0259si<\/span><\/span><\/li><li><span dir=\"auto\"><span dir=\"auto\">M\u0259lumat g\u00f6st\u0259rilir<\/span><\/span><\/li><li><span dir=\"auto\"><span dir=\"auto\">Distant t\u0259hsil<\/span><\/span><\/li><li><span dir=\"auto\"><span dir=\"auto\">Sinif m\u0259rk\u0259zl\u0259ri<\/span><\/span><\/li><li><span dir=\"auto\"><span dir=\"auto\">M\u0259kt\u0259bl\u0259r<\/span><\/span><\/li><\/ul>\t\t\t\t\t\t\t\t<\/div>\n\t\t\t\t<\/div>\n\t\t\t\t\t<\/div>\n\t\t\t\t<\/div>\n\t\t<div class=\"elementor-element elementor-element-20464ef e-flex e-con-boxed e-con e-parent\" data-id=\"20464ef\" data-element_type=\"container\" data-e-type=\"container\">\n\t\t\t\t\t<div class=\"e-con-inner\">\n\t\t<div class=\"elementor-element elementor-element-c9b55fa e-con-full e-flex e-con e-child\" data-id=\"c9b55fa\" data-element_type=\"container\" data-e-type=\"container\">\n\t\t\t\t<div class=\"elementor-element elementor-element-9ba1aee elementor-widget elementor-widget-heading\" data-id=\"9ba1aee\" data-element_type=\"widget\" data-e-type=\"widget\" data-widget_type=\"heading.default\">\n\t\t\t\t\t<h2 class=\"elementor-heading-title elementor-size-default\">\u0130ctimai N\u0259qliyyat\n<\/h2>\t\t\t\t<\/div>\n\t\t\t\t<div class=\"elementor-element elementor-element-309dcec elementor-widget elementor-widget-text-editor\" data-id=\"309dcec\" data-element_type=\"widget\" data-e-type=\"widget\" data-widget_type=\"text-editor.default\">\n\t\t\t\t\t\t\t\t\t<ul><li><span dir=\"auto\"><span class=\"\" dir=\"auto\">T\u0259yyar\u0259d\u0259 tranzit avtobus<\/span><\/span><\/li><li><span dir=\"auto\"><span dir=\"auto\">S\u0259rni\u015finl\u0259rin say\u0131lmas\u0131<\/span><\/span><\/li><li><span dir=\"auto\"><span dir=\"auto\">S\u00fcr\u00fcc\u00fcl\u00fck Yard\u0131m\u0131<\/span><\/span><\/li><li><span dir=\"auto\"><span dir=\"auto\">Avtobus dayanacaqlar\u0131<\/span><\/span><\/li><\/ul>\t\t\t\t\t\t\t\t<\/div>\n\t\t\t\t<\/div>\n\t\t<div class=\"elementor-element elementor-element-0049fd5 e-con-full e-flex e-con e-child\" data-id=\"0049fd5\" data-element_type=\"container\" data-e-type=\"container\">\n\t\t\t\t<div class=\"elementor-element elementor-element-03e5346 elementor-widget elementor-widget-heading\" data-id=\"03e5346\" data-element_type=\"widget\" data-e-type=\"widget\" data-widget_type=\"heading.default\">\n\t\t\t\t\t<h2 class=\"elementor-heading-title elementor-size-default\">P\u0259rak\u0259nd\u0259 sat\u0131\u015f<\/h2>\t\t\t\t<\/div>\n\t\t\t\t<div class=\"elementor-element elementor-element-492c409 elementor-widget elementor-widget-text-editor\" data-id=\"492c409\" data-element_type=\"widget\" data-e-type=\"widget\" data-widget_type=\"text-editor.default\">\n\t\t\t\t\t\t\t\t\t<ul><li><span dir=\"auto\"><span dir=\"auto\">Al\u0131\u015f-veri\u015f m\u0259rk\u0259zl\u0259ri<\/span><\/span><\/li><li><span dir=\"auto\"><span dir=\"auto\">Supermarketl\u0259r<\/span><\/span><\/li><li><span dir=\"auto\"><span dir=\"auto\">Dayanacaq<\/span><\/span><\/li><li><span dir=\"auto\"><span dir=\"auto\">Yanacaqdoldurma m\u0259nt\u0259q\u0259l\u0259ri<\/span><\/span><\/li><\/ul>\t\t\t\t\t\t\t\t<\/div>\n\t\t\t\t<\/div>\n\t\t<div class=\"elementor-element elementor-element-c7026f1 e-con-full e-flex e-con e-child\" data-id=\"c7026f1\" data-element_type=\"container\" data-e-type=\"container\">\n\t\t\t\t<div class=\"elementor-element elementor-element-515339b elementor-widget elementor-widget-heading\" data-id=\"515339b\" data-element_type=\"widget\" data-e-type=\"widget\" data-widget_type=\"heading.default\">\n\t\t\t\t\t<h2 class=\"elementor-heading-title elementor-size-default\">S\u0259hiyy\u0259<\/h2>\t\t\t\t<\/div>\n\t\t\t\t<div class=\"elementor-element elementor-element-33f9b34 elementor-widget elementor-widget-text-editor\" data-id=\"33f9b34\" data-element_type=\"widget\" data-e-type=\"widget\" data-widget_type=\"text-editor.default\">\n\t\t\t\t\t\t\t\t\t<ul><li><span dir=\"auto\"><span dir=\"auto\">X\u0259st\u0259xanalar<\/span><\/span><\/li><li><span dir=\"auto\"><span dir=\"auto\">Radar sensorlar\u0131<\/span><\/span><\/li><li><span dir=\"auto\"><span dir=\"auto\">M\u0259nzill\u0259r<\/span><\/span><\/li><\/ul>\t\t\t\t\t\t\t\t<\/div>\n\t\t\t\t<\/div>\n\t\t\t\t\t<\/div>\n\t\t\t\t<\/div>\n\t\t\t\t<\/div>","protected":false},"excerpt":{"rendered":"<p>R\u0259q\u0259msal d\u00f6vr\u0259 q\u0259d\u0259m qoydu\u011fumuzdan b\u0259ri t\u0259hl\u00fck\u0259sizlik bazar\u0131 s\u00fcr\u0259tl\u0259 geni\u015fl\u0259ndi v\u0259 b\u00f6y\u00fcm\u0259nin davam ed\u0259c\u0259yi proqnozla\u015fd\u0131r\u0131l\u0131r. Art\u0131m texnoloji s\u0131\u00e7ray\u0131\u015flar v\u0259 yeni imkanlar g\u0259tirdi.  Videom\u00fc\u015fahid\u0259 v\u0259 CCTV sisteml\u0259ri bu g\u00fcn h\u0259m m\u00fc\u0259ssis\u0259l\u0259r, h\u0259m d\u0259 ya\u015fay\u0131\u015f binalar\u0131 \u00fc\u00e7\u00fcn t\u0259hl\u00fck\u0259sizliyin t\u0259min edilm\u0259sinin t\u0259rkib hiss\u0259sidir.<\/p>\n<p>Yerl\u0259\u015fdirilmi\u015f t\u0259hl\u00fck\u0259sizlik sisteml\u0259ri ki\u00e7ik biznesl\u0259r \u00fc\u00e7\u00fcn uzaqdan saxlama v\u0259 asanl\u0131qla uzaqdan giri\u015f imkan\u0131 il\u0259 q\u00fcsursuz v\u0259 etibarl\u0131 n\u0259zar\u0259t t\u0259klif edir. Buraya virtual m\u00fchafiz\u0259 turlar\u0131 \u00fc\u00e7\u00fcn \u00fc\u00e7\u00fcnc\u00fc t\u0259r\u0259f xidm\u0259tl\u0259ri il\u0259 inteqrasiya v\u0259 h\u0259y\u0259can siqnallar\u0131n\u0131n uzaqdan yoxlan\u0131lmas\u0131, sad\u0259c\u0259 video monitorinqd\u0259n k\u0259nar \u00fcmumi t\u0259hl\u00fck\u0259sizlik t\u0259dbirl\u0259rinin g\u00fccl\u0259ndirilm\u0259si daxildir.<\/p>","protected":false},"author":1,"featured_media":3354,"parent":0,"menu_order":0,"comment_status":"closed","ping_status":"closed","template":"elementor_header_footer","meta":{"footnotes":""},"class_list":["post-3353","page","type-page","status-publish","has-post-thumbnail","hentry"],"yoast_head":"<!-- This site is optimized with the Yoast SEO plugin v27.4 - https:\/\/yoast.com\/product\/yoast-seo-wordpress\/ -->\n<title>Fiziki\u00a0t\u0259hl\u00fck\u0259sizlik - Texnologiya H\u0259ll\u0259ri<\/title>\n<meta name=\"description\" content=\"AVISEC biznes v\u0259 s\u0259naye obyektl\u0259ri \u00fc\u00e7\u00fcn video m\u00fc\u015fahid\u0259, giri\u015f idar\u0259etm\u0259 v\u0259 t\u0259hl\u00fck\u0259sizlik sisteml\u0259rinin layih\u0259l\u0259ndirilm\u0259si v\u0259 t\u0259tbiqi xidm\u0259tl\u0259rini t\u0259qdim edir.\" \/>\n<meta name=\"robots\" content=\"index, follow, max-snippet:-1, max-image-preview:large, max-video-preview:-1\" \/>\n<link rel=\"canonical\" href=\"https:\/\/avisec.az\/ru\/fiziki-t\u0259hluk\u0259sizlik\/\" \/>\n<meta property=\"og:locale\" content=\"ru_RU\" \/>\n<meta property=\"og:type\" content=\"article\" \/>\n<meta property=\"og:title\" content=\"Fiziki\u00a0t\u0259hl\u00fck\u0259sizlik - Texnologiya H\u0259ll\u0259ri\" \/>\n<meta property=\"og:description\" content=\"AVISEC biznes v\u0259 s\u0259naye obyektl\u0259ri \u00fc\u00e7\u00fcn video m\u00fc\u015fahid\u0259, giri\u015f idar\u0259etm\u0259 v\u0259 t\u0259hl\u00fck\u0259sizlik sisteml\u0259rinin layih\u0259l\u0259ndirilm\u0259si v\u0259 t\u0259tbiqi xidm\u0259tl\u0259rini t\u0259qdim edir.\" \/>\n<meta property=\"og:url\" content=\"https:\/\/avisec.az\/ru\/fiziki-t\u0259hluk\u0259sizlik\/\" \/>\n<meta property=\"og:site_name\" content=\"Texnologiya H\u0259ll\u0259ri\" \/>\n<meta property=\"article:modified_time\" content=\"2025-11-26T07:42:18+00:00\" \/>\n<meta property=\"og:image\" content=\"https:\/\/avisec.az\/wp-content\/uploads\/2025\/11\/9256-1-e1713509807597.webp\" \/>\n\t<meta property=\"og:image:width\" content=\"1000\" \/>\n\t<meta property=\"og:image:height\" content=\"341\" \/>\n\t<meta property=\"og:image:type\" content=\"image\/webp\" \/>\n<meta name=\"twitter:card\" content=\"summary_large_image\" \/>\n<meta name=\"twitter:label1\" content=\"Est. reading time\" \/>\n\t<meta name=\"twitter:data1\" content=\"1 \u043c\u0438\u043d\u0443\u0442\u0430\" \/>\n<script type=\"application\/ld+json\" class=\"yoast-schema-graph\">{\"@context\":\"https:\\\/\\\/schema.org\",\"@graph\":[{\"@type\":\"WebPage\",\"@id\":\"https:\\\/\\\/avisec.az\\\/fiziki-t%c9%99hluk%c9%99sizlik\\\/\",\"url\":\"https:\\\/\\\/avisec.az\\\/fiziki-t%c9%99hluk%c9%99sizlik\\\/\",\"name\":\"Fiziki\u00a0t\u0259hl\u00fck\u0259sizlik - Texnologiya H\u0259ll\u0259ri\",\"isPartOf\":{\"@id\":\"https:\\\/\\\/avisec.az\\\/#website\"},\"primaryImageOfPage\":{\"@id\":\"https:\\\/\\\/avisec.az\\\/fiziki-t%c9%99hluk%c9%99sizlik\\\/#primaryimage\"},\"image\":{\"@id\":\"https:\\\/\\\/avisec.az\\\/fiziki-t%c9%99hluk%c9%99sizlik\\\/#primaryimage\"},\"thumbnailUrl\":\"https:\\\/\\\/avisec.az\\\/wp-content\\\/uploads\\\/2025\\\/11\\\/9256-1-e1713509807597.webp\",\"datePublished\":\"2025-11-25T11:55:02+00:00\",\"dateModified\":\"2025-11-26T07:42:18+00:00\",\"description\":\"AVISEC biznes v\u0259 s\u0259naye obyektl\u0259ri \u00fc\u00e7\u00fcn video m\u00fc\u015fahid\u0259, giri\u015f idar\u0259etm\u0259 v\u0259 t\u0259hl\u00fck\u0259sizlik sisteml\u0259rinin layih\u0259l\u0259ndirilm\u0259si v\u0259 t\u0259tbiqi xidm\u0259tl\u0259rini t\u0259qdim edir.\",\"breadcrumb\":{\"@id\":\"https:\\\/\\\/avisec.az\\\/fiziki-t%c9%99hluk%c9%99sizlik\\\/#breadcrumb\"},\"inLanguage\":\"ru-RU\",\"potentialAction\":[{\"@type\":\"ReadAction\",\"target\":[\"https:\\\/\\\/avisec.az\\\/fiziki-t%c9%99hluk%c9%99sizlik\\\/\"]}]},{\"@type\":\"ImageObject\",\"inLanguage\":\"ru-RU\",\"@id\":\"https:\\\/\\\/avisec.az\\\/fiziki-t%c9%99hluk%c9%99sizlik\\\/#primaryimage\",\"url\":\"https:\\\/\\\/avisec.az\\\/wp-content\\\/uploads\\\/2025\\\/11\\\/9256-1-e1713509807597.webp\",\"contentUrl\":\"https:\\\/\\\/avisec.az\\\/wp-content\\\/uploads\\\/2025\\\/11\\\/9256-1-e1713509807597.webp\",\"width\":1000,\"height\":341},{\"@type\":\"BreadcrumbList\",\"@id\":\"https:\\\/\\\/avisec.az\\\/fiziki-t%c9%99hluk%c9%99sizlik\\\/#breadcrumb\",\"itemListElement\":[{\"@type\":\"ListItem\",\"position\":1,\"name\":\"Home\",\"item\":\"https:\\\/\\\/avisec.az\\\/\"},{\"@type\":\"ListItem\",\"position\":2,\"name\":\"Fiziki\u00a0t\u0259hl\u00fck\u0259sizlik\"}]},{\"@type\":\"WebSite\",\"@id\":\"https:\\\/\\\/avisec.az\\\/#website\",\"url\":\"https:\\\/\\\/avisec.az\\\/\",\"name\":\"Avisec Texnologiya H\u0259ll\u0259ri\",\"description\":\"\u0130nnovasiyalar\u0131n G\u00fccl\u0259ndirilm\u0259si, M\u00fcv\u0259ff\u0259qiyy\u0259tin T\u0259min Edilm\u0259si.\",\"publisher\":{\"@id\":\"https:\\\/\\\/avisec.az\\\/#organization\"},\"alternateName\":\"Avisec Texnologiya H\u0259ll\u0259ri\",\"potentialAction\":[{\"@type\":\"SearchAction\",\"target\":{\"@type\":\"EntryPoint\",\"urlTemplate\":\"https:\\\/\\\/avisec.az\\\/?s={search_term_string}\"},\"query-input\":{\"@type\":\"PropertyValueSpecification\",\"valueRequired\":true,\"valueName\":\"search_term_string\"}}],\"inLanguage\":\"ru-RU\"},{\"@type\":\"Organization\",\"@id\":\"https:\\\/\\\/avisec.az\\\/#organization\",\"name\":\"Avisec Texnologiya H\u0259ll\u0259ri\",\"alternateName\":\"Avisec Technology Solutions\",\"url\":\"https:\\\/\\\/avisec.az\\\/\",\"logo\":{\"@type\":\"ImageObject\",\"inLanguage\":\"ru-RU\",\"@id\":\"https:\\\/\\\/avisec.az\\\/#\\\/schema\\\/logo\\\/image\\\/\",\"url\":\"https:\\\/\\\/avisec.az\\\/wp-content\\\/uploads\\\/2025\\\/07\\\/Untitled15_20251022140103.webp\",\"contentUrl\":\"https:\\\/\\\/avisec.az\\\/wp-content\\\/uploads\\\/2025\\\/07\\\/Untitled15_20251022140103.webp\",\"width\":500,\"height\":200,\"caption\":\"Avisec Texnologiya H\u0259ll\u0259ri\"},\"image\":{\"@id\":\"https:\\\/\\\/avisec.az\\\/#\\\/schema\\\/logo\\\/image\\\/\"}}]}<\/script>\n<!-- \/ Yoast SEO plugin. -->","yoast_head_json":{"title":"Fiziki\u00a0t\u0259hl\u00fck\u0259sizlik - Texnologiya H\u0259ll\u0259ri","description":"AVISEC biznes v\u0259 s\u0259naye obyektl\u0259ri \u00fc\u00e7\u00fcn video m\u00fc\u015fahid\u0259, giri\u015f idar\u0259etm\u0259 v\u0259 t\u0259hl\u00fck\u0259sizlik sisteml\u0259rinin layih\u0259l\u0259ndirilm\u0259si v\u0259 t\u0259tbiqi xidm\u0259tl\u0259rini t\u0259qdim edir.","robots":{"index":"index","follow":"follow","max-snippet":"max-snippet:-1","max-image-preview":"max-image-preview:large","max-video-preview":"max-video-preview:-1"},"canonical":"https:\/\/avisec.az\/ru\/fiziki-t\u0259hluk\u0259sizlik\/","og_locale":"ru_RU","og_type":"article","og_title":"Fiziki\u00a0t\u0259hl\u00fck\u0259sizlik - Texnologiya H\u0259ll\u0259ri","og_description":"AVISEC biznes v\u0259 s\u0259naye obyektl\u0259ri \u00fc\u00e7\u00fcn video m\u00fc\u015fahid\u0259, giri\u015f idar\u0259etm\u0259 v\u0259 t\u0259hl\u00fck\u0259sizlik sisteml\u0259rinin layih\u0259l\u0259ndirilm\u0259si v\u0259 t\u0259tbiqi xidm\u0259tl\u0259rini t\u0259qdim edir.","og_url":"https:\/\/avisec.az\/ru\/fiziki-t\u0259hluk\u0259sizlik\/","og_site_name":"Texnologiya H\u0259ll\u0259ri","article_modified_time":"2025-11-26T07:42:18+00:00","og_image":[{"width":1000,"height":341,"url":"https:\/\/avisec.az\/wp-content\/uploads\/2025\/11\/9256-1-e1713509807597.webp","type":"image\/webp"}],"twitter_card":"summary_large_image","twitter_misc":{"Est. reading time":"1 \u043c\u0438\u043d\u0443\u0442\u0430"},"schema":{"@context":"https:\/\/schema.org","@graph":[{"@type":"WebPage","@id":"https:\/\/avisec.az\/fiziki-t%c9%99hluk%c9%99sizlik\/","url":"https:\/\/avisec.az\/fiziki-t%c9%99hluk%c9%99sizlik\/","name":"Fiziki\u00a0t\u0259hl\u00fck\u0259sizlik - Texnologiya H\u0259ll\u0259ri","isPartOf":{"@id":"https:\/\/avisec.az\/#website"},"primaryImageOfPage":{"@id":"https:\/\/avisec.az\/fiziki-t%c9%99hluk%c9%99sizlik\/#primaryimage"},"image":{"@id":"https:\/\/avisec.az\/fiziki-t%c9%99hluk%c9%99sizlik\/#primaryimage"},"thumbnailUrl":"https:\/\/avisec.az\/wp-content\/uploads\/2025\/11\/9256-1-e1713509807597.webp","datePublished":"2025-11-25T11:55:02+00:00","dateModified":"2025-11-26T07:42:18+00:00","description":"AVISEC biznes v\u0259 s\u0259naye obyektl\u0259ri \u00fc\u00e7\u00fcn video m\u00fc\u015fahid\u0259, giri\u015f idar\u0259etm\u0259 v\u0259 t\u0259hl\u00fck\u0259sizlik sisteml\u0259rinin layih\u0259l\u0259ndirilm\u0259si v\u0259 t\u0259tbiqi xidm\u0259tl\u0259rini t\u0259qdim edir.","breadcrumb":{"@id":"https:\/\/avisec.az\/fiziki-t%c9%99hluk%c9%99sizlik\/#breadcrumb"},"inLanguage":"ru-RU","potentialAction":[{"@type":"ReadAction","target":["https:\/\/avisec.az\/fiziki-t%c9%99hluk%c9%99sizlik\/"]}]},{"@type":"ImageObject","inLanguage":"ru-RU","@id":"https:\/\/avisec.az\/fiziki-t%c9%99hluk%c9%99sizlik\/#primaryimage","url":"https:\/\/avisec.az\/wp-content\/uploads\/2025\/11\/9256-1-e1713509807597.webp","contentUrl":"https:\/\/avisec.az\/wp-content\/uploads\/2025\/11\/9256-1-e1713509807597.webp","width":1000,"height":341},{"@type":"BreadcrumbList","@id":"https:\/\/avisec.az\/fiziki-t%c9%99hluk%c9%99sizlik\/#breadcrumb","itemListElement":[{"@type":"ListItem","position":1,"name":"Home","item":"https:\/\/avisec.az\/"},{"@type":"ListItem","position":2,"name":"Fiziki\u00a0t\u0259hl\u00fck\u0259sizlik"}]},{"@type":"WebSite","@id":"https:\/\/avisec.az\/#website","url":"https:\/\/avisec.az\/","name":"Avisec Texnologiya H\u0259ll\u0259ri","description":"\u0130nnovasiyalar\u0131n G\u00fccl\u0259ndirilm\u0259si, M\u00fcv\u0259ff\u0259qiyy\u0259tin T\u0259min Edilm\u0259si.","publisher":{"@id":"https:\/\/avisec.az\/#organization"},"alternateName":"Avisec Texnologiya H\u0259ll\u0259ri","potentialAction":[{"@type":"SearchAction","target":{"@type":"EntryPoint","urlTemplate":"https:\/\/avisec.az\/?s={search_term_string}"},"query-input":{"@type":"PropertyValueSpecification","valueRequired":true,"valueName":"search_term_string"}}],"inLanguage":"ru-RU"},{"@type":"Organization","@id":"https:\/\/avisec.az\/#organization","name":"Avisec Texnologiya H\u0259ll\u0259ri","alternateName":"Avisec Technology Solutions","url":"https:\/\/avisec.az\/","logo":{"@type":"ImageObject","inLanguage":"ru-RU","@id":"https:\/\/avisec.az\/#\/schema\/logo\/image\/","url":"https:\/\/avisec.az\/wp-content\/uploads\/2025\/07\/Untitled15_20251022140103.webp","contentUrl":"https:\/\/avisec.az\/wp-content\/uploads\/2025\/07\/Untitled15_20251022140103.webp","width":500,"height":200,"caption":"Avisec Texnologiya H\u0259ll\u0259ri"},"image":{"@id":"https:\/\/avisec.az\/#\/schema\/logo\/image\/"}}]}},"_links":{"self":[{"href":"https:\/\/avisec.az\/ru\/wp-json\/wp\/v2\/pages\/3353","targetHints":{"allow":["GET"]}}],"collection":[{"href":"https:\/\/avisec.az\/ru\/wp-json\/wp\/v2\/pages"}],"about":[{"href":"https:\/\/avisec.az\/ru\/wp-json\/wp\/v2\/types\/page"}],"author":[{"embeddable":true,"href":"https:\/\/avisec.az\/ru\/wp-json\/wp\/v2\/users\/1"}],"replies":[{"embeddable":true,"href":"https:\/\/avisec.az\/ru\/wp-json\/wp\/v2\/comments?post=3353"}],"version-history":[{"count":4,"href":"https:\/\/avisec.az\/ru\/wp-json\/wp\/v2\/pages\/3353\/revisions"}],"predecessor-version":[{"id":3421,"href":"https:\/\/avisec.az\/ru\/wp-json\/wp\/v2\/pages\/3353\/revisions\/3421"}],"wp:featuredmedia":[{"embeddable":true,"href":"https:\/\/avisec.az\/ru\/wp-json\/wp\/v2\/media\/3354"}],"wp:attachment":[{"href":"https:\/\/avisec.az\/ru\/wp-json\/wp\/v2\/media?parent=3353"}],"curies":[{"name":"wp","href":"https:\/\/api.w.org\/{rel}","templated":true}]}}